{"id":4526,"date":"2023-04-20T18:35:48","date_gmt":"2023-04-20T16:35:48","guid":{"rendered":"http:\/\/www.vgrstore.tn\/?post_type=product&#038;p=4526"},"modified":"2026-04-03T14:20:37","modified_gmt":"2026-04-03T12:20:37","slug":"v-070-tondeuse-a-cheveux-tondeuse-a-barbe-pour-hommes","status":"publish","type":"product","link":"https:\/\/www.tondeusetunisie.tn\/index.php\/product\/v-070-tondeuse-a-cheveux-tondeuse-a-barbe-pour-hommes\/","title":{"rendered":"V-070 Tondeuse \u00e0 cheveux Tondeuse \u00e0 barbe pour hommes"},"content":{"rendered":"<h3 class=\"h6\"><span>Sp\u00e9cifications du produit<\/span><\/h3>\n<ul class=\"list-unstyled fs-sm pb-2\">\n<li class=\"d-flex justify-content-between pb-2 border-bottom\"><span class=\"text-heading fw-medium me-1\"><span>Type de fraise\u00a0:<\/span><\/span><span class=\"text-muted\"><span>R\u00e9ciproque<\/span><\/span><\/li>\n<li class=\"d-flex justify-content-between pb-2 border-bottom\"><span class=\"text-heading fw-medium me-1\"><span>Mat\u00e9riau de la lame :<\/span><\/span><span class=\"text-muted\"><span>Acier inoxydable<\/span><\/span><\/li>\n<li class=\"d-flex justify-content-between pb-2 border-bottom\"><span class=\"text-heading fw-medium me-1\"><span>Mat\u00e9riau du corps\u00a0:<\/span><\/span><span class=\"text-muted\"><span>M\u00e9tal + ABS<\/span><\/span><\/li>\n<li class=\"d-flex justify-content-between pb-2 border-bottom\"><span class=\"text-heading fw-medium me-1\"><span>M\u00e9thode de nettoyage\u00a0:<\/span><\/span><span class=\"text-muted\"><span>Lavage de t\u00eate<\/span><\/span><\/li>\n<li class=\"d-flex justify-content-between pb-2 border-bottom\"><span class=\"text-heading fw-medium me-1\"><span>Affichage LED:<\/span><\/span><span class=\"text-muted\"><span>Oui<\/span><\/span><\/li>\n<li class=\"d-flex justify-content-between pb-2 border-bottom\"><span class=\"text-heading fw-medium me-1\"><span>Utilisation du temps\u00a0:<\/span><\/span><span class=\"text-muted\"><span>120 minutes<\/span><\/span><\/li>\n<li class=\"d-flex justify-content-between pb-2 border-bottom\"><span class=\"text-heading fw-medium me-1\"><span>tension:<\/span><\/span><span class=\"text-muted\"><span>100-240v~50\/60Hz<\/span><\/span><\/li>\n<li class=\"d-flex justify-content-between pb-2 border-bottom\"><span class=\"text-heading fw-medium me-1\"><span>Pouvoir:<\/span><\/span><span class=\"text-muted\"><span>10w<\/span><\/span><\/li>\n<li class=\"d-flex justify-content-between pb-2 border-bottom\"><span class=\"text-heading fw-medium me-1\"><span>M\u00e9thode de charge\u00a0:<\/span><\/span><span class=\"text-muted\"><span>Connecteur USB<\/span><\/span><\/li>\n<li class=\"d-flex justify-content-between pb-2 border-bottom\"><span class=\"text-heading fw-medium me-1\"><span>Temps de charge:<\/span><\/span><span class=\"text-muted\"><span>2 heures<\/span><\/span><\/li>\n<li class=\"d-flex justify-content-between pb-2 border-bottom\"><span class=\"text-heading fw-medium me-1\"><span>Lester:<\/span><\/span><span class=\"text-muted\"><span>0,56 lb\/252 g<\/span><\/span><\/li>\n<li class=\"d-flex justify-content-between pb-2 border-bottom\"><span class=\"text-heading fw-medium me-1\"><span>Taille:<\/span><\/span><span class=\"text-muted\"><span>15*4.3*3.5cm<\/span><\/span><\/li>\n<\/ul>\n","protected":false},"excerpt":{"rendered":"<p>Tondeuse \u00e0 cheveux pour hommes Am\u00e9lior\u00e9e sans fil Am\u00e9lior\u00e9e Tondeuse \u00e0 cheveux professionnelle Tondeuse \u00e0 barbe avec lame en T Tondeuse \u00e0 coupe \u00e9troite Coiffeur Coupe de cheveux Kit de toilettage Affichage LED rechargeable<\/p>\n","protected":false},"featured_media":4527,"comment_status":"open","ping_status":"closed","template":"","meta":{"_uag_custom_page_level_css":"","site-sidebar-layout":"default","site-content-layout":"default","ast-global-header-display":"","ast-main-header-display":"","ast-hfb-above-header-display":"","ast-hfb-below-header-display":"","ast-hfb-mobile-header-display":"","site-post-title":"","ast-breadcrumbs-content":"","ast-featured-img":"","footer-sml-layout":"","theme-transparent-header-meta":"default","adv-header-id-meta":"","stick-header-meta":"","header-above-stick-meta":"","header-main-stick-meta":"","header-below-stick-meta":"","_joinchat":[],"jetpack_publicize_message":"","jetpack_publicize_feature_enabled":true,"jetpack_social_post_already_shared":false,"jetpack_social_options":{"image_generator_settings":{"template":"highway","default_image_id":0,"font":"","enabled":false},"version":2}},"product_brand":[],"product_cat":[33,31,20],"product_tag":[],"class_list":{"0":"post-4526","1":"product","2":"type-product","3":"status-publish","4":"has-post-thumbnail","6":"product_cat-pour-la-barbe-","7":"product_cat-produit","8":"product_cat-promotion","9":"product_shipping_class-8-dt","10":"desktop-align-center","11":"tablet-align-left","12":"mobile-align-left","14":"first","15":"instock","16":"shipping-taxable","17":"purchasable","18":"product-type-simple"},"jetpack_publicize_connections":[],"uagb_featured_image_src":{"full":["https:\/\/www.tondeusetunisie.tn\/wp-content\/uploads\/2023\/04\/V-070-Tondeuse-a-cheveux-Tondeuse-a-barbe.jpeg",800,799,false],"thumbnail":["https:\/\/www.tondeusetunisie.tn\/wp-content\/uploads\/2023\/04\/V-070-Tondeuse-a-cheveux-Tondeuse-a-barbe-150x150.jpeg",150,150,true],"medium":["https:\/\/www.tondeusetunisie.tn\/wp-content\/uploads\/2023\/04\/V-070-Tondeuse-a-cheveux-Tondeuse-a-barbe-300x300.jpeg",300,300,true],"medium_large":["https:\/\/www.tondeusetunisie.tn\/wp-content\/uploads\/2023\/04\/V-070-Tondeuse-a-cheveux-Tondeuse-a-barbe-768x767.jpeg",768,767,true],"large":["https:\/\/www.tondeusetunisie.tn\/wp-content\/uploads\/2023\/04\/V-070-Tondeuse-a-cheveux-Tondeuse-a-barbe.jpeg",800,799,false],"1536x1536":["https:\/\/www.tondeusetunisie.tn\/wp-content\/uploads\/2023\/04\/V-070-Tondeuse-a-cheveux-Tondeuse-a-barbe.jpeg",800,799,false],"2048x2048":["https:\/\/www.tondeusetunisie.tn\/wp-content\/uploads\/2023\/04\/V-070-Tondeuse-a-cheveux-Tondeuse-a-barbe.jpeg",800,799,false],"woocommerce_thumbnail":["https:\/\/www.tondeusetunisie.tn\/wp-content\/uploads\/2023\/04\/V-070-Tondeuse-a-cheveux-Tondeuse-a-barbe-300x300.jpeg",300,300,true],"woocommerce_single":["https:\/\/www.tondeusetunisie.tn\/wp-content\/uploads\/2023\/04\/V-070-Tondeuse-a-cheveux-Tondeuse-a-barbe-600x599.jpeg",600,599,true],"woocommerce_gallery_thumbnail":["https:\/\/www.tondeusetunisie.tn\/wp-content\/uploads\/2023\/04\/V-070-Tondeuse-a-cheveux-Tondeuse-a-barbe-100x100.jpeg",100,100,true]},"uagb_author_info":{"display_name":"admin5942","author_link":"https:\/\/www.tondeusetunisie.tn\/index.php\/author\/"},"uagb_comment_info":0,"uagb_excerpt":"Tondeuse \u00e0 cheveux pour hommes Am\u00e9lior\u00e9e sans fil Am\u00e9lior\u00e9e Tondeuse \u00e0 cheveux professionnelle Tondeuse \u00e0 barbe avec lame en T Tondeuse \u00e0 coupe \u00e9troite Coiffeur Coupe de cheveux Kit de toilettage Affichage LED rechargeable","jetpack_sharing_enabled":true,"jetpack_likes_enabled":true,"_links":{"self":[{"href":"https:\/\/www.tondeusetunisie.tn\/index.php\/wp-json\/wp\/v2\/product\/4526","targetHints":{"allow":["GET"]}}],"collection":[{"href":"https:\/\/www.tondeusetunisie.tn\/index.php\/wp-json\/wp\/v2\/product"}],"about":[{"href":"https:\/\/www.tondeusetunisie.tn\/index.php\/wp-json\/wp\/v2\/types\/product"}],"replies":[{"embeddable":true,"href":"https:\/\/www.tondeusetunisie.tn\/index.php\/wp-json\/wp\/v2\/comments?post=4526"}],"wp:featuredmedia":[{"embeddable":true,"href":"https:\/\/www.tondeusetunisie.tn\/index.php\/wp-json\/wp\/v2\/media\/4527"}],"wp:attachment":[{"href":"https:\/\/www.tondeusetunisie.tn\/index.php\/wp-json\/wp\/v2\/media?parent=4526"}],"wp:term":[{"taxonomy":"product_brand","embeddable":true,"href":"https:\/\/www.tondeusetunisie.tn\/index.php\/wp-json\/wp\/v2\/product_brand?post=4526"},{"taxonomy":"product_cat","embeddable":true,"href":"https:\/\/www.tondeusetunisie.tn\/index.php\/wp-json\/wp\/v2\/product_cat?post=4526"},{"taxonomy":"product_tag","embeddable":true,"href":"https:\/\/www.tondeusetunisie.tn\/index.php\/wp-json\/wp\/v2\/product_tag?post=4526"}],"curies":[{"name":"wp","href":"https:\/\/api.w.org\/{rel}","templated":true}]}}