{"id":4536,"date":"2023-04-20T18:45:03","date_gmt":"2023-04-20T16:45:03","guid":{"rendered":"http:\/\/www.vgrstore.tn\/?post_type=product&#038;p=4536"},"modified":"2026-03-16T15:02:02","modified_gmt":"2026-03-16T14:02:02","slug":"tondeuse-a-cheveux-longue-endurance-v-275","status":"publish","type":"product","link":"https:\/\/www.tondeusetunisie.tn\/index.php\/product\/tondeuse-a-cheveux-longue-endurance-v-275\/","title":{"rendered":"Tondeuse \u00e0 cheveux longue endurance V-275"},"content":{"rendered":"<h3 class=\"h6\">Sp\u00e9cifications du produit<\/h3>\n<ul class=\"list-unstyled fs-sm pb-2\">\n<li class=\"d-flex justify-content-between pb-2 border-bottom\"><span class=\"text-heading fw-medium me-1\">Type de fraise\u00a0:<\/span><span class=\"text-muted\">R\u00e9ciproque<\/span><\/li>\n<li class=\"d-flex justify-content-between pb-2 border-bottom\"><span class=\"text-heading fw-medium me-1\">Mat\u00e9riau de la lame :<\/span><span class=\"text-muted\">Acier inoxydable<\/span><\/li>\n<li class=\"d-flex justify-content-between pb-2 border-bottom\"><span class=\"text-heading fw-medium me-1\">Mat\u00e9riau du corps\u00a0:<\/span><span class=\"text-muted\">M\u00e9tal + ABS<\/span><\/li>\n<li class=\"d-flex justify-content-between pb-2 border-bottom\"><span class=\"text-heading fw-medium me-1\">M\u00e9thode de nettoyage\u00a0:<\/span><span class=\"text-muted\">Lavage de t\u00eate<\/span><\/li>\n<li class=\"d-flex justify-content-between pb-2 border-bottom\"><span class=\"text-heading fw-medium me-1\">Affichage LED:<\/span><span class=\"text-muted\">Non<\/span><\/li>\n<li class=\"d-flex justify-content-between pb-2 border-bottom\"><span class=\"text-heading fw-medium me-1\">Utilisation du temps\u00a0:<\/span><span class=\"text-muted\">180 minutes<\/span><\/li>\n<li class=\"d-flex justify-content-between pb-2 border-bottom\"><span class=\"text-heading fw-medium me-1\">tension:<\/span><span class=\"text-muted\">100-240v~50\/60Hz<\/span><\/li>\n<li class=\"d-flex justify-content-between pb-2 border-bottom\"><span class=\"text-heading fw-medium me-1\">Pouvoir:<\/span><span class=\"text-muted\">8w<\/span><\/li>\n<li class=\"d-flex justify-content-between pb-2 border-bottom\"><span class=\"text-heading fw-medium me-1\">M\u00e9thode de charge\u00a0:<\/span><span class=\"text-muted\">Connecteur USB<\/span><\/li>\n<li class=\"d-flex justify-content-between pb-2 border-bottom\"><span class=\"text-heading fw-medium me-1\">Temps de charge:<\/span><span class=\"text-muted\">2,5 heures<\/span><\/li>\n<li class=\"d-flex justify-content-between pb-2 border-bottom\"><span class=\"text-heading fw-medium me-1\">Lester:<\/span><span class=\"text-muted\">0,39 lb\/175 g<\/span><\/li>\n<li class=\"d-flex justify-content-between pb-2 border-bottom\"><span class=\"text-heading fw-medium me-1\">Taille:<\/span><span class=\"text-muted\">15.6*4.1*3.6<\/span><\/li>\n<\/ul>\n","protected":false},"excerpt":{"rendered":"<p>Tondeuse \u00e0 cheveux longue endurance V-275, charge rapide, corps textur\u00e9, s\u00fbr et tranchant<\/p>\n","protected":false},"featured_media":4538,"comment_status":"open","ping_status":"closed","template":"","meta":{"_uag_custom_page_level_css":"","site-sidebar-layout":"default","site-content-layout":"default","ast-global-header-display":"","ast-main-header-display":"","ast-hfb-above-header-display":"","ast-hfb-below-header-display":"","ast-hfb-mobile-header-display":"","site-post-title":"","ast-breadcrumbs-content":"","ast-featured-img":"","footer-sml-layout":"","theme-transparent-header-meta":"default","adv-header-id-meta":"","stick-header-meta":"","header-above-stick-meta":"","header-main-stick-meta":"","header-below-stick-meta":"","_joinchat":[],"jetpack_publicize_message":"","jetpack_publicize_feature_enabled":true,"jetpack_social_post_already_shared":false,"jetpack_social_options":{"image_generator_settings":{"template":"highway","default_image_id":0,"font":"","enabled":false},"version":2}},"product_brand":[],"product_cat":[33,32,31,20],"product_tag":[],"class_list":{"0":"post-4536","1":"product","2":"type-product","3":"status-publish","4":"has-post-thumbnail","6":"product_cat-pour-la-barbe-","7":"product_cat-pour-les-cheveux-","8":"product_cat-produit","9":"product_cat-promotion","10":"product_shipping_class-8-dt","11":"desktop-align-center","12":"tablet-align-left","13":"mobile-align-left","15":"first","16":"instock","17":"sale","18":"shipping-taxable","19":"purchasable","20":"product-type-simple"},"jetpack_publicize_connections":[],"uagb_featured_image_src":{"full":["https:\/\/www.tondeusetunisie.tn\/wp-content\/uploads\/2023\/04\/Tondeuse-a-cheveux-longue-endurance-V-275-1.webp",1200,1200,false],"thumbnail":["https:\/\/www.tondeusetunisie.tn\/wp-content\/uploads\/2023\/04\/Tondeuse-a-cheveux-longue-endurance-V-275-1-150x150.webp",150,150,true],"medium":["https:\/\/www.tondeusetunisie.tn\/wp-content\/uploads\/2023\/04\/Tondeuse-a-cheveux-longue-endurance-V-275-1-300x300.webp",300,300,true],"medium_large":["https:\/\/www.tondeusetunisie.tn\/wp-content\/uploads\/2023\/04\/Tondeuse-a-cheveux-longue-endurance-V-275-1-768x768.webp",768,768,true],"large":["https:\/\/www.tondeusetunisie.tn\/wp-content\/uploads\/2023\/04\/Tondeuse-a-cheveux-longue-endurance-V-275-1-1024x1024.webp",1024,1024,true],"1536x1536":["https:\/\/www.tondeusetunisie.tn\/wp-content\/uploads\/2023\/04\/Tondeuse-a-cheveux-longue-endurance-V-275-1.webp",1200,1200,false],"2048x2048":["https:\/\/www.tondeusetunisie.tn\/wp-content\/uploads\/2023\/04\/Tondeuse-a-cheveux-longue-endurance-V-275-1.webp",1200,1200,false],"woocommerce_thumbnail":["https:\/\/www.tondeusetunisie.tn\/wp-content\/uploads\/2023\/04\/Tondeuse-a-cheveux-longue-endurance-V-275-1-300x300.webp",300,300,true],"woocommerce_single":["https:\/\/www.tondeusetunisie.tn\/wp-content\/uploads\/2023\/04\/Tondeuse-a-cheveux-longue-endurance-V-275-1-600x600.webp",600,600,true],"woocommerce_gallery_thumbnail":["https:\/\/www.tondeusetunisie.tn\/wp-content\/uploads\/2023\/04\/Tondeuse-a-cheveux-longue-endurance-V-275-1-100x100.webp",100,100,true]},"uagb_author_info":{"display_name":"admin5942","author_link":"https:\/\/www.tondeusetunisie.tn\/index.php\/author\/"},"uagb_comment_info":0,"uagb_excerpt":"Tondeuse \u00e0 cheveux longue endurance V-275, charge rapide, corps textur\u00e9, s\u00fbr et tranchant","jetpack_sharing_enabled":true,"jetpack_likes_enabled":true,"_links":{"self":[{"href":"https:\/\/www.tondeusetunisie.tn\/index.php\/wp-json\/wp\/v2\/product\/4536","targetHints":{"allow":["GET"]}}],"collection":[{"href":"https:\/\/www.tondeusetunisie.tn\/index.php\/wp-json\/wp\/v2\/product"}],"about":[{"href":"https:\/\/www.tondeusetunisie.tn\/index.php\/wp-json\/wp\/v2\/types\/product"}],"replies":[{"embeddable":true,"href":"https:\/\/www.tondeusetunisie.tn\/index.php\/wp-json\/wp\/v2\/comments?post=4536"}],"wp:featuredmedia":[{"embeddable":true,"href":"https:\/\/www.tondeusetunisie.tn\/index.php\/wp-json\/wp\/v2\/media\/4538"}],"wp:attachment":[{"href":"https:\/\/www.tondeusetunisie.tn\/index.php\/wp-json\/wp\/v2\/media?parent=4536"}],"wp:term":[{"taxonomy":"product_brand","embeddable":true,"href":"https:\/\/www.tondeusetunisie.tn\/index.php\/wp-json\/wp\/v2\/product_brand?post=4536"},{"taxonomy":"product_cat","embeddable":true,"href":"https:\/\/www.tondeusetunisie.tn\/index.php\/wp-json\/wp\/v2\/product_cat?post=4536"},{"taxonomy":"product_tag","embeddable":true,"href":"https:\/\/www.tondeusetunisie.tn\/index.php\/wp-json\/wp\/v2\/product_tag?post=4536"}],"curies":[{"name":"wp","href":"https:\/\/api.w.org\/{rel}","templated":true}]}}