{"id":5155,"date":"2024-08-23T16:48:22","date_gmt":"2024-08-23T14:48:22","guid":{"rendered":"https:\/\/www.vgrstore.tn\/index.php\/produit\/tondeuse-a-cheveux-vgr-v-643-ultra-premium\/"},"modified":"2026-03-31T09:33:01","modified_gmt":"2026-03-31T07:33:01","slug":"tondeuse-a-cheveux-vgr-v-643-ultra-premium","status":"publish","type":"product","link":"https:\/\/www.tondeusetunisie.tn\/index.php\/product\/tondeuse-a-cheveux-vgr-v-643-ultra-premium\/","title":{"rendered":"Tondeuse \u00e0 cheveux VGR V-643 Ultra Premium"},"content":{"rendered":"<p>Type de lame : lame en acier inoxydable<br \/>\nPuissance : 5 W<br \/>\nM\u00e9thode de nettoyage : la t\u00eate de coupe est lav\u00e9e<br \/>\nTension : 100-240 V~50\/60 Hz<br \/>\nM\u00e9thode de charge : charge USB<br \/>\nTemps de charge\/capacit\u00e9 de la batterie :<br \/>\nBarbier : 3,5 h\/2600 mAh<br \/>\nRasoir : 2,5 h\/1600 mAh<br \/>\nTemps d&#8217;utilisation :<br \/>\nBarbier : 250 min<br \/>\nRasoir : 240 min<\/p>\n","protected":false},"excerpt":{"rendered":"<p>Type de lame : lame en acier inoxydable<br \/>\nPuissance : 5 W<br \/>\nM\u00e9thode de nettoyage : la t\u00eate de coupe est lav\u00e9e<br \/>\nTension : 100-240 V~50\/60 Hz<br \/>\nM\u00e9thode de charge : charge USB<br \/>\nTemps de charge\/capacit\u00e9 de la batterie :<br \/>\nBarbier : 3,5 h\/2600 mAh<br \/>\nRasoir : 2,5 h\/1600 mAh<br \/>\nTemps d&#8217;utilisation :<br \/>\nBarbier : 250 min<br \/>\nRasoir : 240 min<\/p>\n","protected":false},"featured_media":5161,"comment_status":"open","ping_status":"closed","template":"","meta":{"_uag_custom_page_level_css":"","site-sidebar-layout":"default","site-content-layout":"default","ast-global-header-display":"","ast-main-header-display":"","ast-hfb-above-header-display":"","ast-hfb-below-header-display":"","ast-hfb-mobile-header-display":"","site-post-title":"","ast-breadcrumbs-content":"","ast-featured-img":"","footer-sml-layout":"","theme-transparent-header-meta":"","adv-header-id-meta":"","stick-header-meta":"","header-above-stick-meta":"","header-main-stick-meta":"","header-below-stick-meta":"","_joinchat":[],"jetpack_publicize_message":"","jetpack_publicize_feature_enabled":true,"jetpack_social_post_already_shared":true,"jetpack_social_options":{"image_generator_settings":{"template":"highway","default_image_id":0,"font":"","enabled":false},"version":2}},"product_brand":[],"product_cat":[19,33,32,20],"product_tag":[],"class_list":{"0":"post-5155","1":"product","2":"type-product","3":"status-publish","4":"has-post-thumbnail","6":"product_cat-pack-promo","7":"product_cat-pour-la-barbe-","8":"product_cat-pour-les-cheveux-","9":"product_cat-promotion","10":"product_shipping_class-8-dt","11":"desktop-align-center","12":"tablet-align-left","13":"mobile-align-left","15":"first","16":"instock","17":"sale","18":"shipping-taxable","19":"purchasable","20":"product-type-simple"},"jetpack_publicize_connections":[],"uagb_featured_image_src":{"full":["https:\/\/www.tondeusetunisie.tn\/wp-content\/uploads\/2024\/08\/A1-1.png",1500,1500,false],"thumbnail":["https:\/\/www.tondeusetunisie.tn\/wp-content\/uploads\/2024\/08\/A1-1-150x150.png",150,150,true],"medium":["https:\/\/www.tondeusetunisie.tn\/wp-content\/uploads\/2024\/08\/A1-1-300x300.png",300,300,true],"medium_large":["https:\/\/www.tondeusetunisie.tn\/wp-content\/uploads\/2024\/08\/A1-1-768x768.png",768,768,true],"large":["https:\/\/www.tondeusetunisie.tn\/wp-content\/uploads\/2024\/08\/A1-1-1024x1024.png",1024,1024,true],"1536x1536":["https:\/\/www.tondeusetunisie.tn\/wp-content\/uploads\/2024\/08\/A1-1.png",1500,1500,false],"2048x2048":["https:\/\/www.tondeusetunisie.tn\/wp-content\/uploads\/2024\/08\/A1-1.png",1500,1500,false],"woocommerce_thumbnail":["https:\/\/www.tondeusetunisie.tn\/wp-content\/uploads\/2024\/08\/A1-1-300x300.png",300,300,true],"woocommerce_single":["https:\/\/www.tondeusetunisie.tn\/wp-content\/uploads\/2024\/08\/A1-1-600x600.png",600,600,true],"woocommerce_gallery_thumbnail":["https:\/\/www.tondeusetunisie.tn\/wp-content\/uploads\/2024\/08\/A1-1-100x100.png",100,100,true]},"uagb_author_info":{"display_name":"admin5942","author_link":"https:\/\/www.tondeusetunisie.tn\/index.php\/author\/"},"uagb_comment_info":1,"uagb_excerpt":"Type de lame : lame en acier inoxydable Puissance : 5 W M\u00e9thode de nettoyage : la t\u00eate de coupe est lav\u00e9e Tension : 100-240 V~50\/60 Hz M\u00e9thode de charge : charge USB Temps de charge\/capacit\u00e9 de la batterie : Barbier : 3,5 h\/2600 mAh Rasoir : 2,5 h\/1600 mAh Temps d'utilisation : Barbier :&hellip;","jetpack_sharing_enabled":true,"jetpack_likes_enabled":true,"_links":{"self":[{"href":"https:\/\/www.tondeusetunisie.tn\/index.php\/wp-json\/wp\/v2\/product\/5155","targetHints":{"allow":["GET"]}}],"collection":[{"href":"https:\/\/www.tondeusetunisie.tn\/index.php\/wp-json\/wp\/v2\/product"}],"about":[{"href":"https:\/\/www.tondeusetunisie.tn\/index.php\/wp-json\/wp\/v2\/types\/product"}],"replies":[{"embeddable":true,"href":"https:\/\/www.tondeusetunisie.tn\/index.php\/wp-json\/wp\/v2\/comments?post=5155"}],"wp:featuredmedia":[{"embeddable":true,"href":"https:\/\/www.tondeusetunisie.tn\/index.php\/wp-json\/wp\/v2\/media\/5161"}],"wp:attachment":[{"href":"https:\/\/www.tondeusetunisie.tn\/index.php\/wp-json\/wp\/v2\/media?parent=5155"}],"wp:term":[{"taxonomy":"product_brand","embeddable":true,"href":"https:\/\/www.tondeusetunisie.tn\/index.php\/wp-json\/wp\/v2\/product_brand?post=5155"},{"taxonomy":"product_cat","embeddable":true,"href":"https:\/\/www.tondeusetunisie.tn\/index.php\/wp-json\/wp\/v2\/product_cat?post=5155"},{"taxonomy":"product_tag","embeddable":true,"href":"https:\/\/www.tondeusetunisie.tn\/index.php\/wp-json\/wp\/v2\/product_tag?post=5155"}],"curies":[{"name":"wp","href":"https:\/\/api.w.org\/{rel}","templated":true}]}}