{"id":5322,"date":"2024-12-31T22:35:55","date_gmt":"2024-12-31T21:35:55","guid":{"rendered":"https:\/\/www.vgrstore.tn\/index.php\/produit\/vgr-v-498-1200w-cheveux-air-styling-cordon-dalimentation-electrique-professionnel-brosse-a-air-chaud-peigne\/"},"modified":"2026-02-19T20:54:04","modified_gmt":"2026-02-19T19:54:04","slug":"vgr-v-498-1200w-cheveux-air-styling-cordon-dalimentation-electrique-professionnel-brosse-a-air-chaud-peigne","status":"publish","type":"product","link":"https:\/\/www.tondeusetunisie.tn\/index.php\/product\/vgr-v-498-1200w-cheveux-air-styling-cordon-dalimentation-electrique-professionnel-brosse-a-air-chaud-peigne\/","title":{"rendered":"VGR V-498 1200W Cheveux Air Styling Cordon D&#8217;alimentation \u00c9lectrique"},"content":{"rendered":"<p>Performance professionnelle de qualit\u00e9: Le VGR V-498 1200W Cheveux Air Styling Cordon D&#8217;alimentation \u00c9lectrique Professionnel Brosse \u00c0 Air Chaud Peigne est con\u00e7u pour un usage professionnel, offrant des r\u00e9sultats de haute qualit\u00e9 avec sa puissance de 1200W et sa vitesse de moteur de 21,000 tr\/min.<br \/>\nConception multifonctionnelle: Ce peigne \u00e0 brosse \u00e0 air chaud est dot\u00e9 d&#8217;une buse de diffuseur, permettant un coiffage et un lissage sans effort des cheveux, tandis que les r\u00e9glages \u00e0 3 vitesses conviennent \u00e0 divers types et styles de cheveux.<br \/>\nConstruction durable: Fabriqu\u00e9 \u00e0 partir de mat\u00e9riaux ABS et plastique de haute qualit\u00e9, ce produit assure une durabilit\u00e9 et une performance durable.<br \/>\nConception pratique: Avec un cordon de 1.8m et une compatibilit\u00e9 de tension 220-240V, ce produit est parfait pour une utilisation dans les environnements commerciaux et domestiques, comme demand\u00e9 par notre pr\u00e9cieux client.<br \/>\nGarantie et support complets: Profitez d&#8217;une garantie d&#8217;un an et d&#8217;un service apr\u00e8s-vente gratuit de pi\u00e8ces de rechange, offrant une tranquillit\u00e9 d&#8217;esprit \u00e0 notre pr\u00e9cieux client.<\/p>\n","protected":false},"excerpt":{"rendered":"<p>Type : Brosse pour s\u00e8che-cheveux, coiffure<br \/>\nNombre de vitesses : 2 ;<br \/>\nRotation : gauche et droite ;<br \/>\nBoucle de suspension : oui ;<br \/>\nC\u00e2ble : longueur 1,5 m ;<br \/>\nRotation du c\u00e2ble : 360 ;<br \/>\nMat\u00e9riau du bo\u00eetier : r\u00e9sistant \u00e0 la chaleur,<br \/>\npuissance : 1200 W ;<br \/>\nAlimentation en air froid : oui ;<br \/>\nNombre de modes de temp\u00e9rature : 2 ;<br \/>\nTemp\u00e9rature maximale : 230\u2103<br \/>\n\u00c9quipement :<\/p>\n<p>S\u00e8che-cheveux VGR V-498<br \/>\nbuses 2 pi\u00e8ces.<br \/>\nemballer<\/p>\n","protected":false},"featured_media":5314,"comment_status":"open","ping_status":"closed","template":"","meta":{"_uag_custom_page_level_css":"","site-sidebar-layout":"default","site-content-layout":"default","ast-global-header-display":"","ast-main-header-display":"","ast-hfb-above-header-display":"","ast-hfb-below-header-display":"","ast-hfb-mobile-header-display":"","site-post-title":"","ast-breadcrumbs-content":"","ast-featured-img":"","footer-sml-layout":"","theme-transparent-header-meta":"","adv-header-id-meta":"","stick-header-meta":"","header-above-stick-meta":"","header-main-stick-meta":"","header-below-stick-meta":"","_joinchat":[],"jetpack_publicize_message":"","jetpack_publicize_feature_enabled":true,"jetpack_social_post_already_shared":true,"jetpack_social_options":{"image_generator_settings":{"template":"highway","default_image_id":0,"font":"","enabled":false},"version":2}},"product_brand":[],"product_cat":[15,31,20],"product_tag":[],"class_list":{"0":"post-5322","1":"product","2":"type-product","3":"status-publish","4":"has-post-thumbnail","6":"product_cat-non-classe","7":"product_cat-produit","8":"product_cat-promotion","9":"product_shipping_class-8-dt","10":"desktop-align-center","11":"tablet-align-left","12":"mobile-align-left","14":"first","15":"instock","16":"sale","17":"shipping-taxable","18":"purchasable","19":"product-type-simple"},"jetpack_publicize_connections":[],"uagb_featured_image_src":{"full":["https:\/\/www.tondeusetunisie.tn\/wp-content\/uploads\/2024\/12\/eEaNL4LyICtCwG5PQAkj9vq1IDXpHi28129.jpg",642,618,false],"thumbnail":["https:\/\/www.tondeusetunisie.tn\/wp-content\/uploads\/2024\/12\/eEaNL4LyICtCwG5PQAkj9vq1IDXpHi28129-150x150.jpg",150,150,true],"medium":["https:\/\/www.tondeusetunisie.tn\/wp-content\/uploads\/2024\/12\/eEaNL4LyICtCwG5PQAkj9vq1IDXpHi28129-300x289.jpg",300,289,true],"medium_large":["https:\/\/www.tondeusetunisie.tn\/wp-content\/uploads\/2024\/12\/eEaNL4LyICtCwG5PQAkj9vq1IDXpHi28129.jpg",642,618,false],"large":["https:\/\/www.tondeusetunisie.tn\/wp-content\/uploads\/2024\/12\/eEaNL4LyICtCwG5PQAkj9vq1IDXpHi28129.jpg",642,618,false],"1536x1536":["https:\/\/www.tondeusetunisie.tn\/wp-content\/uploads\/2024\/12\/eEaNL4LyICtCwG5PQAkj9vq1IDXpHi28129.jpg",642,618,false],"2048x2048":["https:\/\/www.tondeusetunisie.tn\/wp-content\/uploads\/2024\/12\/eEaNL4LyICtCwG5PQAkj9vq1IDXpHi28129.jpg",642,618,false],"woocommerce_thumbnail":["https:\/\/www.tondeusetunisie.tn\/wp-content\/uploads\/2024\/12\/eEaNL4LyICtCwG5PQAkj9vq1IDXpHi28129-300x300.jpg",300,300,true],"woocommerce_single":["https:\/\/www.tondeusetunisie.tn\/wp-content\/uploads\/2024\/12\/eEaNL4LyICtCwG5PQAkj9vq1IDXpHi28129-600x578.jpg",600,578,true],"woocommerce_gallery_thumbnail":["https:\/\/www.tondeusetunisie.tn\/wp-content\/uploads\/2024\/12\/eEaNL4LyICtCwG5PQAkj9vq1IDXpHi28129-100x100.jpg",100,100,true]},"uagb_author_info":{"display_name":"admin5942","author_link":"https:\/\/www.tondeusetunisie.tn\/index.php\/author\/"},"uagb_comment_info":0,"uagb_excerpt":"Type : Brosse pour s\u00e8che-cheveux, coiffure Nombre de vitesses : 2 ; Rotation : gauche et droite ; Boucle de suspension : oui ; C\u00e2ble : longueur 1,5 m ; Rotation du c\u00e2ble : 360 ; Mat\u00e9riau du bo\u00eetier : r\u00e9sistant \u00e0 la chaleur, puissance : 1200 W ; Alimentation en air froid : oui&hellip;","jetpack_sharing_enabled":true,"jetpack_likes_enabled":true,"_links":{"self":[{"href":"https:\/\/www.tondeusetunisie.tn\/index.php\/wp-json\/wp\/v2\/product\/5322","targetHints":{"allow":["GET"]}}],"collection":[{"href":"https:\/\/www.tondeusetunisie.tn\/index.php\/wp-json\/wp\/v2\/product"}],"about":[{"href":"https:\/\/www.tondeusetunisie.tn\/index.php\/wp-json\/wp\/v2\/types\/product"}],"replies":[{"embeddable":true,"href":"https:\/\/www.tondeusetunisie.tn\/index.php\/wp-json\/wp\/v2\/comments?post=5322"}],"wp:featuredmedia":[{"embeddable":true,"href":"https:\/\/www.tondeusetunisie.tn\/index.php\/wp-json\/wp\/v2\/media\/5314"}],"wp:attachment":[{"href":"https:\/\/www.tondeusetunisie.tn\/index.php\/wp-json\/wp\/v2\/media?parent=5322"}],"wp:term":[{"taxonomy":"product_brand","embeddable":true,"href":"https:\/\/www.tondeusetunisie.tn\/index.php\/wp-json\/wp\/v2\/product_brand?post=5322"},{"taxonomy":"product_cat","embeddable":true,"href":"https:\/\/www.tondeusetunisie.tn\/index.php\/wp-json\/wp\/v2\/product_cat?post=5322"},{"taxonomy":"product_tag","embeddable":true,"href":"https:\/\/www.tondeusetunisie.tn\/index.php\/wp-json\/wp\/v2\/product_tag?post=5322"}],"curies":[{"name":"wp","href":"https:\/\/api.w.org\/{rel}","templated":true}]}}