{"id":5373,"date":"2025-01-01T14:32:53","date_gmt":"2025-01-01T13:32:53","guid":{"rendered":"https:\/\/www.vgrstore.tn\/index.php\/produit\/tondeuses-cheveux-professionelle-pour-homme-cheuveux-barbe-vgr-v-693\/"},"modified":"2026-02-23T07:12:56","modified_gmt":"2026-02-23T06:12:56","slug":"tondeuses-cheveux-professionelle-pour-homme-cheuveux-barbe-vgr-v-693","status":"publish","type":"product","link":"https:\/\/www.tondeusetunisie.tn\/index.php\/product\/tondeuses-cheveux-professionelle-pour-homme-cheuveux-barbe-vgr-v-693\/","title":{"rendered":"Tondeuses Cheveux Professionelle pour Homme, Cheuveux, Barbe, VGR V-693"},"content":{"rendered":"<p>Sp\u00e9cifications du produit<\/p>\n<p>Type de coupe: R\u00e9ciproque<br \/>\nMat\u00e9riau de la lame: Acier inoxydable<br \/>\nMat\u00e9riel corporel : M\u00e9tallique<br \/>\nM\u00e9thode de nettoyage: Lavage corporel<br \/>\nNiveau IPX: IPX 7<br \/>\nAfficheur: Oui<br \/>\nUtilisation du temps: 150 minutes<br \/>\nTension: 100-240v 50\/60Hz<br \/>\nPuissance: 7w<br \/>\nM\u00e9thode de chargement: Connecteur USB<br \/>\nDur\u00e9e de charge: 1,5 heure<br \/>\nPoids: 312,4g<br \/>\nTaille : 18,8 x 5,7 x 4,2 cm<\/p>\n","protected":false},"excerpt":{"rendered":"<p>Sp\u00e9cifications du produit<\/p>\n<p>Type de coupe: R\u00e9ciproque<br \/>\nMat\u00e9riau de la lame: Acier inoxydable<br \/>\nMat\u00e9riel corporel : M\u00e9tallique<br \/>\nM\u00e9thode de nettoyage: Lavage corporel<br \/>\nNiveau IPX: IPX 7<br \/>\nAfficheur: Oui<br \/>\nUtilisation du temps: 150 minutes<br \/>\nTension: 100-240v 50\/60Hz<br \/>\nPuissance: 7w<br \/>\nM\u00e9thode de chargement: Connecteur USB<br \/>\nDur\u00e9e de charge: 1,5 heure<br \/>\nPoids: 312,4g<br \/>\nTaille : 18,8 x 5,7 x 4,2 cm<\/p>\n","protected":false},"featured_media":5368,"comment_status":"open","ping_status":"closed","template":"","meta":{"_uag_custom_page_level_css":"","site-sidebar-layout":"default","site-content-layout":"default","ast-global-header-display":"","ast-main-header-display":"","ast-hfb-above-header-display":"","ast-hfb-below-header-display":"","ast-hfb-mobile-header-display":"","site-post-title":"","ast-breadcrumbs-content":"","ast-featured-img":"","footer-sml-layout":"","theme-transparent-header-meta":"","adv-header-id-meta":"","stick-header-meta":"","header-above-stick-meta":"","header-main-stick-meta":"","header-below-stick-meta":"","_joinchat":[],"jetpack_publicize_message":"","jetpack_publicize_feature_enabled":true,"jetpack_social_post_already_shared":true,"jetpack_social_options":{"image_generator_settings":{"template":"highway","default_image_id":0,"font":"","enabled":false},"version":2}},"product_brand":[],"product_cat":[32,20],"product_tag":[],"class_list":{"0":"post-5373","1":"product","2":"type-product","3":"status-publish","4":"has-post-thumbnail","6":"product_cat-pour-les-cheveux-","7":"product_cat-promotion","8":"product_shipping_class-8-dt","9":"desktop-align-center","10":"tablet-align-left","11":"mobile-align-left","13":"first","14":"instock","15":"sale","16":"shipping-taxable","17":"purchasable","18":"product-type-simple"},"jetpack_publicize_connections":[],"uagb_featured_image_src":{"full":["https:\/\/www.tondeusetunisie.tn\/wp-content\/uploads\/2025\/01\/V-693_1.jpg",1200,1200,false],"thumbnail":["https:\/\/www.tondeusetunisie.tn\/wp-content\/uploads\/2025\/01\/V-693_1-150x150.jpg",150,150,true],"medium":["https:\/\/www.tondeusetunisie.tn\/wp-content\/uploads\/2025\/01\/V-693_1-300x300.jpg",300,300,true],"medium_large":["https:\/\/www.tondeusetunisie.tn\/wp-content\/uploads\/2025\/01\/V-693_1-768x768.jpg",768,768,true],"large":["https:\/\/www.tondeusetunisie.tn\/wp-content\/uploads\/2025\/01\/V-693_1-1024x1024.jpg",1024,1024,true],"1536x1536":["https:\/\/www.tondeusetunisie.tn\/wp-content\/uploads\/2025\/01\/V-693_1.jpg",1200,1200,false],"2048x2048":["https:\/\/www.tondeusetunisie.tn\/wp-content\/uploads\/2025\/01\/V-693_1.jpg",1200,1200,false],"woocommerce_thumbnail":["https:\/\/www.tondeusetunisie.tn\/wp-content\/uploads\/2025\/01\/V-693_1-300x300.jpg",300,300,true],"woocommerce_single":["https:\/\/www.tondeusetunisie.tn\/wp-content\/uploads\/2025\/01\/V-693_1-600x600.jpg",600,600,true],"woocommerce_gallery_thumbnail":["https:\/\/www.tondeusetunisie.tn\/wp-content\/uploads\/2025\/01\/V-693_1-100x100.jpg",100,100,true]},"uagb_author_info":{"display_name":"admin5942","author_link":"https:\/\/www.tondeusetunisie.tn\/index.php\/author\/"},"uagb_comment_info":0,"uagb_excerpt":"Sp\u00e9cifications du produit Type de coupe: R\u00e9ciproque Mat\u00e9riau de la lame: Acier inoxydable Mat\u00e9riel corporel : M\u00e9tallique M\u00e9thode de nettoyage: Lavage corporel Niveau IPX: IPX 7 Afficheur: Oui Utilisation du temps: 150 minutes Tension: 100-240v 50\/60Hz Puissance: 7w M\u00e9thode de chargement: Connecteur USB Dur\u00e9e de charge: 1,5 heure Poids: 312,4g Taille : 18,8 x 5,7&hellip;","jetpack_sharing_enabled":true,"jetpack_likes_enabled":true,"_links":{"self":[{"href":"https:\/\/www.tondeusetunisie.tn\/index.php\/wp-json\/wp\/v2\/product\/5373","targetHints":{"allow":["GET"]}}],"collection":[{"href":"https:\/\/www.tondeusetunisie.tn\/index.php\/wp-json\/wp\/v2\/product"}],"about":[{"href":"https:\/\/www.tondeusetunisie.tn\/index.php\/wp-json\/wp\/v2\/types\/product"}],"replies":[{"embeddable":true,"href":"https:\/\/www.tondeusetunisie.tn\/index.php\/wp-json\/wp\/v2\/comments?post=5373"}],"wp:featuredmedia":[{"embeddable":true,"href":"https:\/\/www.tondeusetunisie.tn\/index.php\/wp-json\/wp\/v2\/media\/5368"}],"wp:attachment":[{"href":"https:\/\/www.tondeusetunisie.tn\/index.php\/wp-json\/wp\/v2\/media?parent=5373"}],"wp:term":[{"taxonomy":"product_brand","embeddable":true,"href":"https:\/\/www.tondeusetunisie.tn\/index.php\/wp-json\/wp\/v2\/product_brand?post=5373"},{"taxonomy":"product_cat","embeddable":true,"href":"https:\/\/www.tondeusetunisie.tn\/index.php\/wp-json\/wp\/v2\/product_cat?post=5373"},{"taxonomy":"product_tag","embeddable":true,"href":"https:\/\/www.tondeusetunisie.tn\/index.php\/wp-json\/wp\/v2\/product_tag?post=5373"}],"curies":[{"name":"wp","href":"https:\/\/api.w.org\/{rel}","templated":true}]}}