{"id":5521,"date":"2025-02-03T20:41:06","date_gmt":"2025-02-03T19:41:06","guid":{"rendered":"https:\/\/www.vgrstore.tn\/?post_type=product&#038;p=5521"},"modified":"2026-03-12T06:58:26","modified_gmt":"2026-03-12T05:58:26","slug":"vgr-640-tondeuse-a-cheveux-professionnelle-pour-hommes-ensemble-tondeuse","status":"publish","type":"product","link":"https:\/\/www.tondeusetunisie.tn\/index.php\/product\/vgr-640-tondeuse-a-cheveux-professionnelle-pour-hommes-ensemble-tondeuse\/","title":{"rendered":"VGR 640 Tondeuse \u00e0 cheveux Professionnelle Pour Hommes, Ensemble Tondeuse"},"content":{"rendered":"<ul class=\"a-unordered-list a-vertical a-spacing-mini\">\n<li class=\"a-spacing-mini\"><span class=\"a-list-item\">MOTEUR INTELLIGENT \u00c0 COUPLE PUISSANT: Notre tondeuse \u00e0 cheveux et tondeuse multifonction est dot\u00e9e d\u2019un moteur intelligent \u00e0 couple r\u00e9glable, offrant des performances in\u00e9gal\u00e9es avec ses deux vitesses r\u00e9glables. La conception pr\u00e9cise du moteur permet des transitions fluides entre les vitesses, avec un r\u00e9glage maximal atteignant 9000 tr\/min. Sa polyvalence pour s\u2019adapter \u00e0 diverses coiffures en fait un choix id\u00e9al pour une utilisation professionnelle et personnelle<\/span><\/li>\n<li class=\"a-spacing-mini\"><span class=\"a-list-item\">LAMES EN C\u00c9RAMIQUE ET M\u00c9TALLURGIE DES POUDRES: Le kit de coupe de cheveux VGR est dot\u00e9 de lames en c\u00e9ramique et m\u00e9tallurgie des poudres avanc\u00e9es, offrant une exp\u00e9rience de soin exceptionnelle. Ces lames combinent la nettet\u00e9 de la c\u00e9ramique avec la durabilit\u00e9 de la m\u00e9tallurgie des poudres, r\u00e9put\u00e9es pour leur duret\u00e9 sup\u00e9rieure et leur performance de coupe pr\u00e9cise. Que ce soit pour des d\u00e9tails capillaires complexes ou un entretien r\u00e9gulier, ces lames excellent sans effort. Leur r\u00e9sistance \u00e0 l&#8217;usure et leur faible production de chaleur assurent confort et stabilit\u00e9 lors d&#8217;une utilisation prolong\u00e9e, rendant chaque session de soin agr\u00e9able<\/span><\/li>\n<li class=\"a-spacing-mini\"><span class=\"a-list-item\">BATTERIE LONGUE DUR\u00c9E ET INDICATEUR DE CHARGE: La tondeuse est \u00e9quip\u00e9e d&#8217;une puissante batterie de 2500mAh, offrant 250 minutes d&#8217;utilisation continue avec une seule charge, vous donnant amplement le temps de r\u00e9aliser votre coiffure facilement. Le rasoir dispose d&#8217;une batterie de 2000mAh, offrant jusqu&#8217;\u00e0 240 minutes de performance ininterrompue, id\u00e9ale pour la sculpture capillaire d\u00e9taill\u00e9e ou le rasage quotidien avec une pr\u00e9cision et une fiabilit\u00e9 in\u00e9gal\u00e9es. De plus, les deux appareils sont dot\u00e9s d&#8217;un indicateur de batterie pratique pour surveiller l&#8217;autonomie restante en temps r\u00e9el<\/span><\/li>\n<li class=\"a-spacing-mini\"><span class=\"a-list-item\">CORPS EFFIL\u00c9 ET TEXTURE ANTID\u00c9RAPANTE: Con\u00e7u avec un corps effil\u00e9 \u00e9l\u00e9gant, cet ensemble de tondeuses de coiffeur tient parfaitement dans la main, permettant une maniabilit\u00e9 et une pr\u00e9cision sans effort. Le design ergonomique garantit que m\u00eame pendant de longues sessions de toilettage, votre main reste confortable et sans fatigue. La tondeuse est dot\u00e9e d&#8217;une poign\u00e9e textur\u00e9e antid\u00e9rapante, offrant une prise en main s\u00e9curis\u00e9e qui am\u00e9liore le contr\u00f4le et la stabilit\u00e9. Cet \u00e9l\u00e9ment de design r\u00e9fl\u00e9chi garantit que la tondeuse reste fermement dans la main, m\u00eame mouill\u00e9e, \u00e9vitant ainsi les glissements accidentels et assurant une coupe toujours fluide et pr\u00e9cise<\/span><\/li>\n<li class=\"a-spacing-mini\"><span class=\"a-list-item\">KIT DE COIFFURE PARFAIT: Cet ensemble de coiffeur comprend une tondeuse haute performance et un tondeur de pr\u00e9cision. La tondeuse est livr\u00e9e avec 6 sabots sp\u00e9cialis\u00e9s (1,5 mm \u00e0 12 mm), tandis que le tondeur comprend 3 sabots d\u00e9di\u00e9s (1 mm \u00e0 3 mm). L&#8217;ensemble comprend une bouteille d&#8217;huile lubrifiante, une brosse de nettoyage, un cache de protection pour la tondeuse et le tondeur, ainsi qu&#8217;un c\u00e2ble de charge. Le tondeur est \u00e9quip\u00e9 d&#8217;une lame DLC T haute pr\u00e9cision, capable de r\u00e9aliser des coupes parfaites de 0 mm, id\u00e9ale pour des d\u00e9tails capillaires minutieux. La tondeuse dispose d&#8217;un levier conique offrant 5 longueurs r\u00e9glables pour s&#8217;adapter \u00e0 divers styles<\/span><\/li>\n<\/ul>\n","protected":false},"excerpt":{"rendered":"<ul class=\"a-unordered-list a-vertical a-spacing-mini\">\n<li class=\"a-spacing-mini\"><span class=\"a-list-item\">MOTEUR INTELLIGENT \u00c0 COUPLE PUISSANT: Notre tondeuse \u00e0 cheveux et tondeuse multifonction est dot\u00e9e d\u2019un moteur intelligent \u00e0 couple r\u00e9glable, offrant des performances in\u00e9gal\u00e9es avec ses deux vitesses r\u00e9glables. La conception pr\u00e9cise du moteur permet des transitions fluides entre les vitesses, avec un r\u00e9glage maximal atteignant 9000 tr\/min. Sa polyvalence pour s\u2019adapter \u00e0 diverses coiffures en fait un choix id\u00e9al pour une utilisation professionnelle et personnelle<\/span><\/li>\n<li class=\"a-spacing-mini\"><span class=\"a-list-item\">LAMES EN C\u00c9RAMIQUE ET M\u00c9TALLURGIE DES POUDRES: Le kit de coupe de cheveux VGR est dot\u00e9 de lames en c\u00e9ramique et m\u00e9tallurgie des poudres avanc\u00e9es, offrant une exp\u00e9rience de soin exceptionnelle. Ces lames combinent la nettet\u00e9 de la c\u00e9ramique avec la durabilit\u00e9 de la m\u00e9tallurgie des poudres, r\u00e9put\u00e9es pour leur duret\u00e9 sup\u00e9rieure et leur performance de coupe pr\u00e9cise. Que ce soit pour des d\u00e9tails capillaires complexes ou un entretien r\u00e9gulier, ces lames excellent sans effort. Leur r\u00e9sistance \u00e0 l&#8217;usure et leur faible production de chaleur assurent confort et stabilit\u00e9 lors d&#8217;une utilisation prolong\u00e9e, rendant chaque session de soin agr\u00e9able<\/span><\/li>\n<li class=\"a-spacing-mini\"><span class=\"a-list-item\">BATTERIE LONGUE DUR\u00c9E ET INDICATEUR DE CHARGE: La tondeuse est \u00e9quip\u00e9e d&#8217;une puissante batterie de 2500mAh, offrant 250 minutes d&#8217;utilisation continue avec une seule charge, vous donnant amplement le temps de r\u00e9aliser votre coiffure facilement. Le rasoir dispose d&#8217;une batterie de 2000mAh, offrant jusqu&#8217;\u00e0 240 minutes de performance ininterrompue, id\u00e9ale pour la sculpture capillaire d\u00e9taill\u00e9e ou le rasage quotidien avec une pr\u00e9cision et une fiabilit\u00e9 in\u00e9gal\u00e9es. De plus, les deux appareils sont dot\u00e9s d&#8217;un indicateur de batterie pratique pour surveiller l&#8217;autonomie restante en temps r\u00e9el<\/span><\/li>\n<li class=\"a-spacing-mini\"><span class=\"a-list-item\">CORPS EFFIL\u00c9 ET TEXTURE ANTID\u00c9RAPANTE: Con\u00e7u avec un corps effil\u00e9 \u00e9l\u00e9gant, cet ensemble de tondeuses de coiffeur tient parfaitement dans la main, permettant une maniabilit\u00e9 et une pr\u00e9cision sans effort. Le design ergonomique garantit que m\u00eame pendant de longues sessions de toilettage, votre main reste confortable et sans fatigue. La tondeuse est dot\u00e9e d&#8217;une poign\u00e9e textur\u00e9e antid\u00e9rapante, offrant une prise en main s\u00e9curis\u00e9e qui am\u00e9liore le contr\u00f4le et la stabilit\u00e9. Cet \u00e9l\u00e9ment de design r\u00e9fl\u00e9chi garantit que la tondeuse reste fermement dans la main, m\u00eame mouill\u00e9e, \u00e9vitant ainsi les glissements accidentels et assurant une coupe toujours fluide et pr\u00e9cise<\/span><\/li>\n<li class=\"a-spacing-mini\"><span class=\"a-list-item\">KIT DE COIFFURE PARFAIT: Cet ensemble de coiffeur comprend une tondeuse haute performance et un tondeur de pr\u00e9cision. La tondeuse est livr\u00e9e avec 6 sabots sp\u00e9cialis\u00e9s (1,5 mm \u00e0 12 mm), tandis que le tondeur comprend 3 sabots d\u00e9di\u00e9s (1 mm \u00e0 3 mm). L&#8217;ensemble comprend une bouteille d&#8217;huile lubrifiante, une brosse de nettoyage, un cache de protection pour la tondeuse et le tondeur, ainsi qu&#8217;un c\u00e2ble de charge. Le tondeur est \u00e9quip\u00e9 d&#8217;une lame DLC T haute pr\u00e9cision, capable de r\u00e9aliser des coupes parfaites de 0 mm, id\u00e9ale pour des d\u00e9tails capillaires minutieux. La tondeuse dispose d&#8217;un levier conique offrant 5 longueurs r\u00e9glables pour s&#8217;adapter \u00e0 divers styles<\/span><\/li>\n<\/ul>\n","protected":false},"featured_media":5534,"comment_status":"open","ping_status":"closed","template":"","meta":{"_uag_custom_page_level_css":"","site-sidebar-layout":"default","site-content-layout":"default","ast-global-header-display":"","ast-main-header-display":"","ast-hfb-above-header-display":"","ast-hfb-below-header-display":"","ast-hfb-mobile-header-display":"","site-post-title":"","ast-breadcrumbs-content":"","ast-featured-img":"","footer-sml-layout":"","theme-transparent-header-meta":"default","adv-header-id-meta":"","stick-header-meta":"","header-above-stick-meta":"","header-main-stick-meta":"","header-below-stick-meta":"","_joinchat":[],"jetpack_publicize_message":"","jetpack_publicize_feature_enabled":true,"jetpack_social_post_already_shared":true,"jetpack_social_options":{"image_generator_settings":{"template":"highway","default_image_id":0,"font":"","enabled":false},"version":2}},"product_brand":[],"product_cat":[19,33,32,20],"product_tag":[],"class_list":{"0":"post-5521","1":"product","2":"type-product","3":"status-publish","4":"has-post-thumbnail","6":"product_cat-pack-promo","7":"product_cat-pour-la-barbe-","8":"product_cat-pour-les-cheveux-","9":"product_cat-promotion","10":"product_shipping_class-8-dt","11":"desktop-align-center","12":"tablet-align-left","13":"mobile-align-left","15":"first","16":"instock","17":"sale","18":"shipping-taxable","19":"purchasable","20":"product-type-simple"},"jetpack_publicize_connections":[],"uagb_featured_image_src":{"full":["https:\/\/www.tondeusetunisie.tn\/wp-content\/uploads\/2025\/02\/jjjjjjjj.webp",491,500,false],"thumbnail":["https:\/\/www.tondeusetunisie.tn\/wp-content\/uploads\/2025\/02\/jjjjjjjj-150x150.webp",150,150,true],"medium":["https:\/\/www.tondeusetunisie.tn\/wp-content\/uploads\/2025\/02\/jjjjjjjj-295x300.webp",295,300,true],"medium_large":["https:\/\/www.tondeusetunisie.tn\/wp-content\/uploads\/2025\/02\/jjjjjjjj.webp",491,500,false],"large":["https:\/\/www.tondeusetunisie.tn\/wp-content\/uploads\/2025\/02\/jjjjjjjj.webp",491,500,false],"1536x1536":["https:\/\/www.tondeusetunisie.tn\/wp-content\/uploads\/2025\/02\/jjjjjjjj.webp",491,500,false],"2048x2048":["https:\/\/www.tondeusetunisie.tn\/wp-content\/uploads\/2025\/02\/jjjjjjjj.webp",491,500,false],"woocommerce_thumbnail":["https:\/\/www.tondeusetunisie.tn\/wp-content\/uploads\/2025\/02\/jjjjjjjj-300x300.webp",300,300,true],"woocommerce_single":["https:\/\/www.tondeusetunisie.tn\/wp-content\/uploads\/2025\/02\/jjjjjjjj.webp",491,500,false],"woocommerce_gallery_thumbnail":["https:\/\/www.tondeusetunisie.tn\/wp-content\/uploads\/2025\/02\/jjjjjjjj-100x100.webp",100,100,true]},"uagb_author_info":{"display_name":"admin5942","author_link":"https:\/\/www.tondeusetunisie.tn\/index.php\/author\/"},"uagb_comment_info":0,"uagb_excerpt":"MOTEUR INTELLIGENT \u00c0 COUPLE PUISSANT: Notre tondeuse \u00e0 cheveux et tondeuse multifonction est dot\u00e9e d\u2019un moteur intelligent \u00e0 couple r\u00e9glable, offrant des performances in\u00e9gal\u00e9es avec ses deux vitesses r\u00e9glables. La conception pr\u00e9cise du moteur permet des transitions fluides entre les vitesses, avec un r\u00e9glage maximal atteignant 9000 tr\/min. Sa polyvalence pour s\u2019adapter \u00e0 diverses coiffures&hellip;","jetpack_sharing_enabled":true,"jetpack_likes_enabled":true,"_links":{"self":[{"href":"https:\/\/www.tondeusetunisie.tn\/index.php\/wp-json\/wp\/v2\/product\/5521","targetHints":{"allow":["GET"]}}],"collection":[{"href":"https:\/\/www.tondeusetunisie.tn\/index.php\/wp-json\/wp\/v2\/product"}],"about":[{"href":"https:\/\/www.tondeusetunisie.tn\/index.php\/wp-json\/wp\/v2\/types\/product"}],"replies":[{"embeddable":true,"href":"https:\/\/www.tondeusetunisie.tn\/index.php\/wp-json\/wp\/v2\/comments?post=5521"}],"wp:featuredmedia":[{"embeddable":true,"href":"https:\/\/www.tondeusetunisie.tn\/index.php\/wp-json\/wp\/v2\/media\/5534"}],"wp:attachment":[{"href":"https:\/\/www.tondeusetunisie.tn\/index.php\/wp-json\/wp\/v2\/media?parent=5521"}],"wp:term":[{"taxonomy":"product_brand","embeddable":true,"href":"https:\/\/www.tondeusetunisie.tn\/index.php\/wp-json\/wp\/v2\/product_brand?post=5521"},{"taxonomy":"product_cat","embeddable":true,"href":"https:\/\/www.tondeusetunisie.tn\/index.php\/wp-json\/wp\/v2\/product_cat?post=5521"},{"taxonomy":"product_tag","embeddable":true,"href":"https:\/\/www.tondeusetunisie.tn\/index.php\/wp-json\/wp\/v2\/product_tag?post=5521"}],"curies":[{"name":"wp","href":"https:\/\/api.w.org\/{rel}","templated":true}]}}