{"id":5535,"date":"2025-02-03T20:47:40","date_gmt":"2025-02-03T19:47:40","guid":{"rendered":"https:\/\/www.vgrstore.tn\/?post_type=product&#038;p=5535"},"modified":"2026-03-13T11:13:13","modified_gmt":"2026-03-13T10:13:13","slug":"tondeuse-a-cheveux-professionnelle-vgr-v-990-pour-hommes-pour-salon-de-coiffure-et-toilettage-personnel-a-domicile","status":"publish","type":"product","link":"https:\/\/www.tondeusetunisie.tn\/index.php\/product\/tondeuse-a-cheveux-professionnelle-vgr-v-990-pour-hommes-pour-salon-de-coiffure-et-toilettage-personnel-a-domicile\/","title":{"rendered":"Tondeuse \u00e0 cheveux professionnelle VGR V-990 pour hommes pour salon de coiffure et toilettage personnel \u00e0 domicile"},"content":{"rendered":"<p><span>\ud83d\udd3a Lames en c\u00e9ramique &#8211; Les lames durables en c\u00e9ramique et \u00e0 rev\u00eatement DLC assurent une coupe en douceur.<\/span><br \/>\n<span>\ud83d\udd3a Longue dur\u00e9e de fonctionnement &#8211; Offre jusqu&#8217;\u00e0 200 minutes d&#8217;utilisation sur une charge compl\u00e8te de 2,5 heures.<\/span><br \/>\n<span>\ud83d\udd3a Vitesse turbo &#8211; Dispose d&#8217;options \u00e0 double vitesse avec jusqu&#8217;\u00e0 8000 tr\/min pour des performances puissantes.<\/span><br \/>\n<span>\ud83d\udd3a Projecteur LED &#8211; La lumi\u00e8re LED int\u00e9gr\u00e9e am\u00e9liore la visibilit\u00e9 pour un toilettage d\u00e9taill\u00e9.<\/span><br \/>\n<span>\ud83d\udd3a Construction ergonomique &#8211; Conception compacte pour une manipulation confortable et des r\u00e9sultats professionnels.<\/span><br \/>\n<span>\ud83d\udd3a Batterie durable &#8211; La batterie lithium-ion de 2000 mAh assure des performances durables.<\/span><\/p>\n","protected":false},"excerpt":{"rendered":"<p><span>\ud83d\udd3a Lames en c\u00e9ramique &#8211; Les lames durables en c\u00e9ramique et \u00e0 rev\u00eatement DLC assurent une coupe en douceur.<\/span><br \/>\n<span>\ud83d\udd3a Longue dur\u00e9e de fonctionnement &#8211; Offre jusqu&#8217;\u00e0 200 minutes d&#8217;utilisation sur une charge compl\u00e8te de 2,5 heures.<\/span><br \/>\n<span>\ud83d\udd3a Vitesse turbo &#8211; Dispose d&#8217;options \u00e0 double vitesse avec jusqu&#8217;\u00e0 8000 tr\/min pour des performances puissantes.<\/span><br \/>\n<span>\ud83d\udd3a Projecteur LED &#8211; La lumi\u00e8re LED int\u00e9gr\u00e9e am\u00e9liore la visibilit\u00e9 pour un toilettage d\u00e9taill\u00e9.<\/span><br \/>\n<span>\ud83d\udd3a Construction ergonomique &#8211; Conception compacte pour une manipulation confortable et des r\u00e9sultats professionnels.<\/span><br \/>\n<span>\ud83d\udd3a Batterie durable &#8211; La batterie lithium-ion de 2000 mAh assure des performances durables.<\/span><\/p>\n","protected":false},"featured_media":5539,"comment_status":"open","ping_status":"closed","template":"","meta":{"_uag_custom_page_level_css":"","site-sidebar-layout":"default","site-content-layout":"default","ast-global-header-display":"","ast-main-header-display":"","ast-hfb-above-header-display":"","ast-hfb-below-header-display":"","ast-hfb-mobile-header-display":"","site-post-title":"","ast-breadcrumbs-content":"","ast-featured-img":"","footer-sml-layout":"","theme-transparent-header-meta":"default","adv-header-id-meta":"","stick-header-meta":"","header-above-stick-meta":"","header-main-stick-meta":"","header-below-stick-meta":"","_joinchat":[],"jetpack_publicize_message":"","jetpack_publicize_feature_enabled":true,"jetpack_social_post_already_shared":true,"jetpack_social_options":{"image_generator_settings":{"template":"highway","default_image_id":0,"font":"","enabled":false},"version":2}},"product_brand":[],"product_cat":[33,20],"product_tag":[],"class_list":{"0":"post-5535","1":"product","2":"type-product","3":"status-publish","4":"has-post-thumbnail","6":"product_cat-pour-la-barbe-","7":"product_cat-promotion","8":"product_shipping_class-8-dt","9":"desktop-align-center","10":"tablet-align-left","11":"mobile-align-left","13":"first","14":"instock","15":"sale","16":"shipping-taxable","17":"purchasable","18":"product-type-simple"},"jetpack_publicize_connections":[],"uagb_featured_image_src":{"full":["https:\/\/www.tondeusetunisie.tn\/wp-content\/uploads\/2025\/02\/1709865010058_V-990_5.jpg",800,800,false],"thumbnail":["https:\/\/www.tondeusetunisie.tn\/wp-content\/uploads\/2025\/02\/1709865010058_V-990_5-150x150.jpg",150,150,true],"medium":["https:\/\/www.tondeusetunisie.tn\/wp-content\/uploads\/2025\/02\/1709865010058_V-990_5-300x300.jpg",300,300,true],"medium_large":["https:\/\/www.tondeusetunisie.tn\/wp-content\/uploads\/2025\/02\/1709865010058_V-990_5-768x768.jpg",768,768,true],"large":["https:\/\/www.tondeusetunisie.tn\/wp-content\/uploads\/2025\/02\/1709865010058_V-990_5.jpg",800,800,false],"1536x1536":["https:\/\/www.tondeusetunisie.tn\/wp-content\/uploads\/2025\/02\/1709865010058_V-990_5.jpg",800,800,false],"2048x2048":["https:\/\/www.tondeusetunisie.tn\/wp-content\/uploads\/2025\/02\/1709865010058_V-990_5.jpg",800,800,false],"woocommerce_thumbnail":["https:\/\/www.tondeusetunisie.tn\/wp-content\/uploads\/2025\/02\/1709865010058_V-990_5-300x300.jpg",300,300,true],"woocommerce_single":["https:\/\/www.tondeusetunisie.tn\/wp-content\/uploads\/2025\/02\/1709865010058_V-990_5-600x600.jpg",600,600,true],"woocommerce_gallery_thumbnail":["https:\/\/www.tondeusetunisie.tn\/wp-content\/uploads\/2025\/02\/1709865010058_V-990_5-100x100.jpg",100,100,true]},"uagb_author_info":{"display_name":"admin5942","author_link":"https:\/\/www.tondeusetunisie.tn\/index.php\/author\/"},"uagb_comment_info":0,"uagb_excerpt":"\ud83d\udd3a Lames en c\u00e9ramique - Les lames durables en c\u00e9ramique et \u00e0 rev\u00eatement DLC assurent une coupe en douceur. \ud83d\udd3a Longue dur\u00e9e de fonctionnement - Offre jusqu'\u00e0 200 minutes d'utilisation sur une charge compl\u00e8te de 2,5 heures. \ud83d\udd3a Vitesse turbo - Dispose d'options \u00e0 double vitesse avec jusqu'\u00e0 8000 tr\/min pour des performances puissantes. \ud83d\udd3a&hellip;","jetpack_sharing_enabled":true,"jetpack_likes_enabled":true,"_links":{"self":[{"href":"https:\/\/www.tondeusetunisie.tn\/index.php\/wp-json\/wp\/v2\/product\/5535","targetHints":{"allow":["GET"]}}],"collection":[{"href":"https:\/\/www.tondeusetunisie.tn\/index.php\/wp-json\/wp\/v2\/product"}],"about":[{"href":"https:\/\/www.tondeusetunisie.tn\/index.php\/wp-json\/wp\/v2\/types\/product"}],"replies":[{"embeddable":true,"href":"https:\/\/www.tondeusetunisie.tn\/index.php\/wp-json\/wp\/v2\/comments?post=5535"}],"wp:featuredmedia":[{"embeddable":true,"href":"https:\/\/www.tondeusetunisie.tn\/index.php\/wp-json\/wp\/v2\/media\/5539"}],"wp:attachment":[{"href":"https:\/\/www.tondeusetunisie.tn\/index.php\/wp-json\/wp\/v2\/media?parent=5535"}],"wp:term":[{"taxonomy":"product_brand","embeddable":true,"href":"https:\/\/www.tondeusetunisie.tn\/index.php\/wp-json\/wp\/v2\/product_brand?post=5535"},{"taxonomy":"product_cat","embeddable":true,"href":"https:\/\/www.tondeusetunisie.tn\/index.php\/wp-json\/wp\/v2\/product_cat?post=5535"},{"taxonomy":"product_tag","embeddable":true,"href":"https:\/\/www.tondeusetunisie.tn\/index.php\/wp-json\/wp\/v2\/product_tag?post=5535"}],"curies":[{"name":"wp","href":"https:\/\/api.w.org\/{rel}","templated":true}]}}