{"id":5619,"date":"2025-02-21T09:27:48","date_gmt":"2025-02-21T08:27:48","guid":{"rendered":"https:\/\/www.vgrstore.tn\/index.php\/product\/tondeuse-a-cheveux-professionnelle-vgr-v-003-ultra-premium-9000-tr-min\/"},"modified":"2026-04-05T23:41:15","modified_gmt":"2026-04-05T21:41:15","slug":"tondeuse-a-cheveux-professionnelle-vgr-v-003-ultra-premium-9000-tr-min","status":"publish","type":"product","link":"https:\/\/www.tondeusetunisie.tn\/index.php\/product\/tondeuse-a-cheveux-professionnelle-vgr-v-003-ultra-premium-9000-tr-min\/","title":{"rendered":"Tondeuse \u00e0 cheveux professionnelle VGR V-003 Ultra Premium 9000 tr\/min"},"content":{"rendered":"<p>Lame : lame mobile en c\u00e9ramique + lame mobile en m\u00e9tallurgie des poudres<\/p>\n<p>Mat\u00e9riau du corps : ABS<\/p>\n<p>Plage de coupe : 0,5-12 mm<\/p>\n<p>6 r\u00e9glages de longueur (1,5 mm, 3 mm, 4,5 mm, 6 mm, 9 mm, 12 mm)<\/p>\n<p>Affichage LED<\/p>\n<p>Chargement USB Type-C (5 V ~ 1 A)<\/p>\n<p>Autonomie de la batterie de 250 min<\/p>\n<p>Temps de charge de 3 heures (0-100 %)<\/p>\n<p>Batterie au lithium de 2 500 mAh<\/p>\n<p>Vitesse du moteur : RPM : 1\u00e8re vitesse 7 000 tr\/min 2\u00e8me vitesse 9 000 tr\/min<\/p>\n<p>PUISSANCE : 8 W<\/p>\n<p>Sexe : Hommes<\/p>\n<p>Pour la tonte des cheveux, la barbe et la moustache, le toilettage du corps, le bikini<\/p>\n","protected":false},"excerpt":{"rendered":"<p>Lame : lame mobile en c\u00e9ramique + lame mobile en m\u00e9tallurgie des poudres<\/p>\n<p>Mat\u00e9riau du corps : ABS<\/p>\n<p>Plage de coupe : 0,5-12 mm<\/p>\n<p>6 r\u00e9glages de longueur (1,5 mm, 3 mm, 4,5 mm, 6 mm, 9 mm, 12 mm)<\/p>\n<p>Affichage LED<\/p>\n<p>Chargement USB Type-C (5 V ~ 1 A)<\/p>\n<p>Autonomie de la batterie de 250 min<\/p>\n<p>Temps de charge de 3 heures (0-100 %)<\/p>\n<p>Batterie au lithium de 2 500 mAh<\/p>\n<p>Vitesse du moteur : RPM : 1\u00e8re vitesse 7 000 tr\/min 2\u00e8me vitesse 9 000 tr\/min<\/p>\n<p>PUISSANCE : 8 W<\/p>\n<p>Sexe : Hommes<\/p>\n<p>Pour la tonte des cheveux, la barbe et la moustache, le toilettage du corps, le bikini<\/p>\n","protected":false},"featured_media":5622,"comment_status":"open","ping_status":"closed","template":"","meta":{"_uag_custom_page_level_css":"","site-sidebar-layout":"default","site-content-layout":"default","ast-global-header-display":"","ast-main-header-display":"","ast-hfb-above-header-display":"","ast-hfb-below-header-display":"","ast-hfb-mobile-header-display":"","site-post-title":"","ast-breadcrumbs-content":"","ast-featured-img":"","footer-sml-layout":"","theme-transparent-header-meta":"","adv-header-id-meta":"","stick-header-meta":"","header-above-stick-meta":"","header-main-stick-meta":"","header-below-stick-meta":"","_joinchat":[],"jetpack_publicize_message":"","jetpack_publicize_feature_enabled":true,"jetpack_social_post_already_shared":true,"jetpack_social_options":{"image_generator_settings":{"template":"highway","default_image_id":0,"font":"","enabled":false},"version":2}},"product_brand":[],"product_cat":[32,20],"product_tag":[],"class_list":{"0":"post-5619","1":"product","2":"type-product","3":"status-publish","4":"has-post-thumbnail","6":"product_cat-pour-les-cheveux-","7":"product_cat-promotion","8":"product_shipping_class-8-dt","9":"desktop-align-center","10":"tablet-align-left","11":"mobile-align-left","13":"first","14":"instock","15":"sale","16":"shipping-taxable","17":"purchasable","18":"product-type-simple"},"jetpack_publicize_connections":[],"uagb_featured_image_src":{"full":["https:\/\/www.tondeusetunisie.tn\/wp-content\/uploads\/2025\/02\/17237071297434076b8aba01fa2d66c3afd5dbc7ca_thumbnail_720x-1.jpg",720,720,false],"thumbnail":["https:\/\/www.tondeusetunisie.tn\/wp-content\/uploads\/2025\/02\/17237071297434076b8aba01fa2d66c3afd5dbc7ca_thumbnail_720x-1-150x150.jpg",150,150,true],"medium":["https:\/\/www.tondeusetunisie.tn\/wp-content\/uploads\/2025\/02\/17237071297434076b8aba01fa2d66c3afd5dbc7ca_thumbnail_720x-1-300x300.jpg",300,300,true],"medium_large":["https:\/\/www.tondeusetunisie.tn\/wp-content\/uploads\/2025\/02\/17237071297434076b8aba01fa2d66c3afd5dbc7ca_thumbnail_720x-1.jpg",720,720,false],"large":["https:\/\/www.tondeusetunisie.tn\/wp-content\/uploads\/2025\/02\/17237071297434076b8aba01fa2d66c3afd5dbc7ca_thumbnail_720x-1.jpg",720,720,false],"1536x1536":["https:\/\/www.tondeusetunisie.tn\/wp-content\/uploads\/2025\/02\/17237071297434076b8aba01fa2d66c3afd5dbc7ca_thumbnail_720x-1.jpg",720,720,false],"2048x2048":["https:\/\/www.tondeusetunisie.tn\/wp-content\/uploads\/2025\/02\/17237071297434076b8aba01fa2d66c3afd5dbc7ca_thumbnail_720x-1.jpg",720,720,false],"woocommerce_thumbnail":["https:\/\/www.tondeusetunisie.tn\/wp-content\/uploads\/2025\/02\/17237071297434076b8aba01fa2d66c3afd5dbc7ca_thumbnail_720x-1-300x300.jpg",300,300,true],"woocommerce_single":["https:\/\/www.tondeusetunisie.tn\/wp-content\/uploads\/2025\/02\/17237071297434076b8aba01fa2d66c3afd5dbc7ca_thumbnail_720x-1-600x600.jpg",600,600,true],"woocommerce_gallery_thumbnail":["https:\/\/www.tondeusetunisie.tn\/wp-content\/uploads\/2025\/02\/17237071297434076b8aba01fa2d66c3afd5dbc7ca_thumbnail_720x-1-100x100.jpg",100,100,true]},"uagb_author_info":{"display_name":"admin5942","author_link":"https:\/\/www.tondeusetunisie.tn\/index.php\/author\/"},"uagb_comment_info":0,"uagb_excerpt":"Lame : lame mobile en c\u00e9ramique + lame mobile en m\u00e9tallurgie des poudres Mat\u00e9riau du corps : ABS Plage de coupe : 0,5-12 mm 6 r\u00e9glages de longueur (1,5 mm, 3 mm, 4,5 mm, 6 mm, 9 mm, 12 mm) Affichage LED Chargement USB Type-C (5 V ~ 1 A) Autonomie de la batterie de&hellip;","jetpack_sharing_enabled":true,"jetpack_likes_enabled":true,"_links":{"self":[{"href":"https:\/\/www.tondeusetunisie.tn\/index.php\/wp-json\/wp\/v2\/product\/5619","targetHints":{"allow":["GET"]}}],"collection":[{"href":"https:\/\/www.tondeusetunisie.tn\/index.php\/wp-json\/wp\/v2\/product"}],"about":[{"href":"https:\/\/www.tondeusetunisie.tn\/index.php\/wp-json\/wp\/v2\/types\/product"}],"replies":[{"embeddable":true,"href":"https:\/\/www.tondeusetunisie.tn\/index.php\/wp-json\/wp\/v2\/comments?post=5619"}],"wp:featuredmedia":[{"embeddable":true,"href":"https:\/\/www.tondeusetunisie.tn\/index.php\/wp-json\/wp\/v2\/media\/5622"}],"wp:attachment":[{"href":"https:\/\/www.tondeusetunisie.tn\/index.php\/wp-json\/wp\/v2\/media?parent=5619"}],"wp:term":[{"taxonomy":"product_brand","embeddable":true,"href":"https:\/\/www.tondeusetunisie.tn\/index.php\/wp-json\/wp\/v2\/product_brand?post=5619"},{"taxonomy":"product_cat","embeddable":true,"href":"https:\/\/www.tondeusetunisie.tn\/index.php\/wp-json\/wp\/v2\/product_cat?post=5619"},{"taxonomy":"product_tag","embeddable":true,"href":"https:\/\/www.tondeusetunisie.tn\/index.php\/wp-json\/wp\/v2\/product_tag?post=5619"}],"curies":[{"name":"wp","href":"https:\/\/api.w.org\/{rel}","templated":true}]}}