{"id":5878,"date":"2025-05-21T10:11:29","date_gmt":"2025-05-21T08:11:29","guid":{"rendered":"https:\/\/www.vgrstore.tn\/index.php\/product\/rasoir-professionnel-a-grille-vgr-v-350-avec-une-precision-ultime-pour-le-rasage-des-tetes-chauves-et-de-la-barbe-pour-hommes\/"},"modified":"2026-03-30T16:12:20","modified_gmt":"2026-03-30T14:12:20","slug":"rasoir-professionnel-a-grille-vgr-v-350-avec-une-precision-ultime-pour-le-rasage-des-tetes-chauves-et-de-la-barbe-pour-hommes","status":"publish","type":"product","link":"https:\/\/www.tondeusetunisie.tn\/index.php\/product\/rasoir-professionnel-a-grille-vgr-v-350-avec-une-precision-ultime-pour-le-rasage-des-tetes-chauves-et-de-la-barbe-pour-hommes\/","title":{"rendered":"Rasoir professionnel \u00e0 grille VGR V-350 avec une pr\u00e9cision ultime pour le rasage des t\u00eates chauves et de la barbe pour hommes"},"content":{"rendered":"<p>Rasoir \u00e0 grille professionnel<br \/>\nObtenez une coupe impeccable avec le rasoir \u00e0 grille professionnel VGR V-350 , un outil de pointe de la s\u00e9rie VGR Super Trim . Con\u00e7u avec deux grilles flexibles ind\u00e9pendantes , ce rasoir glisse en douceur sur votre peau, offrant un rasage de pr\u00e8s et sans irritation, aussi bien pour les t\u00eates chauves que pour la barbe . Aliment\u00e9 par un moteur CC haute performance de 7 500 tr\/min et une batterie lithium longue dur\u00e9e de 1 200 mAh , il offre jusqu&#8217;\u00e0 180 minutes d&#8217;autonomie sur une seule charge. L&#8217; \u00e9cran LED affiche les r\u00e9glages de vitesse, le pourcentage de batterie et l&#8217;\u00e9tat de charge, tandis que le port USB Type-C facilite la recharge, o\u00f9 que vous soyez. Que vous soyez barbier professionnel ou \u00e0 domicile, le VGR V-350 vous garantit pr\u00e9cision, confort et style \u00e0 chaque utilisation.<\/p>\n<p>Caract\u00e9ristiques du rasoir \u00e0 grille professionnel VGR V-350<\/p>\n<p>\u2705 Doubles lames flexibles ind\u00e9pendantes \u2013 Parfait pour  la coupe des t\u00eates chauves et de la barbe \u2705 Moteur CC<br \/>\nhaute vitesse avec 3 r\u00e9glages de r\u00e9gime r\u00e9glables (6500\/7000\/7500) \u2705 Batterie au lithium puissante de 1200 mAh \u2705 Jusqu&#8217;\u00e0 180 minutes d&#8217;autonomie sur une seule charge \u2705 Temps de charge rapide de 2 heures \u2705 Affichage LED avec vitesse de rotation, pourcentage de batterie et indicateur de charge \u2705 Utilisation avec\/sans fil \u2705 Chargement USB Type-C pour plus de commodit\u00e9 \u2705 Conception ergonomique avec finition dor\u00e9e \u2705 Id\u00e9al pour les voyages avec capuchon de protection et pochette de voyage \u2705 Nettoyage facile avec t\u00eate de feuille amovible et brosse de nettoyage<\/p>\n<p>\u2705 \u00c0 faire :<br \/>\nNettoyez toujours le rasoir apr\u00e8s chaque utilisation pour maintenir ses performances.<br \/>\nUtilisez la brosse de nettoyage pour \u00e9liminer les d\u00e9bris de cheveux des lames et de la grille.<br \/>\nChargez compl\u00e8tement l&#8217;appareil avant la premi\u00e8re utilisation.<br \/>\nUtilisez le capuchon de protection pour couvrir les lames lorsqu&#8217;elles ne sont pas utilis\u00e9es.<br \/>\nAppliquez quelques gouttes d\u2019 huile lubrifiante sur les lames pour un fonctionnement en douceur.<br \/>\nUtilisez une pression minimale pendant le rasage pour \u00e9viter d&#8217;endommager les grilles.<br \/>\nRangez le rasoir dans la pochette de voyage lorsqu&#8217;il n&#8217;est pas utilis\u00e9.<br \/>\nChoisissez la t\u00eate de coupe adapt\u00e9e au rasage de la t\u00eate chauve ou \u00e0 la taille de la barbe .<br \/>\n\u274c \u00c0 ne pas faire :<br \/>\nN&#8217;utilisez pas le rasoir sur des cheveux ou une peau mouill\u00e9s .<br \/>\n\u00c9vitez d\u2019appuyer trop fort les lames contre la peau pour \u00e9viter toute irritation.<br \/>\nNe lavez pas le corps du rasoir sous l\u2019eau courante.<br \/>\nNe chargez pas le rasoir dans un environnement \u00e0 haute temp\u00e9rature .<br \/>\nN&#8217;utilisez pas l&#8217;appareil si les grilles ou les lames sont endommag\u00e9es .<br \/>\n\u00c9vitez d&#8217;ouvrir l&#8217;appareil pour remplacer la batterie rechargeable .<br \/>\nGardez l&#8217;appareil hors de port\u00e9e des enfants et des animaux domestiques .<br \/>\nN&#8217;utilisez pas de produits de nettoyage agressifs comme l&#8217;essence ou l&#8217;ac\u00e9tone pour nettoyer le rasoi<\/p>\n","protected":false},"excerpt":{"rendered":"<p>Rasoir \u00e0 grille professionnel Obtenez une coupe impeccable avec le rasoir \u00e0 grille professionnel VGR V-350 , un outil de pointe de la s\u00e9rie VGR Super Trim . Con\u00e7u avec deux grilles flexibles ind\u00e9pendantes , ce rasoir glisse en douceur sur votre peau, offrant un rasage de pr\u00e8s et sans irritation, aussi bien pour les &hellip;<\/p>\n<p class=\"read-more\"> <a class=\"\" href=\"https:\/\/www.tondeusetunisie.tn\/index.php\/product\/rasoir-professionnel-a-grille-vgr-v-350-avec-une-precision-ultime-pour-le-rasage-des-tetes-chauves-et-de-la-barbe-pour-hommes\/\"> <span class=\"screen-reader-text\">Rasoir professionnel \u00e0 grille VGR V-350 avec une pr\u00e9cision ultime pour le rasage des t\u00eates chauves et de la barbe pour hommes<\/span> \u0642\u0631\u0627\u0621\u0629 \u0627\u0644\u0645\u0632\u064a\u062f &raquo;<\/a><\/p>\n","protected":false},"featured_media":5877,"comment_status":"open","ping_status":"closed","template":"","meta":{"_uag_custom_page_level_css":"","site-sidebar-layout":"default","site-content-layout":"default","ast-global-header-display":"","ast-main-header-display":"","ast-hfb-above-header-display":"","ast-hfb-below-header-display":"","ast-hfb-mobile-header-display":"","site-post-title":"","ast-breadcrumbs-content":"","ast-featured-img":"","footer-sml-layout":"","theme-transparent-header-meta":"","adv-header-id-meta":"","stick-header-meta":"","header-above-stick-meta":"","header-main-stick-meta":"","header-below-stick-meta":"","_joinchat":[],"jetpack_publicize_message":"","jetpack_publicize_feature_enabled":true,"jetpack_social_post_already_shared":true,"jetpack_social_options":{"image_generator_settings":{"template":"highway","default_image_id":0,"font":"","enabled":false},"version":2}},"product_brand":[],"product_cat":[33,20],"product_tag":[],"class_list":{"0":"post-5878","1":"product","2":"type-product","3":"status-publish","4":"has-post-thumbnail","6":"product_cat-pour-la-barbe-","7":"product_cat-promotion","8":"product_shipping_class-8-dt","9":"desktop-align-center","10":"tablet-align-left","11":"mobile-align-left","13":"first","14":"instock","15":"sale","16":"shipping-taxable","17":"purchasable","18":"product-type-simple"},"jetpack_publicize_connections":[],"uagb_featured_image_src":{"full":["https:\/\/www.tondeusetunisie.tn\/wp-content\/uploads\/2025\/05\/1000020722.png",1400,1400,false],"thumbnail":["https:\/\/www.tondeusetunisie.tn\/wp-content\/uploads\/2025\/05\/1000020722-150x150.png",150,150,true],"medium":["https:\/\/www.tondeusetunisie.tn\/wp-content\/uploads\/2025\/05\/1000020722-300x300.png",300,300,true],"medium_large":["https:\/\/www.tondeusetunisie.tn\/wp-content\/uploads\/2025\/05\/1000020722-768x768.png",768,768,true],"large":["https:\/\/www.tondeusetunisie.tn\/wp-content\/uploads\/2025\/05\/1000020722-1024x1024.png",1024,1024,true],"1536x1536":["https:\/\/www.tondeusetunisie.tn\/wp-content\/uploads\/2025\/05\/1000020722.png",1400,1400,false],"2048x2048":["https:\/\/www.tondeusetunisie.tn\/wp-content\/uploads\/2025\/05\/1000020722.png",1400,1400,false],"woocommerce_thumbnail":["https:\/\/www.tondeusetunisie.tn\/wp-content\/uploads\/2025\/05\/1000020722-300x300.png",300,300,true],"woocommerce_single":["https:\/\/www.tondeusetunisie.tn\/wp-content\/uploads\/2025\/05\/1000020722-600x600.png",600,600,true],"woocommerce_gallery_thumbnail":["https:\/\/www.tondeusetunisie.tn\/wp-content\/uploads\/2025\/05\/1000020722-100x100.png",100,100,true]},"uagb_author_info":{"display_name":"admin5942","author_link":"https:\/\/www.tondeusetunisie.tn\/index.php\/author\/"},"uagb_comment_info":0,"uagb_excerpt":"Rasoir \u00e0 grille professionnel Obtenez une coupe impeccable avec le rasoir \u00e0 grille professionnel VGR V-350 , un outil de pointe de la s\u00e9rie VGR Super Trim . Con\u00e7u avec deux grilles flexibles ind\u00e9pendantes , ce rasoir glisse en douceur sur votre peau, offrant un rasage de pr\u00e8s et sans irritation, aussi bien pour les&hellip;","jetpack_sharing_enabled":true,"jetpack_likes_enabled":true,"_links":{"self":[{"href":"https:\/\/www.tondeusetunisie.tn\/index.php\/wp-json\/wp\/v2\/product\/5878","targetHints":{"allow":["GET"]}}],"collection":[{"href":"https:\/\/www.tondeusetunisie.tn\/index.php\/wp-json\/wp\/v2\/product"}],"about":[{"href":"https:\/\/www.tondeusetunisie.tn\/index.php\/wp-json\/wp\/v2\/types\/product"}],"replies":[{"embeddable":true,"href":"https:\/\/www.tondeusetunisie.tn\/index.php\/wp-json\/wp\/v2\/comments?post=5878"}],"wp:featuredmedia":[{"embeddable":true,"href":"https:\/\/www.tondeusetunisie.tn\/index.php\/wp-json\/wp\/v2\/media\/5877"}],"wp:attachment":[{"href":"https:\/\/www.tondeusetunisie.tn\/index.php\/wp-json\/wp\/v2\/media?parent=5878"}],"wp:term":[{"taxonomy":"product_brand","embeddable":true,"href":"https:\/\/www.tondeusetunisie.tn\/index.php\/wp-json\/wp\/v2\/product_brand?post=5878"},{"taxonomy":"product_cat","embeddable":true,"href":"https:\/\/www.tondeusetunisie.tn\/index.php\/wp-json\/wp\/v2\/product_cat?post=5878"},{"taxonomy":"product_tag","embeddable":true,"href":"https:\/\/www.tondeusetunisie.tn\/index.php\/wp-json\/wp\/v2\/product_tag?post=5878"}],"curies":[{"name":"wp","href":"https:\/\/api.w.org\/{rel}","templated":true}]}}