{"id":6029,"date":"2025-08-08T12:43:23","date_gmt":"2025-08-08T10:43:23","guid":{"rendered":"https:\/\/www.vgrstore.tn\/index.php\/product\/tondeuse-a-cheveux-professionnelle-vgr-v-015-de-qualite-salon-doree\/"},"modified":"2026-03-16T22:50:36","modified_gmt":"2026-03-16T21:50:36","slug":"tondeuse-a-cheveux-professionnelle-vgr-v-015-de-qualite-salon-doree","status":"publish","type":"product","link":"https:\/\/www.tondeusetunisie.tn\/index.php\/product\/tondeuse-a-cheveux-professionnelle-vgr-v-015-de-qualite-salon-doree\/","title":{"rendered":"Tondeuse \u00e0 cheveux professionnelle VGR V-015 de qualit\u00e9 salon (dor\u00e9e)"},"content":{"rendered":"<p>tondeuse \u00e0 cheveux professionnelle VGR V-015 de qualit\u00e9 salon est un outil de coiffure polyvalent et puissant, con\u00e7u pour un usage en salon et personnel. Dot\u00e9e d&#8217;un corps en m\u00e9tal robuste et de lames \u00e0 rev\u00eatement DLC, elle garantit une coupe pr\u00e9cise et nette \u00e0 chaque fois. Dot\u00e9e d&#8217;une puissante batterie lithium de 2 500 mAh offrant 120 minutes d&#8217;autonomie apr\u00e8s seulement 3 heures de charge, cette tondeuse est id\u00e9ale pour un toilettage efficace. Son moteur vectoriel de 9 000 tr\/min offre des performances exceptionnelles, tandis que les six peignes de guidage magn\u00e9tiques permettent des longueurs de coupe personnalisables de 0,8 mm \u00e0 13 mm. Sa conception ergonomique assure une prise en main confortable et la tondeuse est facile \u00e0 nettoyer et \u00e0 entretenir. Un moteur silencieux, un changement de vitesse intelligent et une recharge USB Type-C ajoutent \u00e0 son confort. Avec une garantie d&#8217;un an et un service client de qualit\u00e9, la VGR V-015 est l&#8217;outil id\u00e9al pour des coupes de cheveux de qualit\u00e9 professionnelle.<\/p>\n<p>Consignes d\u2019entretien et de soins :<\/p>\n<p>Pour prolonger la dur\u00e9e de vie de l&#8217;appareil, quelques points sont \u00e0 prendre en compte. Apr\u00e8s chaque utilisation, nettoyez la VGR V-015 et lubrifiez-la si n\u00e9cessaire. Voici quelques conseils pour un entretien optimal de cette tondeuse :<\/p>\n<p>\u00c0 faire<br \/>\nNettoyez l\u2019appareil avec un chiffon doux et sec.<br \/>\nGardez la tondeuse exempte de salet\u00e9.<br \/>\nNettoyer avant et apr\u00e8s utilisation pour une exp\u00e9rience optimale.<br \/>\nContactez l&#8217;\u00e9quipe d&#8217;assistance si l&#8217;appareil ne fonctionne pas correctement.<br \/>\n\u00c9liminer l&#8217;appareil conform\u00e9ment \u00e0 la directive europ\u00e9enne 2002\/96\/CE.<br \/>\n\u00c0 ne pas faire<br \/>\nPlongez l&#8217;appareil dans l&#8217;eau.<br \/>\nUtilisez des solvants et des d\u00e9tergents pour le nettoyage.<br \/>\nEssayez de r\u00e9parer l&#8217;appareil vous-m\u00eame, votre garantie expirera.<br \/>\nLaissez vos enfants l&#8217;utiliser sans la surveillance d&#8217;un adulte, cela pourrait les blesser.<\/p>\n","protected":false},"excerpt":{"rendered":"<p>tondeuse \u00e0 cheveux professionnelle VGR V-015 de qualit\u00e9 salon est un outil de coiffure polyvalent et puissant, con\u00e7u pour un usage en salon et personnel. Dot\u00e9e d&#8217;un corps en m\u00e9tal robuste et de lames \u00e0 rev\u00eatement DLC, elle garantit une coupe pr\u00e9cise et nette \u00e0 chaque fois. Dot\u00e9e d&#8217;une puissante batterie lithium de 2 500 &hellip;<\/p>\n<p class=\"read-more\"> <a class=\"\" href=\"https:\/\/www.tondeusetunisie.tn\/index.php\/product\/tondeuse-a-cheveux-professionnelle-vgr-v-015-de-qualite-salon-doree\/\"> <span class=\"screen-reader-text\">Tondeuse \u00e0 cheveux professionnelle VGR V-015 de qualit\u00e9 salon (dor\u00e9e)<\/span> \u0642\u0631\u0627\u0621\u0629 \u0627\u0644\u0645\u0632\u064a\u062f &raquo;<\/a><\/p>\n","protected":false},"featured_media":6027,"comment_status":"open","ping_status":"closed","template":"","meta":{"_uag_custom_page_level_css":"","site-sidebar-layout":"default","site-content-layout":"default","ast-global-header-display":"","ast-main-header-display":"","ast-hfb-above-header-display":"","ast-hfb-below-header-display":"","ast-hfb-mobile-header-display":"","site-post-title":"","ast-breadcrumbs-content":"","ast-featured-img":"","footer-sml-layout":"","theme-transparent-header-meta":"","adv-header-id-meta":"","stick-header-meta":"","header-above-stick-meta":"","header-main-stick-meta":"","header-below-stick-meta":"","_joinchat":[],"jetpack_publicize_message":"","jetpack_publicize_feature_enabled":true,"jetpack_social_post_already_shared":true,"jetpack_social_options":{"image_generator_settings":{"template":"highway","default_image_id":0,"font":"","enabled":false},"version":2}},"product_brand":[],"product_cat":[19,32],"product_tag":[],"class_list":{"0":"post-6029","1":"product","2":"type-product","3":"status-publish","4":"has-post-thumbnail","6":"product_cat-pack-promo","7":"product_cat-pour-les-cheveux-","8":"product_shipping_class-8-dt","9":"desktop-align-center","10":"tablet-align-left","11":"mobile-align-left","13":"first","14":"instock","15":"sale","16":"shipping-taxable","17":"purchasable","18":"product-type-simple"},"jetpack_publicize_connections":[],"uagb_featured_image_src":{"full":["https:\/\/www.tondeusetunisie.tn\/wp-content\/uploads\/2025\/08\/1000026183.jpg",1000,1000,false],"thumbnail":["https:\/\/www.tondeusetunisie.tn\/wp-content\/uploads\/2025\/08\/1000026183-150x150.jpg",150,150,true],"medium":["https:\/\/www.tondeusetunisie.tn\/wp-content\/uploads\/2025\/08\/1000026183-300x300.jpg",300,300,true],"medium_large":["https:\/\/www.tondeusetunisie.tn\/wp-content\/uploads\/2025\/08\/1000026183-768x768.jpg",768,768,true],"large":["https:\/\/www.tondeusetunisie.tn\/wp-content\/uploads\/2025\/08\/1000026183.jpg",1000,1000,false],"1536x1536":["https:\/\/www.tondeusetunisie.tn\/wp-content\/uploads\/2025\/08\/1000026183.jpg",1000,1000,false],"2048x2048":["https:\/\/www.tondeusetunisie.tn\/wp-content\/uploads\/2025\/08\/1000026183.jpg",1000,1000,false],"woocommerce_thumbnail":["https:\/\/www.tondeusetunisie.tn\/wp-content\/uploads\/2025\/08\/1000026183-300x300.jpg",300,300,true],"woocommerce_single":["https:\/\/www.tondeusetunisie.tn\/wp-content\/uploads\/2025\/08\/1000026183-600x600.jpg",600,600,true],"woocommerce_gallery_thumbnail":["https:\/\/www.tondeusetunisie.tn\/wp-content\/uploads\/2025\/08\/1000026183-100x100.jpg",100,100,true]},"uagb_author_info":{"display_name":"admin5942","author_link":"https:\/\/www.tondeusetunisie.tn\/index.php\/author\/"},"uagb_comment_info":0,"uagb_excerpt":"tondeuse \u00e0 cheveux professionnelle VGR V-015 de qualit\u00e9 salon est un outil de coiffure polyvalent et puissant, con\u00e7u pour un usage en salon et personnel. Dot\u00e9e d&#8217;un corps en m\u00e9tal robuste et de lames \u00e0 rev\u00eatement DLC, elle garantit une coupe pr\u00e9cise et nette \u00e0 chaque fois. Dot\u00e9e d&#8217;une puissante batterie lithium de 2 500&hellip;","jetpack_sharing_enabled":true,"jetpack_likes_enabled":true,"_links":{"self":[{"href":"https:\/\/www.tondeusetunisie.tn\/index.php\/wp-json\/wp\/v2\/product\/6029","targetHints":{"allow":["GET"]}}],"collection":[{"href":"https:\/\/www.tondeusetunisie.tn\/index.php\/wp-json\/wp\/v2\/product"}],"about":[{"href":"https:\/\/www.tondeusetunisie.tn\/index.php\/wp-json\/wp\/v2\/types\/product"}],"replies":[{"embeddable":true,"href":"https:\/\/www.tondeusetunisie.tn\/index.php\/wp-json\/wp\/v2\/comments?post=6029"}],"wp:featuredmedia":[{"embeddable":true,"href":"https:\/\/www.tondeusetunisie.tn\/index.php\/wp-json\/wp\/v2\/media\/6027"}],"wp:attachment":[{"href":"https:\/\/www.tondeusetunisie.tn\/index.php\/wp-json\/wp\/v2\/media?parent=6029"}],"wp:term":[{"taxonomy":"product_brand","embeddable":true,"href":"https:\/\/www.tondeusetunisie.tn\/index.php\/wp-json\/wp\/v2\/product_brand?post=6029"},{"taxonomy":"product_cat","embeddable":true,"href":"https:\/\/www.tondeusetunisie.tn\/index.php\/wp-json\/wp\/v2\/product_cat?post=6029"},{"taxonomy":"product_tag","embeddable":true,"href":"https:\/\/www.tondeusetunisie.tn\/index.php\/wp-json\/wp\/v2\/product_tag?post=6029"}],"curies":[{"name":"wp","href":"https:\/\/api.w.org\/{rel}","templated":true}]}}