{"id":6036,"date":"2025-08-08T12:44:55","date_gmt":"2025-08-08T10:44:55","guid":{"rendered":"https:\/\/www.vgrstore.tn\/index.php\/product\/tondeuse-a-cheveux-professionnelle-sans-fil-vgr-v-270-pour-hommes-boitier-metallique\/"},"modified":"2026-03-02T11:02:38","modified_gmt":"2026-03-02T10:02:38","slug":"tondeuse-a-cheveux-professionnelle-sans-fil-vgr-v-270-pour-hommes-boitier-metallique","status":"publish","type":"product","link":"https:\/\/www.tondeusetunisie.tn\/index.php\/product\/tondeuse-a-cheveux-professionnelle-sans-fil-vgr-v-270-pour-hommes-boitier-metallique\/","title":{"rendered":"Tondeuse \u00e0 cheveux professionnelle sans fil VGR V-270 pour hommes, bo\u00eetier m\u00e9tallique"},"content":{"rendered":"<p>La tondeuse professionnelle VGR V-270 est un outil de coiffure haute performance con\u00e7u pour les coiffeurs professionnels et les particuliers. Dot\u00e9e de lames en c\u00e9ramique et m\u00e9tallurgie des poudres de qualit\u00e9 sup\u00e9rieure, elle assure une coupe pr\u00e9cise et douce pour les hommes et les gar\u00e7ons. Dot\u00e9e d&#8217;un bo\u00eetier m\u00e9tallique \u00e9l\u00e9gant et d&#8217;un levier conique moderne pour un r\u00e9glage facile de la longueur, cette tondeuse offre une durabilit\u00e9 et un confort exceptionnels au quotidien.<\/p>\n<p>\u00c0 faire :<br \/>\nNettoyez la tondeuse apr\u00e8s chaque utilisation pour maintenir ses performances.<br \/>\nLubrifiez r\u00e9guli\u00e8rement les lames avec l&#8217;huile fournie.<br \/>\nUtilisez la tondeuse sur cheveux secs pour de meilleurs r\u00e9sultats.<br \/>\nConserver dans un endroit frais et sec.<br \/>\n\u00c0 ne pas faire :<br \/>\nPlongez la tondeuse dans l&#8217;eau.<br \/>\nUtilisez la tondeuse avec des lames endommag\u00e9es ou us\u00e9es.<br \/>\nUtiliser sur les animaux.<br \/>\nAppliquez des produits chimiques agressifs ou des solvants pour le nettoyage.<\/p>\n","protected":false},"excerpt":{"rendered":"<p>La tondeuse professionnelle VGR V-270 est un outil de coiffure haute performance con\u00e7u pour les coiffeurs professionnels et les particuliers. Dot\u00e9e de lames en c\u00e9ramique et m\u00e9tallurgie des poudres de qualit\u00e9 sup\u00e9rieure, elle assure une coupe pr\u00e9cise et douce pour les hommes et les gar\u00e7ons. Dot\u00e9e d&#8217;un bo\u00eetier m\u00e9tallique \u00e9l\u00e9gant et d&#8217;un levier conique moderne &hellip;<\/p>\n<p class=\"read-more\"> <a class=\"\" href=\"https:\/\/www.tondeusetunisie.tn\/index.php\/product\/tondeuse-a-cheveux-professionnelle-sans-fil-vgr-v-270-pour-hommes-boitier-metallique\/\"> <span class=\"screen-reader-text\">Tondeuse \u00e0 cheveux professionnelle sans fil VGR V-270 pour hommes, bo\u00eetier m\u00e9tallique<\/span> \u0642\u0631\u0627\u0621\u0629 \u0627\u0644\u0645\u0632\u064a\u062f &raquo;<\/a><\/p>\n","protected":false},"featured_media":6071,"comment_status":"open","ping_status":"closed","template":"","meta":{"_uag_custom_page_level_css":"","site-sidebar-layout":"default","site-content-layout":"default","ast-global-header-display":"","ast-main-header-display":"","ast-hfb-above-header-display":"","ast-hfb-below-header-display":"","ast-hfb-mobile-header-display":"","site-post-title":"","ast-breadcrumbs-content":"","ast-featured-img":"","footer-sml-layout":"","theme-transparent-header-meta":"","adv-header-id-meta":"","stick-header-meta":"","header-above-stick-meta":"","header-main-stick-meta":"","header-below-stick-meta":"","_joinchat":[],"jetpack_publicize_message":"","jetpack_publicize_feature_enabled":true,"jetpack_social_post_already_shared":true,"jetpack_social_options":{"image_generator_settings":{"template":"highway","default_image_id":0,"font":"","enabled":false},"version":2}},"product_brand":[],"product_cat":[32],"product_tag":[],"class_list":{"0":"post-6036","1":"product","2":"type-product","3":"status-publish","4":"has-post-thumbnail","6":"product_cat-pour-les-cheveux-","7":"product_shipping_class-8-dt","8":"desktop-align-center","9":"tablet-align-left","10":"mobile-align-left","12":"first","13":"instock","14":"sale","15":"shipping-taxable","16":"purchasable","17":"product-type-simple"},"jetpack_publicize_connections":[],"uagb_featured_image_src":{"full":["https:\/\/www.tondeusetunisie.tn\/wp-content\/uploads\/2025\/08\/1000026487.jpg",1200,1200,false],"thumbnail":["https:\/\/www.tondeusetunisie.tn\/wp-content\/uploads\/2025\/08\/1000026487-150x150.jpg",150,150,true],"medium":["https:\/\/www.tondeusetunisie.tn\/wp-content\/uploads\/2025\/08\/1000026487-300x300.jpg",300,300,true],"medium_large":["https:\/\/www.tondeusetunisie.tn\/wp-content\/uploads\/2025\/08\/1000026487-768x768.jpg",768,768,true],"large":["https:\/\/www.tondeusetunisie.tn\/wp-content\/uploads\/2025\/08\/1000026487-1024x1024.jpg",1024,1024,true],"1536x1536":["https:\/\/www.tondeusetunisie.tn\/wp-content\/uploads\/2025\/08\/1000026487.jpg",1200,1200,false],"2048x2048":["https:\/\/www.tondeusetunisie.tn\/wp-content\/uploads\/2025\/08\/1000026487.jpg",1200,1200,false],"woocommerce_thumbnail":["https:\/\/www.tondeusetunisie.tn\/wp-content\/uploads\/2025\/08\/1000026487-300x300.jpg",300,300,true],"woocommerce_single":["https:\/\/www.tondeusetunisie.tn\/wp-content\/uploads\/2025\/08\/1000026487-600x600.jpg",600,600,true],"woocommerce_gallery_thumbnail":["https:\/\/www.tondeusetunisie.tn\/wp-content\/uploads\/2025\/08\/1000026487-100x100.jpg",100,100,true]},"uagb_author_info":{"display_name":"admin5942","author_link":"https:\/\/www.tondeusetunisie.tn\/index.php\/author\/"},"uagb_comment_info":0,"uagb_excerpt":"La tondeuse professionnelle VGR V-270 est un outil de coiffure haute performance con\u00e7u pour les coiffeurs professionnels et les particuliers. Dot\u00e9e de lames en c\u00e9ramique et m\u00e9tallurgie des poudres de qualit\u00e9 sup\u00e9rieure, elle assure une coupe pr\u00e9cise et douce pour les hommes et les gar\u00e7ons. Dot\u00e9e d&#8217;un bo\u00eetier m\u00e9tallique \u00e9l\u00e9gant et d&#8217;un levier conique moderne&hellip;","jetpack_sharing_enabled":true,"jetpack_likes_enabled":true,"_links":{"self":[{"href":"https:\/\/www.tondeusetunisie.tn\/index.php\/wp-json\/wp\/v2\/product\/6036","targetHints":{"allow":["GET"]}}],"collection":[{"href":"https:\/\/www.tondeusetunisie.tn\/index.php\/wp-json\/wp\/v2\/product"}],"about":[{"href":"https:\/\/www.tondeusetunisie.tn\/index.php\/wp-json\/wp\/v2\/types\/product"}],"replies":[{"embeddable":true,"href":"https:\/\/www.tondeusetunisie.tn\/index.php\/wp-json\/wp\/v2\/comments?post=6036"}],"wp:featuredmedia":[{"embeddable":true,"href":"https:\/\/www.tondeusetunisie.tn\/index.php\/wp-json\/wp\/v2\/media\/6071"}],"wp:attachment":[{"href":"https:\/\/www.tondeusetunisie.tn\/index.php\/wp-json\/wp\/v2\/media?parent=6036"}],"wp:term":[{"taxonomy":"product_brand","embeddable":true,"href":"https:\/\/www.tondeusetunisie.tn\/index.php\/wp-json\/wp\/v2\/product_brand?post=6036"},{"taxonomy":"product_cat","embeddable":true,"href":"https:\/\/www.tondeusetunisie.tn\/index.php\/wp-json\/wp\/v2\/product_cat?post=6036"},{"taxonomy":"product_tag","embeddable":true,"href":"https:\/\/www.tondeusetunisie.tn\/index.php\/wp-json\/wp\/v2\/product_tag?post=6036"}],"curies":[{"name":"wp","href":"https:\/\/api.w.org\/{rel}","templated":true}]}}