{"id":6044,"date":"2025-08-08T12:47:11","date_gmt":"2025-08-08T10:47:11","guid":{"rendered":"https:\/\/www.vgrstore.tn\/index.php\/product\/rasoir-professionnel-pour-homme-vgr-v-377\/"},"modified":"2026-03-24T17:10:45","modified_gmt":"2026-03-24T16:10:45","slug":"rasoir-professionnel-pour-homme-vgr-v-377","status":"publish","type":"product","link":"https:\/\/www.tondeusetunisie.tn\/index.php\/product\/rasoir-professionnel-pour-homme-vgr-v-377\/","title":{"rendered":"Rasoir professionnel pour homme VGR V-377"},"content":{"rendered":"<p>Le rasoir professionnel \u00e0 grille VGR V-377 est un outil de rasage haut de gamme con\u00e7u pour les hommes qui appr\u00e9cient pr\u00e9cision et confort. Dot\u00e9 de deux lames flottantes, il offre un rasage de pr\u00e8s et en douceur, en toute simplicit\u00e9. Son bo\u00eetier enti\u00e8rement m\u00e9tallique robuste garantit des performances longue dur\u00e9e, tandis que ses 21 vitesses r\u00e9glables permettent une exp\u00e9rience personnalisable. Aliment\u00e9 par une batterie lithium de 1400 mAh, il offre 100 minutes d&#8217;autonomie avec une charge rapide de 2 heures. L&#8217;\u00e9cran LED intuitif vous informe du r\u00e9gime moteur et de l&#8217;autonomie de la batterie. L\u00e9ger, portable et \u00e9quip\u00e9 d&#8217;une pochette de transport, ce rasoir est id\u00e9al pour les salons professionnels comme pour le rasage \u00e0 domicile.<\/p>\n<p>Consignes d\u2019entretien et de soins :<\/p>\n<p>Pour prolonger la dur\u00e9e de vie de l&#8217;appareil, quelques points sont \u00e0 prendre en compte. Voici les conseils \u00e0 suivre et \u00e0 \u00e9viter pour un entretien optimal de ce rasoir pour homme :<\/p>\n<p>\u00c0 faire<\/p>\n<p>Nettoyez l&#8217;appareil \u00e0 sec avec une brosse.<br \/>\nRemettez en place l&#8217;ensemble des couteaux et de la feuille.<br \/>\nContactez l&#8217;\u00e9quipe d&#8217;assistance si l&#8217;appareil ne fonctionne pas correctement.<br \/>\n\u00c9liminer l&#8217;appareil uniquement conform\u00e9ment \u00e0 la directive europ\u00e9enne.<br \/>\n\u00c0 ne pas faire<\/p>\n<p>Utilisez des solvants et des d\u00e9tergents pour le nettoyage.<br \/>\nEssayez de r\u00e9parer l&#8217;appareil vous-m\u00eame, votre garantie expirera.<br \/>\nLaissez vos enfants l&#8217;utiliser sans la surveillance d&#8217;un adulte, cela pourrait les blesser.<\/p>\n","protected":false},"excerpt":{"rendered":"<p>Le rasoir professionnel \u00e0 grille VGR V-377 est un outil de rasage haut de gamme con\u00e7u pour les hommes qui appr\u00e9cient pr\u00e9cision et confort. Dot\u00e9 de deux lames flottantes, il offre un rasage de pr\u00e8s et en douceur, en toute simplicit\u00e9. Son bo\u00eetier enti\u00e8rement m\u00e9tallique robuste garantit des performances longue dur\u00e9e, tandis que ses 21 &hellip;<\/p>\n<p class=\"read-more\"> <a class=\"\" href=\"https:\/\/www.tondeusetunisie.tn\/index.php\/product\/rasoir-professionnel-pour-homme-vgr-v-377\/\"> <span class=\"screen-reader-text\">Rasoir professionnel pour homme VGR V-377<\/span> \u0642\u0631\u0627\u0621\u0629 \u0627\u0644\u0645\u0632\u064a\u062f &raquo;<\/a><\/p>\n","protected":false},"featured_media":6081,"comment_status":"open","ping_status":"closed","template":"","meta":{"_uag_custom_page_level_css":"","site-sidebar-layout":"default","site-content-layout":"default","ast-global-header-display":"","ast-main-header-display":"","ast-hfb-above-header-display":"","ast-hfb-below-header-display":"","ast-hfb-mobile-header-display":"","site-post-title":"","ast-breadcrumbs-content":"","ast-featured-img":"","footer-sml-layout":"","theme-transparent-header-meta":"","adv-header-id-meta":"","stick-header-meta":"","header-above-stick-meta":"","header-main-stick-meta":"","header-below-stick-meta":"","_joinchat":[],"jetpack_publicize_message":"","jetpack_publicize_feature_enabled":true,"jetpack_social_post_already_shared":true,"jetpack_social_options":{"image_generator_settings":{"template":"highway","default_image_id":0,"font":"","enabled":false},"version":2}},"product_brand":[],"product_cat":[33],"product_tag":[],"class_list":{"0":"post-6044","1":"product","2":"type-product","3":"status-publish","4":"has-post-thumbnail","6":"product_cat-pour-la-barbe-","7":"product_shipping_class-8-dt","8":"desktop-align-center","9":"tablet-align-left","10":"mobile-align-left","12":"first","13":"instock","14":"sale","15":"shipping-taxable","16":"purchasable","17":"product-type-simple"},"jetpack_publicize_connections":[],"uagb_featured_image_src":{"full":["https:\/\/www.tondeusetunisie.tn\/wp-content\/uploads\/2025\/08\/1000026740.jpg",1080,941,false],"thumbnail":["https:\/\/www.tondeusetunisie.tn\/wp-content\/uploads\/2025\/08\/1000026740-150x150.jpg",150,150,true],"medium":["https:\/\/www.tondeusetunisie.tn\/wp-content\/uploads\/2025\/08\/1000026740-300x261.jpg",300,261,true],"medium_large":["https:\/\/www.tondeusetunisie.tn\/wp-content\/uploads\/2025\/08\/1000026740-768x669.jpg",768,669,true],"large":["https:\/\/www.tondeusetunisie.tn\/wp-content\/uploads\/2025\/08\/1000026740-1024x892.jpg",1024,892,true],"1536x1536":["https:\/\/www.tondeusetunisie.tn\/wp-content\/uploads\/2025\/08\/1000026740.jpg",1080,941,false],"2048x2048":["https:\/\/www.tondeusetunisie.tn\/wp-content\/uploads\/2025\/08\/1000026740.jpg",1080,941,false],"woocommerce_thumbnail":["https:\/\/www.tondeusetunisie.tn\/wp-content\/uploads\/2025\/08\/1000026740-300x300.jpg",300,300,true],"woocommerce_single":["https:\/\/www.tondeusetunisie.tn\/wp-content\/uploads\/2025\/08\/1000026740-600x523.jpg",600,523,true],"woocommerce_gallery_thumbnail":["https:\/\/www.tondeusetunisie.tn\/wp-content\/uploads\/2025\/08\/1000026740-100x100.jpg",100,100,true]},"uagb_author_info":{"display_name":"admin5942","author_link":"https:\/\/www.tondeusetunisie.tn\/index.php\/author\/"},"uagb_comment_info":0,"uagb_excerpt":"Le rasoir professionnel \u00e0 grille VGR V-377 est un outil de rasage haut de gamme con\u00e7u pour les hommes qui appr\u00e9cient pr\u00e9cision et confort. Dot\u00e9 de deux lames flottantes, il offre un rasage de pr\u00e8s et en douceur, en toute simplicit\u00e9. Son bo\u00eetier enti\u00e8rement m\u00e9tallique robuste garantit des performances longue dur\u00e9e, tandis que ses 21&hellip;","jetpack_sharing_enabled":true,"jetpack_likes_enabled":true,"_links":{"self":[{"href":"https:\/\/www.tondeusetunisie.tn\/index.php\/wp-json\/wp\/v2\/product\/6044","targetHints":{"allow":["GET"]}}],"collection":[{"href":"https:\/\/www.tondeusetunisie.tn\/index.php\/wp-json\/wp\/v2\/product"}],"about":[{"href":"https:\/\/www.tondeusetunisie.tn\/index.php\/wp-json\/wp\/v2\/types\/product"}],"replies":[{"embeddable":true,"href":"https:\/\/www.tondeusetunisie.tn\/index.php\/wp-json\/wp\/v2\/comments?post=6044"}],"wp:featuredmedia":[{"embeddable":true,"href":"https:\/\/www.tondeusetunisie.tn\/index.php\/wp-json\/wp\/v2\/media\/6081"}],"wp:attachment":[{"href":"https:\/\/www.tondeusetunisie.tn\/index.php\/wp-json\/wp\/v2\/media?parent=6044"}],"wp:term":[{"taxonomy":"product_brand","embeddable":true,"href":"https:\/\/www.tondeusetunisie.tn\/index.php\/wp-json\/wp\/v2\/product_brand?post=6044"},{"taxonomy":"product_cat","embeddable":true,"href":"https:\/\/www.tondeusetunisie.tn\/index.php\/wp-json\/wp\/v2\/product_cat?post=6044"},{"taxonomy":"product_tag","embeddable":true,"href":"https:\/\/www.tondeusetunisie.tn\/index.php\/wp-json\/wp\/v2\/product_tag?post=6044"}],"curies":[{"name":"wp","href":"https:\/\/api.w.org\/{rel}","templated":true}]}}