{"id":6049,"date":"2025-08-08T12:51:21","date_gmt":"2025-08-08T10:51:21","guid":{"rendered":"https:\/\/www.vgrstore.tn\/index.php\/product\/vgr-tondeuse-a-cheveux-285-fresh-fade-pour-homme-9000-tr-min-tondeuse-professionnelle\/"},"modified":"2026-03-28T13:04:43","modified_gmt":"2026-03-28T12:04:43","slug":"vgr-tondeuse-a-cheveux-285-fresh-fade-pour-homme-9000-tr-min-tondeuse-professionnelle","status":"publish","type":"product","link":"https:\/\/www.tondeusetunisie.tn\/index.php\/product\/vgr-tondeuse-a-cheveux-285-fresh-fade-pour-homme-9000-tr-min-tondeuse-professionnelle\/","title":{"rendered":"VGR Tondeuse \u00e0 cheveux 285 Fresh Fade pour homme, 9000 tr\/min, tondeuse professionnelle"},"content":{"rendered":"<p>Moteur haute performance et lame tranchante : La VGR 285 offre une coupe de qualit\u00e9 professionnelle gr\u00e2ce \u00e0 son puissant moteur de 9 000 tr\/min et ses lames de pr\u00e9cision en acier inoxydable. Id\u00e9ale pour une coupe nette et rapide, elle est id\u00e9ale pour les soins \u00e0 domicile ou comme accessoire de votre tondeuse professionnelle. Dites adieu aux accrocs et aux coupes irr\u00e9guli\u00e8resPratique sans fil et rechargeable par U<\/p>\n","protected":false},"excerpt":{"rendered":"<p>Moteur haute performance et lame tranchante : La VGR 285 offre une coupe de qualit\u00e9 professionnelle gr\u00e2ce \u00e0 son puissant moteur de 9 000 tr\/min et ses lames de pr\u00e9cision en acier inoxydable. Id\u00e9ale pour une coupe nette et rapide, elle est id\u00e9ale pour les soins \u00e0 domicile ou comme accessoire de votre tondeuse professionnelle. &hellip;<\/p>\n<p class=\"read-more\"> <a class=\"\" href=\"https:\/\/www.tondeusetunisie.tn\/index.php\/product\/vgr-tondeuse-a-cheveux-285-fresh-fade-pour-homme-9000-tr-min-tondeuse-professionnelle\/\"> <span class=\"screen-reader-text\">VGR Tondeuse \u00e0 cheveux 285 Fresh Fade pour homme, 9000 tr\/min, tondeuse professionnelle<\/span> \u0642\u0631\u0627\u0621\u0629 \u0627\u0644\u0645\u0632\u064a\u062f &raquo;<\/a><\/p>\n","protected":false},"featured_media":6050,"comment_status":"open","ping_status":"closed","template":"","meta":{"_uag_custom_page_level_css":"","site-sidebar-layout":"default","site-content-layout":"default","ast-global-header-display":"","ast-main-header-display":"","ast-hfb-above-header-display":"","ast-hfb-below-header-display":"","ast-hfb-mobile-header-display":"","site-post-title":"","ast-breadcrumbs-content":"","ast-featured-img":"","footer-sml-layout":"","theme-transparent-header-meta":"","adv-header-id-meta":"","stick-header-meta":"","header-above-stick-meta":"","header-main-stick-meta":"","header-below-stick-meta":"","_joinchat":[],"jetpack_publicize_message":"","jetpack_publicize_feature_enabled":true,"jetpack_social_post_already_shared":true,"jetpack_social_options":{"image_generator_settings":{"template":"highway","default_image_id":0,"font":"","enabled":false},"version":2}},"product_brand":[],"product_cat":[32],"product_tag":[],"class_list":{"0":"post-6049","1":"product","2":"type-product","3":"status-publish","4":"has-post-thumbnail","6":"product_cat-pour-les-cheveux-","7":"product_shipping_class-8-dt","8":"desktop-align-center","9":"tablet-align-left","10":"mobile-align-left","12":"first","13":"instock","14":"sale","15":"shipping-taxable","16":"purchasable","17":"product-type-simple"},"jetpack_publicize_connections":[],"uagb_featured_image_src":{"full":["https:\/\/www.tondeusetunisie.tn\/wp-content\/uploads\/2025\/08\/1000026211.jpg",1079,1079,false],"thumbnail":["https:\/\/www.tondeusetunisie.tn\/wp-content\/uploads\/2025\/08\/1000026211-150x150.jpg",150,150,true],"medium":["https:\/\/www.tondeusetunisie.tn\/wp-content\/uploads\/2025\/08\/1000026211-300x300.jpg",300,300,true],"medium_large":["https:\/\/www.tondeusetunisie.tn\/wp-content\/uploads\/2025\/08\/1000026211-768x768.jpg",768,768,true],"large":["https:\/\/www.tondeusetunisie.tn\/wp-content\/uploads\/2025\/08\/1000026211-1024x1024.jpg",1024,1024,true],"1536x1536":["https:\/\/www.tondeusetunisie.tn\/wp-content\/uploads\/2025\/08\/1000026211.jpg",1079,1079,false],"2048x2048":["https:\/\/www.tondeusetunisie.tn\/wp-content\/uploads\/2025\/08\/1000026211.jpg",1079,1079,false],"woocommerce_thumbnail":["https:\/\/www.tondeusetunisie.tn\/wp-content\/uploads\/2025\/08\/1000026211-300x300.jpg",300,300,true],"woocommerce_single":["https:\/\/www.tondeusetunisie.tn\/wp-content\/uploads\/2025\/08\/1000026211-600x600.jpg",600,600,true],"woocommerce_gallery_thumbnail":["https:\/\/www.tondeusetunisie.tn\/wp-content\/uploads\/2025\/08\/1000026211-100x100.jpg",100,100,true]},"uagb_author_info":{"display_name":"admin5942","author_link":"https:\/\/www.tondeusetunisie.tn\/index.php\/author\/"},"uagb_comment_info":0,"uagb_excerpt":"Moteur haute performance et lame tranchante : La VGR 285 offre une coupe de qualit\u00e9 professionnelle gr\u00e2ce \u00e0 son puissant moteur de 9 000 tr\/min et ses lames de pr\u00e9cision en acier inoxydable. Id\u00e9ale pour une coupe nette et rapide, elle est id\u00e9ale pour les soins \u00e0 domicile ou comme accessoire de votre tondeuse professionnelle.&hellip;","jetpack_sharing_enabled":true,"jetpack_likes_enabled":true,"_links":{"self":[{"href":"https:\/\/www.tondeusetunisie.tn\/index.php\/wp-json\/wp\/v2\/product\/6049","targetHints":{"allow":["GET"]}}],"collection":[{"href":"https:\/\/www.tondeusetunisie.tn\/index.php\/wp-json\/wp\/v2\/product"}],"about":[{"href":"https:\/\/www.tondeusetunisie.tn\/index.php\/wp-json\/wp\/v2\/types\/product"}],"replies":[{"embeddable":true,"href":"https:\/\/www.tondeusetunisie.tn\/index.php\/wp-json\/wp\/v2\/comments?post=6049"}],"wp:featuredmedia":[{"embeddable":true,"href":"https:\/\/www.tondeusetunisie.tn\/index.php\/wp-json\/wp\/v2\/media\/6050"}],"wp:attachment":[{"href":"https:\/\/www.tondeusetunisie.tn\/index.php\/wp-json\/wp\/v2\/media?parent=6049"}],"wp:term":[{"taxonomy":"product_brand","embeddable":true,"href":"https:\/\/www.tondeusetunisie.tn\/index.php\/wp-json\/wp\/v2\/product_brand?post=6049"},{"taxonomy":"product_cat","embeddable":true,"href":"https:\/\/www.tondeusetunisie.tn\/index.php\/wp-json\/wp\/v2\/product_cat?post=6049"},{"taxonomy":"product_tag","embeddable":true,"href":"https:\/\/www.tondeusetunisie.tn\/index.php\/wp-json\/wp\/v2\/product_tag?post=6049"}],"curies":[{"name":"wp","href":"https:\/\/api.w.org\/{rel}","templated":true}]}}