{"id":6078,"date":"2025-08-12T16:34:17","date_gmt":"2025-08-12T14:34:17","guid":{"rendered":"https:\/\/www.vgrstore.tn\/index.php\/product\/tapis-de-antidesliznte-magnetique-supreme\/"},"modified":"2026-01-26T19:42:21","modified_gmt":"2026-01-26T18:42:21","slug":"tapis-de-antidesliznte-magnetique-supreme","status":"publish","type":"product","link":"https:\/\/www.tondeusetunisie.tn\/index.php\/product\/tapis-de-antidesliznte-magnetique-supreme\/","title":{"rendered":"Tapis antid\u00e9rapante Magn\u00e9tique Supr\u00eame"},"content":{"rendered":"<p>Tapis de antidesliznte Magn\u00e9tique Supr\u00eame<\/p>\n<p>* Avec 4 cellules magn\u00e9tis\u00e9 avec une capacit\u00e9 de jusqu&#8217;\u00e0 4 machines<\/p>\n<p>* Vous n&#8217;avez pas besoin des m\u00e9dias classiques machines<\/p>\n<p>* Avec le tapis, Supr\u00eame Magn\u00e9tique, tous vos outils \u00e0 main et bien rang\u00e9<\/p>\n<p>* Con\u00e7u pour mettre les outils du salon de coiffure<\/p>\n<p>* Tr\u00e8s utile pour ne pas deslizen outils<\/p>\n<p>* Couleur Rouge<\/p>\n<p>* TAILLE: 34,5 x 49,5 cm<\/p>\n","protected":false},"excerpt":{"rendered":"<p>Tapis de antidesliznte Magn\u00e9tique Supr\u00eame * Avec 4 cellules magn\u00e9tis\u00e9 avec une capacit\u00e9 de jusqu&#8217;\u00e0 4 machines * Vous n&#8217;avez pas besoin des m\u00e9dias classiques machines * Avec le tapis, Supr\u00eame Magn\u00e9tique, tous vos outils \u00e0 main et bien rang\u00e9 * Con\u00e7u pour mettre les outils du salon de coiffure * Tr\u00e8s utile pour ne &hellip;<\/p>\n<p class=\"read-more\"> <a class=\"\" href=\"https:\/\/www.tondeusetunisie.tn\/index.php\/product\/tapis-de-antidesliznte-magnetique-supreme\/\"> <span class=\"screen-reader-text\">Tapis antid\u00e9rapante Magn\u00e9tique Supr\u00eame<\/span> \u0642\u0631\u0627\u0621\u0629 \u0627\u0644\u0645\u0632\u064a\u062f &raquo;<\/a><\/p>\n","protected":false},"featured_media":6131,"comment_status":"open","ping_status":"closed","template":"","meta":{"_uag_custom_page_level_css":"","site-sidebar-layout":"default","site-content-layout":"default","ast-global-header-display":"","ast-main-header-display":"","ast-hfb-above-header-display":"","ast-hfb-below-header-display":"","ast-hfb-mobile-header-display":"","site-post-title":"","ast-breadcrumbs-content":"","ast-featured-img":"","footer-sml-layout":"","theme-transparent-header-meta":"","adv-header-id-meta":"","stick-header-meta":"","header-above-stick-meta":"","header-main-stick-meta":"","header-below-stick-meta":"","_joinchat":[],"jetpack_publicize_message":"","jetpack_publicize_feature_enabled":true,"jetpack_social_post_already_shared":true,"jetpack_social_options":{"image_generator_settings":{"template":"highway","default_image_id":0,"font":"","enabled":false},"version":2}},"product_brand":[],"product_cat":[20],"product_tag":[],"class_list":{"0":"post-6078","1":"product","2":"type-product","3":"status-publish","4":"has-post-thumbnail","6":"product_cat-promotion","7":"product_shipping_class-8-dt","8":"desktop-align-center","9":"tablet-align-left","10":"mobile-align-left","12":"first","13":"instock","14":"sale","15":"shipping-taxable","16":"purchasable","17":"product-type-simple"},"jetpack_publicize_connections":[],"uagb_featured_image_src":{"full":["https:\/\/www.tondeusetunisie.tn\/wp-content\/uploads\/2025\/08\/1000028374.jpg",1080,1010,false],"thumbnail":["https:\/\/www.tondeusetunisie.tn\/wp-content\/uploads\/2025\/08\/1000028374-150x150.jpg",150,150,true],"medium":["https:\/\/www.tondeusetunisie.tn\/wp-content\/uploads\/2025\/08\/1000028374-300x281.jpg",300,281,true],"medium_large":["https:\/\/www.tondeusetunisie.tn\/wp-content\/uploads\/2025\/08\/1000028374-768x718.jpg",768,718,true],"large":["https:\/\/www.tondeusetunisie.tn\/wp-content\/uploads\/2025\/08\/1000028374-1024x958.jpg",1024,958,true],"1536x1536":["https:\/\/www.tondeusetunisie.tn\/wp-content\/uploads\/2025\/08\/1000028374.jpg",1080,1010,false],"2048x2048":["https:\/\/www.tondeusetunisie.tn\/wp-content\/uploads\/2025\/08\/1000028374.jpg",1080,1010,false],"woocommerce_thumbnail":["https:\/\/www.tondeusetunisie.tn\/wp-content\/uploads\/2025\/08\/1000028374-300x300.jpg",300,300,true],"woocommerce_single":["https:\/\/www.tondeusetunisie.tn\/wp-content\/uploads\/2025\/08\/1000028374-600x561.jpg",600,561,true],"woocommerce_gallery_thumbnail":["https:\/\/www.tondeusetunisie.tn\/wp-content\/uploads\/2025\/08\/1000028374-100x100.jpg",100,100,true]},"uagb_author_info":{"display_name":"admin5942","author_link":"https:\/\/www.tondeusetunisie.tn\/index.php\/author\/"},"uagb_comment_info":0,"uagb_excerpt":"Tapis de antidesliznte Magn\u00e9tique Supr\u00eame * Avec 4 cellules magn\u00e9tis\u00e9 avec une capacit\u00e9 de jusqu&#8217;\u00e0 4 machines * Vous n&#8217;avez pas besoin des m\u00e9dias classiques machines * Avec le tapis, Supr\u00eame Magn\u00e9tique, tous vos outils \u00e0 main et bien rang\u00e9 * Con\u00e7u pour mettre les outils du salon de coiffure * Tr\u00e8s utile pour ne&hellip;","jetpack_sharing_enabled":true,"jetpack_likes_enabled":true,"_links":{"self":[{"href":"https:\/\/www.tondeusetunisie.tn\/index.php\/wp-json\/wp\/v2\/product\/6078","targetHints":{"allow":["GET"]}}],"collection":[{"href":"https:\/\/www.tondeusetunisie.tn\/index.php\/wp-json\/wp\/v2\/product"}],"about":[{"href":"https:\/\/www.tondeusetunisie.tn\/index.php\/wp-json\/wp\/v2\/types\/product"}],"replies":[{"embeddable":true,"href":"https:\/\/www.tondeusetunisie.tn\/index.php\/wp-json\/wp\/v2\/comments?post=6078"}],"wp:featuredmedia":[{"embeddable":true,"href":"https:\/\/www.tondeusetunisie.tn\/index.php\/wp-json\/wp\/v2\/media\/6131"}],"wp:attachment":[{"href":"https:\/\/www.tondeusetunisie.tn\/index.php\/wp-json\/wp\/v2\/media?parent=6078"}],"wp:term":[{"taxonomy":"product_brand","embeddable":true,"href":"https:\/\/www.tondeusetunisie.tn\/index.php\/wp-json\/wp\/v2\/product_brand?post=6078"},{"taxonomy":"product_cat","embeddable":true,"href":"https:\/\/www.tondeusetunisie.tn\/index.php\/wp-json\/wp\/v2\/product_cat?post=6078"},{"taxonomy":"product_tag","embeddable":true,"href":"https:\/\/www.tondeusetunisie.tn\/index.php\/wp-json\/wp\/v2\/product_tag?post=6078"}],"curies":[{"name":"wp","href":"https:\/\/api.w.org\/{rel}","templated":true}]}}