{"id":6223,"date":"2025-09-09T07:33:33","date_gmt":"2025-09-09T05:33:33","guid":{"rendered":"https:\/\/www.vgrstore.tn\/index.php\/product\/tondeuse-a-cheveux-professionnelle-pour-favoris-vgr-v-996-7-000-tr-min\/"},"modified":"2026-03-26T08:40:46","modified_gmt":"2026-03-26T07:40:46","slug":"tondeuse-a-cheveux-professionnelle-pour-favoris-vgr-v-996-7-000-tr-min","status":"publish","type":"product","link":"https:\/\/www.tondeusetunisie.tn\/index.php\/product\/tondeuse-a-cheveux-professionnelle-pour-favoris-vgr-v-996-7-000-tr-min\/","title":{"rendered":"Tondeuse \u00e0 cheveux professionnelle pour favoris VGR V-996 7 000 tr\/min"},"content":{"rendered":"<p>Tondeuse \u00e0 cheveux professionnelle sans fil avec coupe-pattes VGR V-996 vitesse 7000 tr\/min<\/p>\n<p>Mat\u00e9riau : ABS<br \/>\nMat\u00e9riau de la lame : Rev\u00eatement en titane c\u00e9ramique<br \/>\nBatterie : 2000 mAh<br \/>\nTemps de charge : 3 h<br \/>\nDur\u00e9e d&#8217;utilisation : 300 minutes<br \/>\nPuissance : 5 W<br \/>\nVitesse : 7000\/6500 tr\/min<br \/>\n4 peignes de guidage : 1,5\/3\/4,5\/6 mm<br \/>\nTaille de coupe : 0,1- 6 mm<\/p>\n<p>MESURES :<br \/>\nTaille : 14,8 cm x 4,3 cm x 4 cm<br \/>\nPoids : 157,3 g<\/p>\n<p>COMPREND :<\/p>\n<p>1x VGR<br \/>\n4x Peignes de guidage<br \/>\n1x Brosse de nettoyage<br \/>\n1x C\u00e2ble de chargement USB<\/p>\n","protected":false},"excerpt":{"rendered":"<p>Tondeuse \u00e0 cheveux professionnelle sans fil avec coupe-pattes VGR V-996 vitesse 7000 tr\/min Mat\u00e9riau : ABS Mat\u00e9riau de la lame : Rev\u00eatement en titane c\u00e9ramique Batterie : 2000 mAh Temps de charge : 3 h Dur\u00e9e d&#8217;utilisation : 300 minutes Puissance : 5 W Vitesse : 7000\/6500 tr\/min 4 peignes de guidage : 1,5\/3\/4,5\/6 mm &hellip;<\/p>\n<p class=\"read-more\"> <a class=\"\" href=\"https:\/\/www.tondeusetunisie.tn\/index.php\/product\/tondeuse-a-cheveux-professionnelle-pour-favoris-vgr-v-996-7-000-tr-min\/\"> <span class=\"screen-reader-text\">Tondeuse \u00e0 cheveux professionnelle pour favoris VGR V-996 7 000 tr\/min<\/span> \u0642\u0631\u0627\u0621\u0629 \u0627\u0644\u0645\u0632\u064a\u062f &raquo;<\/a><\/p>\n","protected":false},"featured_media":6441,"comment_status":"open","ping_status":"closed","template":"","meta":{"_uag_custom_page_level_css":"","site-sidebar-layout":"default","site-content-layout":"default","ast-global-header-display":"","ast-main-header-display":"","ast-hfb-above-header-display":"","ast-hfb-below-header-display":"","ast-hfb-mobile-header-display":"","site-post-title":"","ast-breadcrumbs-content":"","ast-featured-img":"","footer-sml-layout":"","theme-transparent-header-meta":"","adv-header-id-meta":"","stick-header-meta":"","header-above-stick-meta":"","header-main-stick-meta":"","header-below-stick-meta":"","_joinchat":[],"jetpack_publicize_message":"","jetpack_publicize_feature_enabled":true,"jetpack_social_post_already_shared":true,"jetpack_social_options":{"image_generator_settings":{"template":"highway","default_image_id":0,"font":"","enabled":false},"version":2}},"product_brand":[],"product_cat":[33],"product_tag":[],"class_list":{"0":"post-6223","1":"product","2":"type-product","3":"status-publish","4":"has-post-thumbnail","6":"product_cat-pour-la-barbe-","7":"product_shipping_class-8-dt","8":"desktop-align-center","9":"tablet-align-left","10":"mobile-align-left","12":"first","13":"outofstock","14":"sale","15":"shipping-taxable","16":"purchasable","17":"product-type-simple"},"jetpack_publicize_connections":[],"uagb_featured_image_src":{"full":["https:\/\/www.tondeusetunisie.tn\/wp-content\/uploads\/2025\/09\/1000035458.jpg",800,800,false],"thumbnail":["https:\/\/www.tondeusetunisie.tn\/wp-content\/uploads\/2025\/09\/1000035458-150x150.jpg",150,150,true],"medium":["https:\/\/www.tondeusetunisie.tn\/wp-content\/uploads\/2025\/09\/1000035458-300x300.jpg",300,300,true],"medium_large":["https:\/\/www.tondeusetunisie.tn\/wp-content\/uploads\/2025\/09\/1000035458-768x768.jpg",768,768,true],"large":["https:\/\/www.tondeusetunisie.tn\/wp-content\/uploads\/2025\/09\/1000035458.jpg",800,800,false],"1536x1536":["https:\/\/www.tondeusetunisie.tn\/wp-content\/uploads\/2025\/09\/1000035458.jpg",800,800,false],"2048x2048":["https:\/\/www.tondeusetunisie.tn\/wp-content\/uploads\/2025\/09\/1000035458.jpg",800,800,false],"woocommerce_thumbnail":["https:\/\/www.tondeusetunisie.tn\/wp-content\/uploads\/2025\/09\/1000035458-300x300.jpg",300,300,true],"woocommerce_single":["https:\/\/www.tondeusetunisie.tn\/wp-content\/uploads\/2025\/09\/1000035458-600x600.jpg",600,600,true],"woocommerce_gallery_thumbnail":["https:\/\/www.tondeusetunisie.tn\/wp-content\/uploads\/2025\/09\/1000035458-100x100.jpg",100,100,true]},"uagb_author_info":{"display_name":"admin5942","author_link":"https:\/\/www.tondeusetunisie.tn\/index.php\/author\/"},"uagb_comment_info":0,"uagb_excerpt":"Tondeuse \u00e0 cheveux professionnelle sans fil avec coupe-pattes VGR V-996 vitesse 7000 tr\/min Mat\u00e9riau : ABS Mat\u00e9riau de la lame : Rev\u00eatement en titane c\u00e9ramique Batterie : 2000 mAh Temps de charge : 3 h Dur\u00e9e d&#8217;utilisation : 300 minutes Puissance : 5 W Vitesse : 7000\/6500 tr\/min 4 peignes de guidage : 1,5\/3\/4,5\/6 mm&hellip;","jetpack_sharing_enabled":true,"jetpack_likes_enabled":true,"_links":{"self":[{"href":"https:\/\/www.tondeusetunisie.tn\/index.php\/wp-json\/wp\/v2\/product\/6223","targetHints":{"allow":["GET"]}}],"collection":[{"href":"https:\/\/www.tondeusetunisie.tn\/index.php\/wp-json\/wp\/v2\/product"}],"about":[{"href":"https:\/\/www.tondeusetunisie.tn\/index.php\/wp-json\/wp\/v2\/types\/product"}],"replies":[{"embeddable":true,"href":"https:\/\/www.tondeusetunisie.tn\/index.php\/wp-json\/wp\/v2\/comments?post=6223"}],"wp:featuredmedia":[{"embeddable":true,"href":"https:\/\/www.tondeusetunisie.tn\/index.php\/wp-json\/wp\/v2\/media\/6441"}],"wp:attachment":[{"href":"https:\/\/www.tondeusetunisie.tn\/index.php\/wp-json\/wp\/v2\/media?parent=6223"}],"wp:term":[{"taxonomy":"product_brand","embeddable":true,"href":"https:\/\/www.tondeusetunisie.tn\/index.php\/wp-json\/wp\/v2\/product_brand?post=6223"},{"taxonomy":"product_cat","embeddable":true,"href":"https:\/\/www.tondeusetunisie.tn\/index.php\/wp-json\/wp\/v2\/product_cat?post=6223"},{"taxonomy":"product_tag","embeddable":true,"href":"https:\/\/www.tondeusetunisie.tn\/index.php\/wp-json\/wp\/v2\/product_tag?post=6223"}],"curies":[{"name":"wp","href":"https:\/\/api.w.org\/{rel}","templated":true}]}}