{"id":6256,"date":"2025-09-09T07:45:46","date_gmt":"2025-09-09T05:45:46","guid":{"rendered":"https:\/\/www.vgrstore.tn\/index.php\/product\/kemei-km-2296-tondeuse-a-cheveux-professionnelle-sans-fil-pour-homme\/"},"modified":"2026-03-12T06:57:05","modified_gmt":"2026-03-12T05:57:05","slug":"kemei-km-2296-tondeuse-a-cheveux-professionnelle-sans-fil-pour-homme","status":"publish","type":"product","link":"https:\/\/www.tondeusetunisie.tn\/index.php\/product\/kemei-km-2296-tondeuse-a-cheveux-professionnelle-sans-fil-pour-homme\/","title":{"rendered":"KEMEI km 2296 Tondeuse \u00e0 cheveux professionnelle sans fil pour homme"},"content":{"rendered":"<p>Ensemble de coupe de cheveux \u00e0 domicile : tondeuse \u00e0 cheveux Kemei de conception professionnelle, lisse, tranchante et pr\u00e9cise, \u00e9quip\u00e9e de la lame la plus pr\u00e9cise, auto-aff\u00fbtant, maintenant le tranchant plus longtemps. Apr\u00e8s une coupe de cheveux, la lame peut \u00eatre rinc\u00e9e directement sans d\u00e9montage, facile \u00e0 nettoyer<br \/>\nBatterie haute capacit\u00e9 : batterie lithium-ion rechargeable int\u00e9gr\u00e9e de 2500 mAh de haute qualit\u00e9 et s\u00fbre alimente le moteur, fournit jusqu&#8217;\u00e0 350 minutes d&#8217;autonomie apr\u00e8s 3,5 heures de charge<br \/>\nMoteur puissant : \u00e9quip\u00e9 de moteurs \u00e9lectromagn\u00e9tiques puissants et avanc\u00e9s qui offrent beaucoup de puissance et de vitesse sans chaleur ni bruit suppl\u00e9mentaires<br \/>\nEnsemble de toilettage pour homme : il s&#8217;agit d&#8217;un ensemble de coiffeur pour les coupes de cheveux, y compris les peignes de limitation (3\/6\/9\/13\/16\/19\/22\/25 mm), une brosse de nettoyage, des instructions, une base de charge, un chargeur avec connexion USB et des accessoires de protection en plastique ABS pour diff\u00e9rentes longueurs de cheveux<\/p>\n","protected":false},"excerpt":{"rendered":"<p>Ensemble de coupe de cheveux \u00e0 domicile : tondeuse \u00e0 cheveux Kemei de conception professionnelle, lisse, tranchante et pr\u00e9cise, \u00e9quip\u00e9e de la lame la plus pr\u00e9cise, auto-aff\u00fbtant, maintenant le tranchant plus longtemps. Apr\u00e8s une coupe de cheveux, la lame peut \u00eatre rinc\u00e9e directement sans d\u00e9montage, facile \u00e0 nettoyer Batterie haute capacit\u00e9 : batterie lithium-ion rechargeable &hellip;<\/p>\n<p class=\"read-more\"> <a class=\"\" href=\"https:\/\/www.tondeusetunisie.tn\/index.php\/product\/kemei-km-2296-tondeuse-a-cheveux-professionnelle-sans-fil-pour-homme\/\"> <span class=\"screen-reader-text\">KEMEI km 2296 Tondeuse \u00e0 cheveux professionnelle sans fil pour homme<\/span> \u0642\u0631\u0627\u0621\u0629 \u0627\u0644\u0645\u0632\u064a\u062f &raquo;<\/a><\/p>\n","protected":false},"featured_media":6253,"comment_status":"open","ping_status":"closed","template":"","meta":{"_uag_custom_page_level_css":"","site-sidebar-layout":"default","site-content-layout":"default","ast-global-header-display":"","ast-main-header-display":"","ast-hfb-above-header-display":"","ast-hfb-below-header-display":"","ast-hfb-mobile-header-display":"","site-post-title":"","ast-breadcrumbs-content":"","ast-featured-img":"","footer-sml-layout":"","theme-transparent-header-meta":"","adv-header-id-meta":"","stick-header-meta":"","header-above-stick-meta":"","header-main-stick-meta":"","header-below-stick-meta":"","_joinchat":[],"jetpack_publicize_message":"","jetpack_publicize_feature_enabled":true,"jetpack_social_post_already_shared":true,"jetpack_social_options":{"image_generator_settings":{"template":"highway","default_image_id":0,"font":"","enabled":false},"version":2}},"product_brand":[],"product_cat":[32],"product_tag":[],"class_list":{"0":"post-6256","1":"product","2":"type-product","3":"status-publish","4":"has-post-thumbnail","6":"product_cat-pour-les-cheveux-","7":"product_shipping_class-8-dt","8":"desktop-align-center","9":"tablet-align-left","10":"mobile-align-left","12":"first","13":"instock","14":"sale","15":"shipping-taxable","16":"purchasable","17":"product-type-simple"},"jetpack_publicize_connections":[],"uagb_featured_image_src":{"full":["https:\/\/www.tondeusetunisie.tn\/wp-content\/uploads\/2025\/09\/1000029163.jpg",1000,1000,false],"thumbnail":["https:\/\/www.tondeusetunisie.tn\/wp-content\/uploads\/2025\/09\/1000029163-150x150.jpg",150,150,true],"medium":["https:\/\/www.tondeusetunisie.tn\/wp-content\/uploads\/2025\/09\/1000029163-300x300.jpg",300,300,true],"medium_large":["https:\/\/www.tondeusetunisie.tn\/wp-content\/uploads\/2025\/09\/1000029163-768x768.jpg",768,768,true],"large":["https:\/\/www.tondeusetunisie.tn\/wp-content\/uploads\/2025\/09\/1000029163.jpg",1000,1000,false],"1536x1536":["https:\/\/www.tondeusetunisie.tn\/wp-content\/uploads\/2025\/09\/1000029163.jpg",1000,1000,false],"2048x2048":["https:\/\/www.tondeusetunisie.tn\/wp-content\/uploads\/2025\/09\/1000029163.jpg",1000,1000,false],"woocommerce_thumbnail":["https:\/\/www.tondeusetunisie.tn\/wp-content\/uploads\/2025\/09\/1000029163-300x300.jpg",300,300,true],"woocommerce_single":["https:\/\/www.tondeusetunisie.tn\/wp-content\/uploads\/2025\/09\/1000029163-600x600.jpg",600,600,true],"woocommerce_gallery_thumbnail":["https:\/\/www.tondeusetunisie.tn\/wp-content\/uploads\/2025\/09\/1000029163-100x100.jpg",100,100,true]},"uagb_author_info":{"display_name":"admin5942","author_link":"https:\/\/www.tondeusetunisie.tn\/index.php\/author\/"},"uagb_comment_info":0,"uagb_excerpt":"Ensemble de coupe de cheveux \u00e0 domicile : tondeuse \u00e0 cheveux Kemei de conception professionnelle, lisse, tranchante et pr\u00e9cise, \u00e9quip\u00e9e de la lame la plus pr\u00e9cise, auto-aff\u00fbtant, maintenant le tranchant plus longtemps. Apr\u00e8s une coupe de cheveux, la lame peut \u00eatre rinc\u00e9e directement sans d\u00e9montage, facile \u00e0 nettoyer Batterie haute capacit\u00e9 : batterie lithium-ion rechargeable&hellip;","jetpack_sharing_enabled":true,"jetpack_likes_enabled":true,"_links":{"self":[{"href":"https:\/\/www.tondeusetunisie.tn\/index.php\/wp-json\/wp\/v2\/product\/6256","targetHints":{"allow":["GET"]}}],"collection":[{"href":"https:\/\/www.tondeusetunisie.tn\/index.php\/wp-json\/wp\/v2\/product"}],"about":[{"href":"https:\/\/www.tondeusetunisie.tn\/index.php\/wp-json\/wp\/v2\/types\/product"}],"replies":[{"embeddable":true,"href":"https:\/\/www.tondeusetunisie.tn\/index.php\/wp-json\/wp\/v2\/comments?post=6256"}],"wp:featuredmedia":[{"embeddable":true,"href":"https:\/\/www.tondeusetunisie.tn\/index.php\/wp-json\/wp\/v2\/media\/6253"}],"wp:attachment":[{"href":"https:\/\/www.tondeusetunisie.tn\/index.php\/wp-json\/wp\/v2\/media?parent=6256"}],"wp:term":[{"taxonomy":"product_brand","embeddable":true,"href":"https:\/\/www.tondeusetunisie.tn\/index.php\/wp-json\/wp\/v2\/product_brand?post=6256"},{"taxonomy":"product_cat","embeddable":true,"href":"https:\/\/www.tondeusetunisie.tn\/index.php\/wp-json\/wp\/v2\/product_cat?post=6256"},{"taxonomy":"product_tag","embeddable":true,"href":"https:\/\/www.tondeusetunisie.tn\/index.php\/wp-json\/wp\/v2\/product_tag?post=6256"}],"curies":[{"name":"wp","href":"https:\/\/api.w.org\/{rel}","templated":true}]}}