{"id":6260,"date":"2025-09-09T07:53:33","date_gmt":"2025-09-09T05:53:33","guid":{"rendered":"https:\/\/www.vgrstore.tn\/index.php\/product\/couple-kemei-pour-ensemble-professionnel-kemei-tondeuse-a-cheveux-km-2296-et-favoris-km-2299-cadeau\/"},"modified":"2026-04-03T13:03:16","modified_gmt":"2026-04-03T11:03:16","slug":"couple-kemei-pour-ensemble-professionnel-kemei-tondeuse-a-cheveux-km-2296-et-favoris-km-2299-cadeau","status":"publish","type":"product","link":"https:\/\/www.tondeusetunisie.tn\/index.php\/product\/couple-kemei-pour-ensemble-professionnel-kemei-tondeuse-a-cheveux-km-2296-et-favoris-km-2299-cadeau\/","title":{"rendered":"Couple KEMEI POUR Ensemble professionnel Kemei : tondeuse \u00e0 cheveux KM 2296 et favoris KM 2299"},"content":{"rendered":"<p>Haute qualit\u00e9 : Cette tondeuse \u00e0 cheveux pour homme est fabriqu\u00e9e en acier inoxydable, plus durable et reste aff\u00fbt\u00e9e plus longtemps.<\/p>\n<p>Ses lames tranchantes en acier inoxydable coupent facilement vos cheveux sans les tirer. Profitez d&#8217;une coupe facile et fluide.<\/p>\n<p>Tondeuse professionnelle : Cette tondeuse pour homme est con\u00e7ue pour cr\u00e9er des d\u00e9grad\u00e9s, des estompages et des sculptures. Vous pouvez \u00e9galement choisir parmi 3 lames r\u00e9glables (0,1-4 mm) et 8 tailles de peignes (3 mm\/6 mm\/10 mm\/13 mm\/16 mm\/19 mm\/22 mm\/25 mm) pour couper diff\u00e9rentes longueurs de cheveux. Cette tondeuse \u00e9lectrique est id\u00e9ale pour les barbiers.<\/p>\n<p>Chargement rapide USB : Cette tondeuse sans fil est aliment\u00e9e par une puissante batterie lithium-ion offrant une autonomie de 350 minutes apr\u00e8s 3,5 heures de charge compl\u00e8te. C\u00e2ble USB universel (livr\u00e9 avec socle et prise de charge) pour une recharge pratique, \u00e0 la maison ou en d\u00e9placement.<\/p>\n<p>Moteur silencieux haute performance : Cette tondeuse \u00e9lectrique pour homme, \u00e9quip\u00e9e d&#8217;un moteur de pointe, offre puissance et vitesse \u00e9lev\u00e9es. Son faible niveau sonore (65 dB maximum) vous permet de couper les cheveux sans d\u00e9ranger les enfants, les b\u00e9b\u00e9s et les autres personnes.<\/p>\n<p>La tondeuse \u00e9lectrique sans fil Kemei 2296 est id\u00e9ale pour la coupe de cheveux, mais aussi pour tailler les longues barbes.<\/p>\n","protected":false},"excerpt":{"rendered":"<p>Haute qualit\u00e9 : Cette tondeuse \u00e0 cheveux pour homme est fabriqu\u00e9e en acier inoxydable, plus durable et reste aff\u00fbt\u00e9e plus longtemps. Ses lames tranchantes en acier inoxydable coupent facilement vos cheveux sans les tirer. Profitez d&#8217;une coupe facile et fluide. Tondeuse professionnelle : Cette tondeuse pour homme est con\u00e7ue pour cr\u00e9er des d\u00e9grad\u00e9s, des estompages &hellip;<\/p>\n<p class=\"read-more\"> <a class=\"\" href=\"https:\/\/www.tondeusetunisie.tn\/index.php\/product\/couple-kemei-pour-ensemble-professionnel-kemei-tondeuse-a-cheveux-km-2296-et-favoris-km-2299-cadeau\/\"> <span class=\"screen-reader-text\">Couple KEMEI POUR Ensemble professionnel Kemei : tondeuse \u00e0 cheveux KM 2296 et favoris KM 2299<\/span> \u0642\u0631\u0627\u0621\u0629 \u0627\u0644\u0645\u0632\u064a\u062f &raquo;<\/a><\/p>\n","protected":false},"featured_media":6675,"comment_status":"open","ping_status":"closed","template":"","meta":{"_uag_custom_page_level_css":"","site-sidebar-layout":"default","site-content-layout":"default","ast-global-header-display":"","ast-main-header-display":"","ast-hfb-above-header-display":"","ast-hfb-below-header-display":"","ast-hfb-mobile-header-display":"","site-post-title":"","ast-breadcrumbs-content":"","ast-featured-img":"","footer-sml-layout":"","theme-transparent-header-meta":"","adv-header-id-meta":"","stick-header-meta":"","header-above-stick-meta":"","header-main-stick-meta":"","header-below-stick-meta":"","_joinchat":[],"jetpack_publicize_message":"","jetpack_publicize_feature_enabled":true,"jetpack_social_post_already_shared":true,"jetpack_social_options":{"image_generator_settings":{"template":"highway","default_image_id":0,"font":"","enabled":false},"version":2}},"product_brand":[],"product_cat":[33,32],"product_tag":[],"class_list":{"0":"post-6260","1":"product","2":"type-product","3":"status-publish","4":"has-post-thumbnail","6":"product_cat-pour-la-barbe-","7":"product_cat-pour-les-cheveux-","8":"product_shipping_class-8-dt","9":"desktop-align-center","10":"tablet-align-left","11":"mobile-align-left","13":"first","14":"instock","15":"shipping-taxable","16":"purchasable","17":"product-type-simple"},"jetpack_publicize_connections":[],"uagb_featured_image_src":{"full":["https:\/\/www.tondeusetunisie.tn\/wp-content\/uploads\/2025\/09\/1000063446.jpg",1078,1079,false],"thumbnail":["https:\/\/www.tondeusetunisie.tn\/wp-content\/uploads\/2025\/09\/1000063446-150x150.jpg",150,150,true],"medium":["https:\/\/www.tondeusetunisie.tn\/wp-content\/uploads\/2025\/09\/1000063446-300x300.jpg",300,300,true],"medium_large":["https:\/\/www.tondeusetunisie.tn\/wp-content\/uploads\/2025\/09\/1000063446-768x769.jpg",768,769,true],"large":["https:\/\/www.tondeusetunisie.tn\/wp-content\/uploads\/2025\/09\/1000063446-1024x1024.jpg",1024,1024,true],"1536x1536":["https:\/\/www.tondeusetunisie.tn\/wp-content\/uploads\/2025\/09\/1000063446.jpg",1078,1079,false],"2048x2048":["https:\/\/www.tondeusetunisie.tn\/wp-content\/uploads\/2025\/09\/1000063446.jpg",1078,1079,false],"woocommerce_thumbnail":["https:\/\/www.tondeusetunisie.tn\/wp-content\/uploads\/2025\/09\/1000063446-300x300.jpg",300,300,true],"woocommerce_single":["https:\/\/www.tondeusetunisie.tn\/wp-content\/uploads\/2025\/09\/1000063446-600x601.jpg",600,601,true],"woocommerce_gallery_thumbnail":["https:\/\/www.tondeusetunisie.tn\/wp-content\/uploads\/2025\/09\/1000063446-100x100.jpg",100,100,true]},"uagb_author_info":{"display_name":"admin5942","author_link":"https:\/\/www.tondeusetunisie.tn\/index.php\/author\/"},"uagb_comment_info":0,"uagb_excerpt":"Haute qualit\u00e9 : Cette tondeuse \u00e0 cheveux pour homme est fabriqu\u00e9e en acier inoxydable, plus durable et reste aff\u00fbt\u00e9e plus longtemps. Ses lames tranchantes en acier inoxydable coupent facilement vos cheveux sans les tirer. Profitez d&#8217;une coupe facile et fluide. Tondeuse professionnelle : Cette tondeuse pour homme est con\u00e7ue pour cr\u00e9er des d\u00e9grad\u00e9s, des estompages&hellip;","jetpack_sharing_enabled":true,"jetpack_likes_enabled":true,"_links":{"self":[{"href":"https:\/\/www.tondeusetunisie.tn\/index.php\/wp-json\/wp\/v2\/product\/6260","targetHints":{"allow":["GET"]}}],"collection":[{"href":"https:\/\/www.tondeusetunisie.tn\/index.php\/wp-json\/wp\/v2\/product"}],"about":[{"href":"https:\/\/www.tondeusetunisie.tn\/index.php\/wp-json\/wp\/v2\/types\/product"}],"replies":[{"embeddable":true,"href":"https:\/\/www.tondeusetunisie.tn\/index.php\/wp-json\/wp\/v2\/comments?post=6260"}],"wp:featuredmedia":[{"embeddable":true,"href":"https:\/\/www.tondeusetunisie.tn\/index.php\/wp-json\/wp\/v2\/media\/6675"}],"wp:attachment":[{"href":"https:\/\/www.tondeusetunisie.tn\/index.php\/wp-json\/wp\/v2\/media?parent=6260"}],"wp:term":[{"taxonomy":"product_brand","embeddable":true,"href":"https:\/\/www.tondeusetunisie.tn\/index.php\/wp-json\/wp\/v2\/product_brand?post=6260"},{"taxonomy":"product_cat","embeddable":true,"href":"https:\/\/www.tondeusetunisie.tn\/index.php\/wp-json\/wp\/v2\/product_cat?post=6260"},{"taxonomy":"product_tag","embeddable":true,"href":"https:\/\/www.tondeusetunisie.tn\/index.php\/wp-json\/wp\/v2\/product_tag?post=6260"}],"curies":[{"name":"wp","href":"https:\/\/api.w.org\/{rel}","templated":true}]}}