{"id":6272,"date":"2025-09-09T07:58:24","date_gmt":"2025-09-09T05:58:24","guid":{"rendered":"https:\/\/www.vgrstore.tn\/index.php\/product\/wmark-ng-338-tondeuse-de-finition-rechargeable-haute-precision-performance\/"},"modified":"2025-12-30T20:23:00","modified_gmt":"2025-12-30T19:23:00","slug":"wmark-ng-338-tondeuse-de-finition-rechargeable-haute-precision-performance","status":"publish","type":"product","link":"https:\/\/www.tondeusetunisie.tn\/index.php\/product\/wmark-ng-338-tondeuse-de-finition-rechargeable-haute-precision-performance\/","title":{"rendered":"WMARK NG-338 \u2013 Tondeuse de Finition Rechargeable | Haute Pr\u00e9cision &amp; Performance"},"content":{"rendered":"<p>NG-338 \u2013 Tondeuse de Finition Rechargeable | Haute Pr\u00e9cision &amp; Performance<\/p>\n<p>Moteur &amp; Performance<\/p>\n<p>\u2022 Moteur puissant 3.7V offrant une coupe fluide, un faible bruit et un couple \u00e9lev\u00e9 pour un usage professionnel.<\/p>\n<p>\u2022 Vitesse du moteur : 7000 RPM pour une pr\u00e9cision optimale.<\/p>\n<p>\u2022 Technologie de protection avanc\u00e9e : pr\u00e9vention contre la surcharge, la sous-d\u00e9charge et les surtensions pour une meilleure long\u00e9vit\u00e9.<\/p>\n<p>Recharge &amp; Autonomie<\/p>\n<p>\u2022 Batterie lithium 1200mAh offrant jusqu\u2019\u00e0 3 heures d\u2019utilisation apr\u00e8s une charge compl\u00e8te de 3 heures.<\/p>\n<p>\u2022 Charge rapide via USB Type-C avec station de charge incluse.<\/p>\n<p>\u2022 Indicateur LED intelligent : bleu en fonctionnement, rouge en charge, bleu lorsque la batterie est pleine.<\/p>\n<p>Lames de Haute Qualit\u00e9<\/p>\n<p>\u2022 Lame fixe en acier inoxydable 5CR15 avec rev\u00eatement DLC pour une durabilit\u00e9 accrue.<\/p>\n<p>\u2022 Lame mobile en c\u00e9ramique noire garantissant une coupe nette et pr\u00e9cise sans irritation.<\/p>\n<p>Design &amp; Mat\u00e9riaux<\/p>\n<p>\u2022 Bo\u00eetier en ABS de haute qualit\u00e9 avec rev\u00eatement peinture pulv\u00e9ris\u00e9e pour une finition \u00e9l\u00e9gante et r\u00e9sistante.<\/p>\n<p>\u2022 Prise en main ergonomique pour un confort optimal.<\/p>\n<p>Cette tondeuse de finition offre une pr\u00e9cision exceptionnelle et une performance durable, id\u00e9ale pour les professionnels et les particuliers exigeants.<\/p>\n","protected":false},"excerpt":{"rendered":"<p>NG-338 \u2013 Tondeuse de Finition Rechargeable | Haute Pr\u00e9cision &amp; Performance Moteur &amp; Performance \u2022 Moteur puissant 3.7V offrant une coupe fluide, un faible bruit et un couple \u00e9lev\u00e9 pour un usage professionnel. \u2022 Vitesse du moteur : 7000 RPM pour une pr\u00e9cision optimale. \u2022 Technologie de protection avanc\u00e9e : pr\u00e9vention contre la surcharge, la &hellip;<\/p>\n<p class=\"read-more\"> <a class=\"\" href=\"https:\/\/www.tondeusetunisie.tn\/index.php\/product\/wmark-ng-338-tondeuse-de-finition-rechargeable-haute-precision-performance\/\"> <span class=\"screen-reader-text\">WMARK NG-338 \u2013 Tondeuse de Finition Rechargeable | Haute Pr\u00e9cision &amp; Performance<\/span> \u0642\u0631\u0627\u0621\u0629 \u0627\u0644\u0645\u0632\u064a\u062f &raquo;<\/a><\/p>\n","protected":false},"featured_media":6269,"comment_status":"open","ping_status":"closed","template":"","meta":{"_uag_custom_page_level_css":"","site-sidebar-layout":"default","site-content-layout":"default","ast-global-header-display":"","ast-main-header-display":"","ast-hfb-above-header-display":"","ast-hfb-below-header-display":"","ast-hfb-mobile-header-display":"","site-post-title":"","ast-breadcrumbs-content":"","ast-featured-img":"","footer-sml-layout":"","theme-transparent-header-meta":"","adv-header-id-meta":"","stick-header-meta":"","header-above-stick-meta":"","header-main-stick-meta":"","header-below-stick-meta":"","_joinchat":[],"jetpack_publicize_message":"","jetpack_publicize_feature_enabled":true,"jetpack_social_post_already_shared":true,"jetpack_social_options":{"image_generator_settings":{"template":"highway","default_image_id":0,"font":"","enabled":false},"version":2}},"product_brand":[],"product_cat":[33],"product_tag":[],"class_list":{"0":"post-6272","1":"product","2":"type-product","3":"status-publish","4":"has-post-thumbnail","6":"product_cat-pour-la-barbe-","7":"product_shipping_class-8-dt","8":"desktop-align-center","9":"tablet-align-left","10":"mobile-align-left","12":"first","13":"instock","14":"sale","15":"shipping-taxable","16":"purchasable","17":"product-type-simple"},"jetpack_publicize_connections":[],"uagb_featured_image_src":{"full":["https:\/\/www.tondeusetunisie.tn\/wp-content\/uploads\/2025\/09\/1000029194.jpg",990,990,false],"thumbnail":["https:\/\/www.tondeusetunisie.tn\/wp-content\/uploads\/2025\/09\/1000029194-150x150.jpg",150,150,true],"medium":["https:\/\/www.tondeusetunisie.tn\/wp-content\/uploads\/2025\/09\/1000029194-300x300.jpg",300,300,true],"medium_large":["https:\/\/www.tondeusetunisie.tn\/wp-content\/uploads\/2025\/09\/1000029194-768x768.jpg",768,768,true],"large":["https:\/\/www.tondeusetunisie.tn\/wp-content\/uploads\/2025\/09\/1000029194.jpg",990,990,false],"1536x1536":["https:\/\/www.tondeusetunisie.tn\/wp-content\/uploads\/2025\/09\/1000029194.jpg",990,990,false],"2048x2048":["https:\/\/www.tondeusetunisie.tn\/wp-content\/uploads\/2025\/09\/1000029194.jpg",990,990,false],"woocommerce_thumbnail":["https:\/\/www.tondeusetunisie.tn\/wp-content\/uploads\/2025\/09\/1000029194-300x300.jpg",300,300,true],"woocommerce_single":["https:\/\/www.tondeusetunisie.tn\/wp-content\/uploads\/2025\/09\/1000029194-600x600.jpg",600,600,true],"woocommerce_gallery_thumbnail":["https:\/\/www.tondeusetunisie.tn\/wp-content\/uploads\/2025\/09\/1000029194-100x100.jpg",100,100,true]},"uagb_author_info":{"display_name":"admin5942","author_link":"https:\/\/www.tondeusetunisie.tn\/index.php\/author\/"},"uagb_comment_info":0,"uagb_excerpt":"NG-338 \u2013 Tondeuse de Finition Rechargeable | Haute Pr\u00e9cision &amp; Performance Moteur &amp; Performance \u2022 Moteur puissant 3.7V offrant une coupe fluide, un faible bruit et un couple \u00e9lev\u00e9 pour un usage professionnel. \u2022 Vitesse du moteur : 7000 RPM pour une pr\u00e9cision optimale. \u2022 Technologie de protection avanc\u00e9e : pr\u00e9vention contre la surcharge, la&hellip;","jetpack_sharing_enabled":true,"jetpack_likes_enabled":true,"_links":{"self":[{"href":"https:\/\/www.tondeusetunisie.tn\/index.php\/wp-json\/wp\/v2\/product\/6272","targetHints":{"allow":["GET"]}}],"collection":[{"href":"https:\/\/www.tondeusetunisie.tn\/index.php\/wp-json\/wp\/v2\/product"}],"about":[{"href":"https:\/\/www.tondeusetunisie.tn\/index.php\/wp-json\/wp\/v2\/types\/product"}],"replies":[{"embeddable":true,"href":"https:\/\/www.tondeusetunisie.tn\/index.php\/wp-json\/wp\/v2\/comments?post=6272"}],"wp:featuredmedia":[{"embeddable":true,"href":"https:\/\/www.tondeusetunisie.tn\/index.php\/wp-json\/wp\/v2\/media\/6269"}],"wp:attachment":[{"href":"https:\/\/www.tondeusetunisie.tn\/index.php\/wp-json\/wp\/v2\/media?parent=6272"}],"wp:term":[{"taxonomy":"product_brand","embeddable":true,"href":"https:\/\/www.tondeusetunisie.tn\/index.php\/wp-json\/wp\/v2\/product_brand?post=6272"},{"taxonomy":"product_cat","embeddable":true,"href":"https:\/\/www.tondeusetunisie.tn\/index.php\/wp-json\/wp\/v2\/product_cat?post=6272"},{"taxonomy":"product_tag","embeddable":true,"href":"https:\/\/www.tondeusetunisie.tn\/index.php\/wp-json\/wp\/v2\/product_tag?post=6272"}],"curies":[{"name":"wp","href":"https:\/\/api.w.org\/{rel}","templated":true}]}}