{"id":6456,"date":"2025-11-08T20:46:14","date_gmt":"2025-11-08T19:46:14","guid":{"rendered":"https:\/\/www.vgrstore.tn\/index.php\/product\/ensemble-tondeuse-et-coupe-cheveux-professionnels-vgr-v-600-et-v-900-gold\/"},"modified":"2026-03-11T12:34:48","modified_gmt":"2026-03-11T11:34:48","slug":"ensemble-tondeuse-et-coupe-cheveux-professionnels-vgr-v-600-et-v-900-gold","status":"publish","type":"product","link":"https:\/\/www.tondeusetunisie.tn\/index.php\/product\/ensemble-tondeuse-et-coupe-cheveux-professionnels-vgr-v-600-et-v-900-gold\/","title":{"rendered":"Ensemble tondeuse et coupe-cheveux professionnels VGR V-600 et V-900-Gold"},"content":{"rendered":"<p>Le kit de tondeuses professionnelles VGR V-600 et V-900 est con\u00e7u pour offrir pr\u00e9cision, performance et praticit\u00e9, id\u00e9al pour les salons de coiffure et les particuliers. Dot\u00e9 de lames rev\u00eatues de c\u00e9ramique et de titane, il garantit une coupe douce et sans irritation pour tous les types de cheveux. Son autonomie impressionnante permet \u00e0 la tondeuse de fonctionner jusqu&#8217;\u00e0 200 minutes apr\u00e8s 3 heures de charge, tandis que la tondeuse de finition offre 120 minutes d&#8217;utilisation avec seulement 2 heures de charge. Ce kit fonctionne avec ou sans fil, gr\u00e2ce \u00e0 son port de charge USB Type-C qui offre une flexibilit\u00e9 et une portabilit\u00e9 accrues. Il comprend 10 sabots (6 pour la tondeuse et 4 pour la tondeuse de finition) pour s&#8217;adapter \u00e0 une grande vari\u00e9t\u00e9 de longueurs et de styles de cheveux, et le levier de r\u00e9glage de la hauteur de coupe int\u00e9gr\u00e9 \u00e0 la tondeuse permet des d\u00e9grad\u00e9s et des fondus pr\u00e9cis. L&#8217;\u00e9cran LED affiche en temps r\u00e9el le niveau de batterie, les alertes de niveau d&#8217;huile et l&#8217;\u00e9tat de fonctionnement. L\u00e9ger et ergonomique, ce kit est facile \u00e0 manier et assure un confort optimal m\u00eame lors de longues s\u00e9ances de coiffure.<\/p>\n<p>Consignes d&#8217;entretien et de soin :<\/p>\n<p>\u00c0 faire :<\/p>\n<p>Utilisez la tondeuse pour les coupes de cheveux et la tondeuse de finition pour les finitions.<br \/>\nHuilez r\u00e9guli\u00e8rement les lames pour un fonctionnement optimal.<br \/>\nCommencez par un peigne guide plus haut et ajustez-le \u00e0 la longueur de cheveux souhait\u00e9e.<br \/>\n\u00c0 ne pas faire :<\/p>\n<p>Immerger l&#8217;appareil dans l&#8217;eau.<br \/>\nUtiliser sans peigne de guidage pour les longueurs importantes.<br \/>\nLaisser les enfants jouer sans surveillance.<\/p>\n","protected":false},"excerpt":{"rendered":"<p>Le kit de tondeuses professionnelles VGR V-600 et V-900 est con\u00e7u pour offrir pr\u00e9cision, performance et praticit\u00e9, id\u00e9al pour les salons de coiffure et les particuliers. Dot\u00e9 de lames rev\u00eatues de c\u00e9ramique et de titane, il garantit une coupe douce et sans irritation pour tous les types de cheveux. Son autonomie impressionnante permet \u00e0 la &hellip;<\/p>\n<p class=\"read-more\"> <a class=\"\" href=\"https:\/\/www.tondeusetunisie.tn\/index.php\/product\/ensemble-tondeuse-et-coupe-cheveux-professionnels-vgr-v-600-et-v-900-gold\/\"> <span class=\"screen-reader-text\">Ensemble tondeuse et coupe-cheveux professionnels VGR V-600 et V-900-Gold<\/span> \u0642\u0631\u0627\u0621\u0629 \u0627\u0644\u0645\u0632\u064a\u062f &raquo;<\/a><\/p>\n","protected":false},"featured_media":6454,"comment_status":"open","ping_status":"closed","template":"","meta":{"_uag_custom_page_level_css":"","site-sidebar-layout":"default","site-content-layout":"default","ast-global-header-display":"","ast-main-header-display":"","ast-hfb-above-header-display":"","ast-hfb-below-header-display":"","ast-hfb-mobile-header-display":"","site-post-title":"","ast-breadcrumbs-content":"","ast-featured-img":"","footer-sml-layout":"","theme-transparent-header-meta":"","adv-header-id-meta":"","stick-header-meta":"","header-above-stick-meta":"","header-main-stick-meta":"","header-below-stick-meta":"","_joinchat":[],"jetpack_publicize_message":"","jetpack_publicize_feature_enabled":true,"jetpack_social_post_already_shared":true,"jetpack_social_options":{"image_generator_settings":{"template":"highway","default_image_id":0,"font":"","enabled":false},"version":2}},"product_brand":[],"product_cat":[19,31,20],"product_tag":[],"class_list":{"0":"post-6456","1":"product","2":"type-product","3":"status-publish","4":"has-post-thumbnail","6":"product_cat-pack-promo","7":"product_cat-produit","8":"product_cat-promotion","9":"product_shipping_class-8-dt","10":"desktop-align-center","11":"tablet-align-left","12":"mobile-align-left","14":"first","15":"instock","16":"sale","17":"shipping-taxable","18":"purchasable","19":"product-type-simple"},"jetpack_publicize_connections":[],"uagb_featured_image_src":{"full":["https:\/\/www.tondeusetunisie.tn\/wp-content\/uploads\/2025\/11\/1000036008.jpg",1400,1400,false],"thumbnail":["https:\/\/www.tondeusetunisie.tn\/wp-content\/uploads\/2025\/11\/1000036008-150x150.jpg",150,150,true],"medium":["https:\/\/www.tondeusetunisie.tn\/wp-content\/uploads\/2025\/11\/1000036008-300x300.jpg",300,300,true],"medium_large":["https:\/\/www.tondeusetunisie.tn\/wp-content\/uploads\/2025\/11\/1000036008-768x768.jpg",768,768,true],"large":["https:\/\/www.tondeusetunisie.tn\/wp-content\/uploads\/2025\/11\/1000036008-1024x1024.jpg",1024,1024,true],"1536x1536":["https:\/\/www.tondeusetunisie.tn\/wp-content\/uploads\/2025\/11\/1000036008.jpg",1400,1400,false],"2048x2048":["https:\/\/www.tondeusetunisie.tn\/wp-content\/uploads\/2025\/11\/1000036008.jpg",1400,1400,false],"woocommerce_thumbnail":["https:\/\/www.tondeusetunisie.tn\/wp-content\/uploads\/2025\/11\/1000036008-300x300.jpg",300,300,true],"woocommerce_single":["https:\/\/www.tondeusetunisie.tn\/wp-content\/uploads\/2025\/11\/1000036008-600x600.jpg",600,600,true],"woocommerce_gallery_thumbnail":["https:\/\/www.tondeusetunisie.tn\/wp-content\/uploads\/2025\/11\/1000036008-100x100.jpg",100,100,true]},"uagb_author_info":{"display_name":"admin5942","author_link":"https:\/\/www.tondeusetunisie.tn\/index.php\/author\/"},"uagb_comment_info":0,"uagb_excerpt":"Le kit de tondeuses professionnelles VGR V-600 et V-900 est con\u00e7u pour offrir pr\u00e9cision, performance et praticit\u00e9, id\u00e9al pour les salons de coiffure et les particuliers. Dot\u00e9 de lames rev\u00eatues de c\u00e9ramique et de titane, il garantit une coupe douce et sans irritation pour tous les types de cheveux. Son autonomie impressionnante permet \u00e0 la&hellip;","jetpack_sharing_enabled":true,"jetpack_likes_enabled":true,"_links":{"self":[{"href":"https:\/\/www.tondeusetunisie.tn\/index.php\/wp-json\/wp\/v2\/product\/6456","targetHints":{"allow":["GET"]}}],"collection":[{"href":"https:\/\/www.tondeusetunisie.tn\/index.php\/wp-json\/wp\/v2\/product"}],"about":[{"href":"https:\/\/www.tondeusetunisie.tn\/index.php\/wp-json\/wp\/v2\/types\/product"}],"replies":[{"embeddable":true,"href":"https:\/\/www.tondeusetunisie.tn\/index.php\/wp-json\/wp\/v2\/comments?post=6456"}],"wp:featuredmedia":[{"embeddable":true,"href":"https:\/\/www.tondeusetunisie.tn\/index.php\/wp-json\/wp\/v2\/media\/6454"}],"wp:attachment":[{"href":"https:\/\/www.tondeusetunisie.tn\/index.php\/wp-json\/wp\/v2\/media?parent=6456"}],"wp:term":[{"taxonomy":"product_brand","embeddable":true,"href":"https:\/\/www.tondeusetunisie.tn\/index.php\/wp-json\/wp\/v2\/product_brand?post=6456"},{"taxonomy":"product_cat","embeddable":true,"href":"https:\/\/www.tondeusetunisie.tn\/index.php\/wp-json\/wp\/v2\/product_cat?post=6456"},{"taxonomy":"product_tag","embeddable":true,"href":"https:\/\/www.tondeusetunisie.tn\/index.php\/wp-json\/wp\/v2\/product_tag?post=6456"}],"curies":[{"name":"wp","href":"https:\/\/api.w.org\/{rel}","templated":true}]}}