{"id":6579,"date":"2025-12-16T21:34:14","date_gmt":"2025-12-16T20:34:14","guid":{"rendered":"https:\/\/www.vgrstore.tn\/index.php\/product\/tondeuse-a-cheveux-et-rasoir-3-en-1-vgr-v-640-s3-moteur-bldc-9000-tr-min-noir\/"},"modified":"2026-03-17T11:25:57","modified_gmt":"2026-03-17T10:25:57","slug":"tondeuse-a-cheveux-et-rasoir-3-en-1-vgr-v-640-s3-moteur-bldc-9000-tr-min-noir","status":"publish","type":"product","link":"https:\/\/www.tondeusetunisie.tn\/index.php\/product\/tondeuse-a-cheveux-et-rasoir-3-en-1-vgr-v-640-s3-moteur-bldc-9000-tr-min-noir\/","title":{"rendered":"Tondeuse \u00e0 cheveux et rasoir 3 en 1 VGR V-640 S3, moteur BLDC 9000 tr\/min, noir"},"content":{"rendered":"<p>Ensemble 3 en 1 Vgr V-640 S3 Tondeuse \u00e0 cheveux Rasoir 9000 tr\/min Bldc<\/p>\n<p>CARACT\u00c9RISTIQUES:<\/p>\n<p>TONDEUSE<\/p>\n<p>Mat\u00e9riau du corps : M\u00e9tal<\/p>\n<p>Mat\u00e9riau de la lame : lame en c\u00e9ramique et m\u00e9tallurgie des poudres<\/p>\n<p>Batterie : 2000 mAh<\/p>\n<p>Puissance : 5 W<\/p>\n<p>Vitesse : 9000 tr\/min<\/p>\n<p>Temps de charge : 2,5 heures<\/p>\n<p>Dur\u00e9e d&#8217;utilisation : 240 minutes<\/p>\n<p>3 peignes de guidage : 1\/2\/3 mm<\/p>\n<p>Coupe minimale sans peigne : 0,2-0,3 mm<\/p>\n<p>DIMENSIONS:<\/p>\n<p>Dimensions du corps : 15,8 \u00d7 4,2 \u00d7 4,1 cm tondeuse :<\/p>\n<p>Poids : 202,2 g<\/p>\n<p>+<\/p>\n<p>TONDEUSE<\/p>\n<p>Mat\u00e9riau du corps : M\u00e9tal<\/p>\n<p>Mat\u00e9riau de la lame : lame en c\u00e9ramique et m\u00e9tallurgie des poudres<\/p>\n<p>Batterie : 2500 mAh<\/p>\n<p>Puissance : 5 W<\/p>\n<p>Vitesse : 9000 tr\/min<\/p>\n<p>Temps de charge : 3 heures<\/p>\n<p>Dur\u00e9e d&#8217;utilisation : 250 minutes<\/p>\n<p>6 peignes de guidage : 1,5\/3\/4,5\/6\/9\/12 mm<\/p>\n<p>Coupe minimale sans peigne : 0,5 \u00e0 2,5 mm<\/p>\n<p>DIMENSIONS:<\/p>\n<p>Dimensions du corps : 18,9 x 5,5 x 4 cm<\/p>\n<p>Poids : 327,3 g<\/p>\n<p>+<\/p>\n<p>RASOIR<\/p>\n<p>Mat\u00e9riau du corps : M\u00e9tal<\/p>\n<p>Mat\u00e9riau de la lame : feuilles de titane<\/p>\n<p>Batterie : 1500 mAh<\/p>\n<p>Puissance : 5 W<\/p>\n<p>Vitesse : 9000 tr\/min<\/p>\n<p>Temps de charge : 2 heures<\/p>\n<p>Dur\u00e9e d&#8217;utilisation : 150 minutes<\/p>\n<p>Coupe minimale sans peigne : 0 mm<\/p>\n<p>DIMENSIONS:<\/p>\n<p>Mensurations corporelles : cm<\/p>\n<p>Poids : g<\/p>\n<p>COMPREND :<\/p>\n<p>3 machines VGR<\/p>\n<p>3 guides de coupe pour d\u00e9broussailleuse<\/p>\n<p>6 guides de coupe pour tondeuse<\/p>\n<p>2 c\u00e2bles de chargement USB<\/p>\n<p>1 peigne de nettoyage<\/p>\n<p>1x capuchon de protection<\/p>\n<p>1x Huile lubrifiante<\/p>\n<p>1 manuel<\/p>\n","protected":false},"excerpt":{"rendered":"<p>Ensemble 3 en 1 Vgr V-640 S3 Tondeuse \u00e0 cheveux Rasoir 9000 tr\/min Bldc CARACT\u00c9RISTIQUES: TONDEUSE Mat\u00e9riau du corps : M\u00e9tal Mat\u00e9riau de la lame : lame en c\u00e9ramique et m\u00e9tallurgie des poudres Batterie : 2000 mAh Puissance : 5 W Vitesse : 9000 tr\/min Temps de charge : 2,5 heures Dur\u00e9e d&#8217;utilisation : 240 &hellip;<\/p>\n<p class=\"read-more\"> <a class=\"\" href=\"https:\/\/www.tondeusetunisie.tn\/index.php\/product\/tondeuse-a-cheveux-et-rasoir-3-en-1-vgr-v-640-s3-moteur-bldc-9000-tr-min-noir\/\"> <span class=\"screen-reader-text\">Tondeuse \u00e0 cheveux et rasoir 3 en 1 VGR V-640 S3, moteur BLDC 9000 tr\/min, noir<\/span> \u0642\u0631\u0627\u0621\u0629 \u0627\u0644\u0645\u0632\u064a\u062f &raquo;<\/a><\/p>\n","protected":false},"featured_media":6578,"comment_status":"open","ping_status":"closed","template":"","meta":{"_uag_custom_page_level_css":"","site-sidebar-layout":"default","site-content-layout":"default","ast-global-header-display":"","ast-main-header-display":"","ast-hfb-above-header-display":"","ast-hfb-below-header-display":"","ast-hfb-mobile-header-display":"","site-post-title":"","ast-breadcrumbs-content":"","ast-featured-img":"","footer-sml-layout":"","theme-transparent-header-meta":"","adv-header-id-meta":"","stick-header-meta":"","header-above-stick-meta":"","header-main-stick-meta":"","header-below-stick-meta":"","_joinchat":[],"jetpack_publicize_message":"","jetpack_publicize_feature_enabled":true,"jetpack_social_post_already_shared":true,"jetpack_social_options":{"image_generator_settings":{"template":"highway","default_image_id":0,"font":"","enabled":false},"version":2}},"product_brand":[],"product_cat":[19,33,32],"product_tag":[],"class_list":{"0":"post-6579","1":"product","2":"type-product","3":"status-publish","4":"has-post-thumbnail","6":"product_cat-pack-promo","7":"product_cat-pour-la-barbe-","8":"product_cat-pour-les-cheveux-","9":"product_shipping_class-8-dt","10":"desktop-align-center","11":"tablet-align-left","12":"mobile-align-left","14":"first","15":"instock","16":"sale","17":"shipping-taxable","18":"purchasable","19":"product-type-simple"},"jetpack_publicize_connections":[],"uagb_featured_image_src":{"full":["https:\/\/www.tondeusetunisie.tn\/wp-content\/uploads\/2025\/12\/1000042275.jpg",894,881,false],"thumbnail":["https:\/\/www.tondeusetunisie.tn\/wp-content\/uploads\/2025\/12\/1000042275-150x150.jpg",150,150,true],"medium":["https:\/\/www.tondeusetunisie.tn\/wp-content\/uploads\/2025\/12\/1000042275-300x296.jpg",300,296,true],"medium_large":["https:\/\/www.tondeusetunisie.tn\/wp-content\/uploads\/2025\/12\/1000042275-768x757.jpg",768,757,true],"large":["https:\/\/www.tondeusetunisie.tn\/wp-content\/uploads\/2025\/12\/1000042275.jpg",894,881,false],"1536x1536":["https:\/\/www.tondeusetunisie.tn\/wp-content\/uploads\/2025\/12\/1000042275.jpg",894,881,false],"2048x2048":["https:\/\/www.tondeusetunisie.tn\/wp-content\/uploads\/2025\/12\/1000042275.jpg",894,881,false],"woocommerce_thumbnail":["https:\/\/www.tondeusetunisie.tn\/wp-content\/uploads\/2025\/12\/1000042275-300x300.jpg",300,300,true],"woocommerce_single":["https:\/\/www.tondeusetunisie.tn\/wp-content\/uploads\/2025\/12\/1000042275-600x591.jpg",600,591,true],"woocommerce_gallery_thumbnail":["https:\/\/www.tondeusetunisie.tn\/wp-content\/uploads\/2025\/12\/1000042275-100x100.jpg",100,100,true]},"uagb_author_info":{"display_name":"admin5942","author_link":"https:\/\/www.tondeusetunisie.tn\/index.php\/author\/"},"uagb_comment_info":0,"uagb_excerpt":"Ensemble 3 en 1 Vgr V-640 S3 Tondeuse \u00e0 cheveux Rasoir 9000 tr\/min Bldc CARACT\u00c9RISTIQUES: TONDEUSE Mat\u00e9riau du corps : M\u00e9tal Mat\u00e9riau de la lame : lame en c\u00e9ramique et m\u00e9tallurgie des poudres Batterie : 2000 mAh Puissance : 5 W Vitesse : 9000 tr\/min Temps de charge : 2,5 heures Dur\u00e9e d&#8217;utilisation : 240&hellip;","jetpack_sharing_enabled":true,"jetpack_likes_enabled":true,"_links":{"self":[{"href":"https:\/\/www.tondeusetunisie.tn\/index.php\/wp-json\/wp\/v2\/product\/6579","targetHints":{"allow":["GET"]}}],"collection":[{"href":"https:\/\/www.tondeusetunisie.tn\/index.php\/wp-json\/wp\/v2\/product"}],"about":[{"href":"https:\/\/www.tondeusetunisie.tn\/index.php\/wp-json\/wp\/v2\/types\/product"}],"replies":[{"embeddable":true,"href":"https:\/\/www.tondeusetunisie.tn\/index.php\/wp-json\/wp\/v2\/comments?post=6579"}],"wp:featuredmedia":[{"embeddable":true,"href":"https:\/\/www.tondeusetunisie.tn\/index.php\/wp-json\/wp\/v2\/media\/6578"}],"wp:attachment":[{"href":"https:\/\/www.tondeusetunisie.tn\/index.php\/wp-json\/wp\/v2\/media?parent=6579"}],"wp:term":[{"taxonomy":"product_brand","embeddable":true,"href":"https:\/\/www.tondeusetunisie.tn\/index.php\/wp-json\/wp\/v2\/product_brand?post=6579"},{"taxonomy":"product_cat","embeddable":true,"href":"https:\/\/www.tondeusetunisie.tn\/index.php\/wp-json\/wp\/v2\/product_cat?post=6579"},{"taxonomy":"product_tag","embeddable":true,"href":"https:\/\/www.tondeusetunisie.tn\/index.php\/wp-json\/wp\/v2\/product_tag?post=6579"}],"curies":[{"name":"wp","href":"https:\/\/api.w.org\/{rel}","templated":true}]}}