{"id":6699,"date":"2026-01-18T20:38:00","date_gmt":"2026-01-18T19:38:00","guid":{"rendered":"https:\/\/www.vgrstore.tn\/index.php\/product\/lame-de-rechange-pour-tondeuse-vgr-ref-v-003-v-640-v-270\/"},"modified":"2026-03-12T06:56:38","modified_gmt":"2026-03-12T05:56:38","slug":"lame-de-rechange-pour-tondeuse-vgr-ref-v-003-v-640-v-270","status":"publish","type":"product","link":"https:\/\/www.tondeusetunisie.tn\/index.php\/product\/lame-de-rechange-pour-tondeuse-vgr-ref-v-003-v-640-v-270\/","title":{"rendered":"Lame de rechange pour tondeuse VGR \u2013 R\u00e9f. V-003 \/ V-640 \/ V-270"},"content":{"rendered":"<p>Am\u00e9liorez l\u2019efficacit\u00e9 de votre tondeuse VGR avec cette lame de rechange de haute pr\u00e9cision, con\u00e7ue sp\u00e9cialement pour les mod\u00e8les VGR V-003, V-640 et V-270. Elle offre une coupe nette, r\u00e9guli\u00e8re et pr\u00e9cise, id\u00e9ale pour tous types de poils, m\u00eame les plus \u00e9pais.<br \/>\nFabriqu\u00e9e avec des mat\u00e9riaux r\u00e9sistants, cette lame garantit une excellente durabilit\u00e9 et un confort d\u2019utilisation optimal, sans tiraillement ni irritation. Son installation facile et rapide permet de redonner \u00e0 votre tondeuse toute sa performance en quelques secondes.<br \/>\nCaract\u00e9ristiques :<br \/>\n\u2705 Compatible avec VGR V-003, V-640 et V-270<br \/>\n\u2705 Coupe pr\u00e9cise et uniforme<br \/>\n\u2705 Lame robuste et durable<br \/>\n\u2705 Montage simple et rapide<br \/>\n\u2705 Id\u00e9ale pour usage professionnel et domestique<br \/>\n\ud83d\udc49 Accessoire indispensable pour conserver une tondeuse performante et une coupe parfaite.<\/p>\n","protected":false},"excerpt":{"rendered":"<p>Am\u00e9liorez l\u2019efficacit\u00e9 de votre tondeuse VGR avec cette lame de rechange de haute pr\u00e9cision, con\u00e7ue sp\u00e9cialement pour les mod\u00e8les VGR V-003, V-640 et V-270. Elle offre une coupe nette, r\u00e9guli\u00e8re et pr\u00e9cise, id\u00e9ale pour tous types de poils, m\u00eame les plus \u00e9pais. Fabriqu\u00e9e avec des mat\u00e9riaux r\u00e9sistants, cette lame garantit une excellente durabilit\u00e9 et un &hellip;<\/p>\n<p class=\"read-more\"> <a class=\"\" href=\"https:\/\/www.tondeusetunisie.tn\/index.php\/product\/lame-de-rechange-pour-tondeuse-vgr-ref-v-003-v-640-v-270\/\"> <span class=\"screen-reader-text\">Lame de rechange pour tondeuse VGR \u2013 R\u00e9f. V-003 \/ V-640 \/ V-270<\/span> \u0642\u0631\u0627\u0621\u0629 \u0627\u0644\u0645\u0632\u064a\u062f &raquo;<\/a><\/p>\n","protected":false},"featured_media":6698,"comment_status":"open","ping_status":"closed","template":"","meta":{"_uag_custom_page_level_css":"","site-sidebar-layout":"default","site-content-layout":"default","ast-global-header-display":"","ast-main-header-display":"","ast-hfb-above-header-display":"","ast-hfb-below-header-display":"","ast-hfb-mobile-header-display":"","site-post-title":"","ast-breadcrumbs-content":"","ast-featured-img":"","footer-sml-layout":"","theme-transparent-header-meta":"","adv-header-id-meta":"","stick-header-meta":"","header-above-stick-meta":"","header-main-stick-meta":"","header-below-stick-meta":"","_joinchat":[],"jetpack_publicize_message":"","jetpack_publicize_feature_enabled":true,"jetpack_social_post_already_shared":true,"jetpack_social_options":{"image_generator_settings":{"template":"highway","default_image_id":0,"font":"","enabled":false},"version":2}},"product_brand":[],"product_cat":[31],"product_tag":[],"class_list":{"0":"post-6699","1":"product","2":"type-product","3":"status-publish","4":"has-post-thumbnail","6":"product_cat-produit","7":"product_shipping_class-8-dt","8":"desktop-align-center","9":"tablet-align-left","10":"mobile-align-left","12":"first","13":"instock","14":"sale","15":"shipping-taxable","16":"purchasable","17":"product-type-simple"},"jetpack_publicize_connections":[],"uagb_featured_image_src":{"full":["https:\/\/www.tondeusetunisie.tn\/wp-content\/uploads\/2026\/01\/1000063829.jpg",1200,1200,false],"thumbnail":["https:\/\/www.tondeusetunisie.tn\/wp-content\/uploads\/2026\/01\/1000063829-150x150.jpg",150,150,true],"medium":["https:\/\/www.tondeusetunisie.tn\/wp-content\/uploads\/2026\/01\/1000063829-300x300.jpg",300,300,true],"medium_large":["https:\/\/www.tondeusetunisie.tn\/wp-content\/uploads\/2026\/01\/1000063829-768x768.jpg",768,768,true],"large":["https:\/\/www.tondeusetunisie.tn\/wp-content\/uploads\/2026\/01\/1000063829-1024x1024.jpg",1024,1024,true],"1536x1536":["https:\/\/www.tondeusetunisie.tn\/wp-content\/uploads\/2026\/01\/1000063829.jpg",1200,1200,false],"2048x2048":["https:\/\/www.tondeusetunisie.tn\/wp-content\/uploads\/2026\/01\/1000063829.jpg",1200,1200,false],"woocommerce_thumbnail":["https:\/\/www.tondeusetunisie.tn\/wp-content\/uploads\/2026\/01\/1000063829-300x300.jpg",300,300,true],"woocommerce_single":["https:\/\/www.tondeusetunisie.tn\/wp-content\/uploads\/2026\/01\/1000063829-600x600.jpg",600,600,true],"woocommerce_gallery_thumbnail":["https:\/\/www.tondeusetunisie.tn\/wp-content\/uploads\/2026\/01\/1000063829-100x100.jpg",100,100,true]},"uagb_author_info":{"display_name":"admin5942","author_link":"https:\/\/www.tondeusetunisie.tn\/index.php\/author\/"},"uagb_comment_info":0,"uagb_excerpt":"Am\u00e9liorez l\u2019efficacit\u00e9 de votre tondeuse VGR avec cette lame de rechange de haute pr\u00e9cision, con\u00e7ue sp\u00e9cialement pour les mod\u00e8les VGR V-003, V-640 et V-270. Elle offre une coupe nette, r\u00e9guli\u00e8re et pr\u00e9cise, id\u00e9ale pour tous types de poils, m\u00eame les plus \u00e9pais. Fabriqu\u00e9e avec des mat\u00e9riaux r\u00e9sistants, cette lame garantit une excellente durabilit\u00e9 et un&hellip;","jetpack_sharing_enabled":true,"jetpack_likes_enabled":true,"_links":{"self":[{"href":"https:\/\/www.tondeusetunisie.tn\/index.php\/wp-json\/wp\/v2\/product\/6699","targetHints":{"allow":["GET"]}}],"collection":[{"href":"https:\/\/www.tondeusetunisie.tn\/index.php\/wp-json\/wp\/v2\/product"}],"about":[{"href":"https:\/\/www.tondeusetunisie.tn\/index.php\/wp-json\/wp\/v2\/types\/product"}],"replies":[{"embeddable":true,"href":"https:\/\/www.tondeusetunisie.tn\/index.php\/wp-json\/wp\/v2\/comments?post=6699"}],"wp:featuredmedia":[{"embeddable":true,"href":"https:\/\/www.tondeusetunisie.tn\/index.php\/wp-json\/wp\/v2\/media\/6698"}],"wp:attachment":[{"href":"https:\/\/www.tondeusetunisie.tn\/index.php\/wp-json\/wp\/v2\/media?parent=6699"}],"wp:term":[{"taxonomy":"product_brand","embeddable":true,"href":"https:\/\/www.tondeusetunisie.tn\/index.php\/wp-json\/wp\/v2\/product_brand?post=6699"},{"taxonomy":"product_cat","embeddable":true,"href":"https:\/\/www.tondeusetunisie.tn\/index.php\/wp-json\/wp\/v2\/product_cat?post=6699"},{"taxonomy":"product_tag","embeddable":true,"href":"https:\/\/www.tondeusetunisie.tn\/index.php\/wp-json\/wp\/v2\/product_tag?post=6699"}],"curies":[{"name":"wp","href":"https:\/\/api.w.org\/{rel}","templated":true}]}}