{"id":6730,"date":"2026-01-26T18:49:53","date_gmt":"2026-01-26T17:49:53","guid":{"rendered":"https:\/\/www.vgrstore.tn\/index.php\/product\/vgr-v-938-professional-cord-cordless-body-trimmer-for-full-body-grooming-black\/"},"modified":"2026-04-02T21:17:29","modified_gmt":"2026-04-02T19:17:29","slug":"vgr-v-938-professional-cord-cordless-body-trimmer-for-full-body-grooming-black","status":"publish","type":"product","link":"https:\/\/www.tondeusetunisie.tn\/index.php\/product\/vgr-v-938-professional-cord-cordless-body-trimmer-for-full-body-grooming-black\/","title":{"rendered":"VGR V-938 Professional Cord\/Cordless Body Trimmer for full-body grooming (Black)"},"content":{"rendered":"<p>Le VGR V-938 Professional Body Trimmer est parfait pour l&#8217;entretien du corps entier, de la poitrine aux jambes, avec pr\u00e9cision et confort. Son design doux garantit une coupe nette m\u00eame dans les zones sensibles et est id\u00e9al pour l&#8217;entretien de la barbe et de la moustache, offrant des lignes nettes et des longueurs ajustables. Vous pouvez l&#8217;utiliser sous la douche ou sur peau s\u00e8che gr\u00e2ce \u00e0 sa fonctionnalit\u00e9 \u00e9tanche IPX7, et l&#8217;emporter partout gr\u00e2ce \u00e0 son verrouillage de voyage et sa charge USB. Les lumi\u00e8res LED int\u00e9gr\u00e9es aident \u00e0 \u00e9clairer les zones difficiles \u00e0 atteindre, tandis que les peignes guides multiples permettent un style personnalisable. Des lignes nettes et pr\u00e9cises pour les lignes de cheveux et de cou font de cet appareil un outil polyvalent pour les retouches rapides et une utilisation professionnelle en salon.<br \/>\nConsignes d&#8217;entretien et de soin :<br \/>\nPour prolonger la dur\u00e9e de vie de l&#8217;appareil, voici quelques points \u00e0 garder \u00e0 l&#8217;esprit. Ci-dessous, les bons gestes et ceux \u00e0 \u00e9viter pour bien entretenir cette tondeuse pour homme :<br \/>\n\u00c0 faire :<br \/>\nChargez compl\u00e8tement la tondeuse avant la premi\u00e8re utilisation pour des performances optimales.<br \/>\nUtilisez le peigne guide adapt\u00e9 \u00e0 la longueur de cheveux souhait\u00e9e.<br \/>\nNettoyez la lame et la tondeuse apr\u00e8s chaque utilisation avec la brosse fournie.<br \/>\nRangez la tondeuse dans un endroit sec et frais lorsqu&#8217;elle n&#8217;est pas utilis\u00e9e.<br \/>\n\u00c0 ne pas faire :<br \/>\nNe plongez pas la tondeuse ou ses composants dans l&#8217;eau, malgr\u00e9 son indice de protection IPX7.<br \/>\n\u00c9vitez d&#8217;utiliser la tondeuse lorsqu&#8217;elle est branch\u00e9e pour la recharge.<br \/>\nNe l\u2019utilisez pas sur peau mouill\u00e9e ou humide, sauf indication contraire.<br \/>\nNe forcez pas sur la lame pour \u00e9viter tout inconfort.<\/p>\n","protected":false},"excerpt":{"rendered":"<p>Le VGR V-938 Professional Body Trimmer est parfait pour l&#8217;entretien du corps entier, de la poitrine aux jambes, avec pr\u00e9cision et confort. Son design doux garantit une coupe nette m\u00eame dans les zones sensibles et est id\u00e9al pour l&#8217;entretien de la barbe et de la moustache, offrant des lignes nettes et des longueurs ajustables. Vous &hellip;<\/p>\n<p class=\"read-more\"> <a class=\"\" href=\"https:\/\/www.tondeusetunisie.tn\/index.php\/product\/vgr-v-938-professional-cord-cordless-body-trimmer-for-full-body-grooming-black\/\"> <span class=\"screen-reader-text\">VGR V-938 Professional Cord\/Cordless Body Trimmer for full-body grooming (Black)<\/span> \u0642\u0631\u0627\u0621\u0629 \u0627\u0644\u0645\u0632\u064a\u062f &raquo;<\/a><\/p>\n","protected":false},"featured_media":6720,"comment_status":"open","ping_status":"closed","template":"","meta":{"_uag_custom_page_level_css":"","site-sidebar-layout":"default","site-content-layout":"default","ast-global-header-display":"","ast-main-header-display":"","ast-hfb-above-header-display":"","ast-hfb-below-header-display":"","ast-hfb-mobile-header-display":"","site-post-title":"","ast-breadcrumbs-content":"","ast-featured-img":"","footer-sml-layout":"","theme-transparent-header-meta":"","adv-header-id-meta":"","stick-header-meta":"","header-above-stick-meta":"","header-main-stick-meta":"","header-below-stick-meta":"","_joinchat":[],"jetpack_publicize_message":"","jetpack_publicize_feature_enabled":true,"jetpack_social_post_already_shared":true,"jetpack_social_options":{"image_generator_settings":{"template":"highway","default_image_id":0,"font":"","enabled":false},"version":2}},"product_brand":[],"product_cat":[20],"product_tag":[],"class_list":{"0":"post-6730","1":"product","2":"type-product","3":"status-publish","4":"has-post-thumbnail","6":"product_cat-promotion","7":"product_shipping_class-8-dt","8":"desktop-align-center","9":"tablet-align-left","10":"mobile-align-left","12":"first","13":"instock","14":"sale","15":"shipping-taxable","16":"purchasable","17":"product-type-simple"},"jetpack_publicize_connections":[],"uagb_featured_image_src":{"full":["https:\/\/www.tondeusetunisie.tn\/wp-content\/uploads\/2026\/01\/1000064146.jpg",1400,1400,false],"thumbnail":["https:\/\/www.tondeusetunisie.tn\/wp-content\/uploads\/2026\/01\/1000064146-150x150.jpg",150,150,true],"medium":["https:\/\/www.tondeusetunisie.tn\/wp-content\/uploads\/2026\/01\/1000064146-300x300.jpg",300,300,true],"medium_large":["https:\/\/www.tondeusetunisie.tn\/wp-content\/uploads\/2026\/01\/1000064146-768x768.jpg",768,768,true],"large":["https:\/\/www.tondeusetunisie.tn\/wp-content\/uploads\/2026\/01\/1000064146-1024x1024.jpg",1024,1024,true],"1536x1536":["https:\/\/www.tondeusetunisie.tn\/wp-content\/uploads\/2026\/01\/1000064146.jpg",1400,1400,false],"2048x2048":["https:\/\/www.tondeusetunisie.tn\/wp-content\/uploads\/2026\/01\/1000064146.jpg",1400,1400,false],"woocommerce_thumbnail":["https:\/\/www.tondeusetunisie.tn\/wp-content\/uploads\/2026\/01\/1000064146-300x300.jpg",300,300,true],"woocommerce_single":["https:\/\/www.tondeusetunisie.tn\/wp-content\/uploads\/2026\/01\/1000064146-600x600.jpg",600,600,true],"woocommerce_gallery_thumbnail":["https:\/\/www.tondeusetunisie.tn\/wp-content\/uploads\/2026\/01\/1000064146-100x100.jpg",100,100,true]},"uagb_author_info":{"display_name":"admin5942","author_link":"https:\/\/www.tondeusetunisie.tn\/index.php\/author\/"},"uagb_comment_info":0,"uagb_excerpt":"Le VGR V-938 Professional Body Trimmer est parfait pour l&#8217;entretien du corps entier, de la poitrine aux jambes, avec pr\u00e9cision et confort. Son design doux garantit une coupe nette m\u00eame dans les zones sensibles et est id\u00e9al pour l&#8217;entretien de la barbe et de la moustache, offrant des lignes nettes et des longueurs ajustables. Vous&hellip;","jetpack_sharing_enabled":true,"jetpack_likes_enabled":true,"_links":{"self":[{"href":"https:\/\/www.tondeusetunisie.tn\/index.php\/wp-json\/wp\/v2\/product\/6730","targetHints":{"allow":["GET"]}}],"collection":[{"href":"https:\/\/www.tondeusetunisie.tn\/index.php\/wp-json\/wp\/v2\/product"}],"about":[{"href":"https:\/\/www.tondeusetunisie.tn\/index.php\/wp-json\/wp\/v2\/types\/product"}],"replies":[{"embeddable":true,"href":"https:\/\/www.tondeusetunisie.tn\/index.php\/wp-json\/wp\/v2\/comments?post=6730"}],"wp:featuredmedia":[{"embeddable":true,"href":"https:\/\/www.tondeusetunisie.tn\/index.php\/wp-json\/wp\/v2\/media\/6720"}],"wp:attachment":[{"href":"https:\/\/www.tondeusetunisie.tn\/index.php\/wp-json\/wp\/v2\/media?parent=6730"}],"wp:term":[{"taxonomy":"product_brand","embeddable":true,"href":"https:\/\/www.tondeusetunisie.tn\/index.php\/wp-json\/wp\/v2\/product_brand?post=6730"},{"taxonomy":"product_cat","embeddable":true,"href":"https:\/\/www.tondeusetunisie.tn\/index.php\/wp-json\/wp\/v2\/product_cat?post=6730"},{"taxonomy":"product_tag","embeddable":true,"href":"https:\/\/www.tondeusetunisie.tn\/index.php\/wp-json\/wp\/v2\/product_tag?post=6730"}],"curies":[{"name":"wp","href":"https:\/\/api.w.org\/{rel}","templated":true}]}}