{"id":6776,"date":"2026-01-26T19:06:47","date_gmt":"2026-01-26T18:06:47","guid":{"rendered":"https:\/\/www.vgrstore.tn\/index.php\/product\/tondeuse-a-cheveux-professionnelle-vgr-v-016-bldc-7000-tr-min-boitier-metallique-8-w-noir-et-vert\/"},"modified":"2026-03-12T06:55:36","modified_gmt":"2026-03-12T05:55:36","slug":"tondeuse-a-cheveux-professionnelle-vgr-v-016-bldc-7000-tr-min-boitier-metallique-8-w-noir-et-vert","status":"publish","type":"product","link":"https:\/\/www.tondeusetunisie.tn\/index.php\/product\/tondeuse-a-cheveux-professionnelle-vgr-v-016-bldc-7000-tr-min-boitier-metallique-8-w-noir-et-vert\/","title":{"rendered":"Tondeuse \u00e0 cheveux professionnelle VGR V-016 BLDC 7000 tr\/min, bo\u00eetier m\u00e9tallique 8 W, noir et vert"},"content":{"rendered":"<p>Tondeuse \u00e0 cheveux professionnelle VGR V-016 BLDC 7000 tr\/min pour m\u00e9taux<br \/>\nSP\u00c9CIFICATIONS :<br \/>\nMat\u00e9riau du corps : M\u00e9tal.<br \/>\nMat\u00e9riau de la lame : Rev\u00eatement DLC en titane.<br \/>\nBatterie : 2600 mAh.<br \/>\nTemps de charge : 4 heures.<br \/>\nAutonomie : 180 minutes.<br \/>\nMoteur : BLDC (sans balais).<br \/>\nPuissance : 5 W.<br \/>\nVitesse : 7000 tr\/min.<br \/>\n6 sabots : 3\/6\/9\/12\/16\/19 mm.<br \/>\nHauteur de coupe minimale : 0,5 mm.<br \/>\nLargeur de coupe avec sabots : 3 \u00e0 19 mm.<br \/>\nDIMENSIONS :<br \/>\nDimensions : 17,2 cm x 5,7 cm x 4,5 cm<br \/>\nPoids : 346,6 g<br \/>\nCOMPREND :<br \/>\n1x Tondeuse VGR<br \/>\n6x Peignes de guidage<br \/>\n1x Huile<br \/>\n1x Brosse de nettoyage<br \/>\n1x C\u00e2ble de chargement USB<\/p>\n","protected":false},"excerpt":{"rendered":"<p>Tondeuse \u00e0 cheveux professionnelle VGR V-016 BLDC 7000 tr\/min pour m\u00e9taux SP\u00c9CIFICATIONS : Mat\u00e9riau du corps : M\u00e9tal. Mat\u00e9riau de la lame : Rev\u00eatement DLC en titane. Batterie : 2600 mAh. Temps de charge : 4 heures. Autonomie : 180 minutes. Moteur : BLDC (sans balais). Puissance : 5 W. Vitesse : 7000 tr\/min. 6 &hellip;<\/p>\n<p class=\"read-more\"> <a class=\"\" href=\"https:\/\/www.tondeusetunisie.tn\/index.php\/product\/tondeuse-a-cheveux-professionnelle-vgr-v-016-bldc-7000-tr-min-boitier-metallique-8-w-noir-et-vert\/\"> <span class=\"screen-reader-text\">Tondeuse \u00e0 cheveux professionnelle VGR V-016 BLDC 7000 tr\/min, bo\u00eetier m\u00e9tallique 8 W, noir et vert<\/span> \u0642\u0631\u0627\u0621\u0629 \u0627\u0644\u0645\u0632\u064a\u062f &raquo;<\/a><\/p>\n","protected":false},"featured_media":6774,"comment_status":"open","ping_status":"closed","template":"","meta":{"_uag_custom_page_level_css":"","site-sidebar-layout":"default","site-content-layout":"default","ast-global-header-display":"","ast-main-header-display":"","ast-hfb-above-header-display":"","ast-hfb-below-header-display":"","ast-hfb-mobile-header-display":"","site-post-title":"","ast-breadcrumbs-content":"","ast-featured-img":"","footer-sml-layout":"","theme-transparent-header-meta":"","adv-header-id-meta":"","stick-header-meta":"","header-above-stick-meta":"","header-main-stick-meta":"","header-below-stick-meta":"","_joinchat":[],"jetpack_publicize_message":"","jetpack_publicize_feature_enabled":true,"jetpack_social_post_already_shared":true,"jetpack_social_options":{"image_generator_settings":{"template":"highway","default_image_id":0,"font":"","enabled":false},"version":2}},"product_brand":[],"product_cat":[31],"product_tag":[],"class_list":{"0":"post-6776","1":"product","2":"type-product","3":"status-publish","4":"has-post-thumbnail","6":"product_cat-produit","7":"product_shipping_class-8-dt","8":"desktop-align-center","9":"tablet-align-left","10":"mobile-align-left","12":"first","13":"onbackorder","14":"sale","15":"shipping-taxable","16":"purchasable","17":"product-type-simple"},"jetpack_publicize_connections":[],"uagb_featured_image_src":{"full":["https:\/\/www.tondeusetunisie.tn\/wp-content\/uploads\/2026\/01\/1000064189.jpg",1080,1080,false],"thumbnail":["https:\/\/www.tondeusetunisie.tn\/wp-content\/uploads\/2026\/01\/1000064189-150x150.jpg",150,150,true],"medium":["https:\/\/www.tondeusetunisie.tn\/wp-content\/uploads\/2026\/01\/1000064189-300x300.jpg",300,300,true],"medium_large":["https:\/\/www.tondeusetunisie.tn\/wp-content\/uploads\/2026\/01\/1000064189-768x768.jpg",768,768,true],"large":["https:\/\/www.tondeusetunisie.tn\/wp-content\/uploads\/2026\/01\/1000064189-1024x1024.jpg",1024,1024,true],"1536x1536":["https:\/\/www.tondeusetunisie.tn\/wp-content\/uploads\/2026\/01\/1000064189.jpg",1080,1080,false],"2048x2048":["https:\/\/www.tondeusetunisie.tn\/wp-content\/uploads\/2026\/01\/1000064189.jpg",1080,1080,false],"woocommerce_thumbnail":["https:\/\/www.tondeusetunisie.tn\/wp-content\/uploads\/2026\/01\/1000064189-300x300.jpg",300,300,true],"woocommerce_single":["https:\/\/www.tondeusetunisie.tn\/wp-content\/uploads\/2026\/01\/1000064189-600x600.jpg",600,600,true],"woocommerce_gallery_thumbnail":["https:\/\/www.tondeusetunisie.tn\/wp-content\/uploads\/2026\/01\/1000064189-100x100.jpg",100,100,true]},"uagb_author_info":{"display_name":"admin5942","author_link":"https:\/\/www.tondeusetunisie.tn\/index.php\/author\/"},"uagb_comment_info":0,"uagb_excerpt":"Tondeuse \u00e0 cheveux professionnelle VGR V-016 BLDC 7000 tr\/min pour m\u00e9taux SP\u00c9CIFICATIONS : Mat\u00e9riau du corps : M\u00e9tal. Mat\u00e9riau de la lame : Rev\u00eatement DLC en titane. Batterie : 2600 mAh. Temps de charge : 4 heures. Autonomie : 180 minutes. Moteur : BLDC (sans balais). Puissance : 5 W. Vitesse : 7000 tr\/min. 6&hellip;","jetpack_sharing_enabled":true,"jetpack_likes_enabled":true,"_links":{"self":[{"href":"https:\/\/www.tondeusetunisie.tn\/index.php\/wp-json\/wp\/v2\/product\/6776","targetHints":{"allow":["GET"]}}],"collection":[{"href":"https:\/\/www.tondeusetunisie.tn\/index.php\/wp-json\/wp\/v2\/product"}],"about":[{"href":"https:\/\/www.tondeusetunisie.tn\/index.php\/wp-json\/wp\/v2\/types\/product"}],"replies":[{"embeddable":true,"href":"https:\/\/www.tondeusetunisie.tn\/index.php\/wp-json\/wp\/v2\/comments?post=6776"}],"wp:featuredmedia":[{"embeddable":true,"href":"https:\/\/www.tondeusetunisie.tn\/index.php\/wp-json\/wp\/v2\/media\/6774"}],"wp:attachment":[{"href":"https:\/\/www.tondeusetunisie.tn\/index.php\/wp-json\/wp\/v2\/media?parent=6776"}],"wp:term":[{"taxonomy":"product_brand","embeddable":true,"href":"https:\/\/www.tondeusetunisie.tn\/index.php\/wp-json\/wp\/v2\/product_brand?post=6776"},{"taxonomy":"product_cat","embeddable":true,"href":"https:\/\/www.tondeusetunisie.tn\/index.php\/wp-json\/wp\/v2\/product_cat?post=6776"},{"taxonomy":"product_tag","embeddable":true,"href":"https:\/\/www.tondeusetunisie.tn\/index.php\/wp-json\/wp\/v2\/product_tag?post=6776"}],"curies":[{"name":"wp","href":"https:\/\/api.w.org\/{rel}","templated":true}]}}