{"id":6800,"date":"2026-01-26T19:37:09","date_gmt":"2026-01-26T18:37:09","guid":{"rendered":"https:\/\/www.vgrstore.tn\/index.php\/product\/tondeuse-a-cheveux-vgr-v-946-en-metal-dlc-8-000-tr-min-verte\/"},"modified":"2026-01-27T17:13:17","modified_gmt":"2026-01-27T16:13:17","slug":"tondeuse-a-cheveux-vgr-v-946-en-metal-dlc-8-000-tr-min-verte","status":"publish","type":"product","link":"https:\/\/www.tondeusetunisie.tn\/index.php\/product\/tondeuse-a-cheveux-vgr-v-946-en-metal-dlc-8-000-tr-min-verte\/","title":{"rendered":"Tondeuse \u00e0 cheveux VGR V-946 en m\u00e9tal DLC, 8 000 tr\/min, verte"},"content":{"rendered":"<p>Tondeuse \u00e0 cheveux VGR V-946 en m\u00e9tal DLC \u2013 Performance, confort et pr\u00e9cision ! \u2702\ufe0f<br \/>\nD\u00e9couvrez la tondeuse \u00e0 cheveux VGR V-946, \u00e9quip\u00e9e des derni\u00e8res technologies pour un r\u00e9sultat impeccable \u00e0 chaque utilisation. Avec son moteur BLDC sans balais et sa lame en c\u00e9ramique bleue, elle offre une exp\u00e9rience de coupe \u00e0 la fois fluide et douce.<br \/>\n\ud83d\udd39 Caract\u00e9ristiques principales :<br \/>\nMoteur BLDC sans balais pour une performance silencieuse et durable<br \/>\nLame en c\u00e9ramique bleue avec technologie Ice, plus froide de 5 \u00e0 8\u00b0C que les lames classiques \u2013 id\u00e9al pour les peaux sensibles et les longues sessions<br \/>\nSyst\u00e8me de refroidissement avanc\u00e9 pour une temp\u00e9rature de lame plus basse et une coupe confortable, m\u00eame lors d&#8217;utilisations prolong\u00e9es<br \/>\nLame en T DLC, ultra-pr\u00e9cise pour un style d\u00e9taill\u00e9 et un d\u00e9grad\u00e9 parfait<br \/>\nAutonomie exceptionnelle : 140 \u00e0 200 minutes d\u2019utilisation avec une batterie 3000 mAh, et un temps de charge rapide de 3 heures<br \/>\n\ud83d\udd39 Inclus dans le kit :<br \/>\n1 tondeuse VGR V-946<br \/>\n1 c\u00e2ble USB<br \/>\n1 brosse de nettoyage<br \/>\n1 jeu de peignes de guidage (1,5\/3\/4,5\/6 mm)<br \/>\n1 manuel d\u2019utilisation<br \/>\n\ud83d\udd39 Dimensions : 16,3 x 4,5 x 4,5 cm<br \/>\n\ud83d\udd39 Poids : 214,5 g<br \/>\nPour des coupes nettes, pr\u00e9cises et confortables, optez pour la VGR V-946 !<\/p>\n","protected":false},"excerpt":{"rendered":"<p>Tondeuse \u00e0 cheveux VGR V-946 en m\u00e9tal DLC \u2013 Performance, confort et pr\u00e9cision ! \u2702\ufe0f D\u00e9couvrez la tondeuse \u00e0 cheveux VGR V-946, \u00e9quip\u00e9e des derni\u00e8res technologies pour un r\u00e9sultat impeccable \u00e0 chaque utilisation. Avec son moteur BLDC sans balais et sa lame en c\u00e9ramique bleue, elle offre une exp\u00e9rience de coupe \u00e0 la fois fluide &hellip;<\/p>\n<p class=\"read-more\"> <a class=\"\" href=\"https:\/\/www.tondeusetunisie.tn\/index.php\/product\/tondeuse-a-cheveux-vgr-v-946-en-metal-dlc-8-000-tr-min-verte\/\"> <span class=\"screen-reader-text\">Tondeuse \u00e0 cheveux VGR V-946 en m\u00e9tal DLC, 8 000 tr\/min, verte<\/span> \u0642\u0631\u0627\u0621\u0629 \u0627\u0644\u0645\u0632\u064a\u062f &raquo;<\/a><\/p>\n","protected":false},"featured_media":6790,"comment_status":"open","ping_status":"closed","template":"","meta":{"_uag_custom_page_level_css":"","site-sidebar-layout":"default","site-content-layout":"default","ast-global-header-display":"","ast-main-header-display":"","ast-hfb-above-header-display":"","ast-hfb-below-header-display":"","ast-hfb-mobile-header-display":"","site-post-title":"","ast-breadcrumbs-content":"","ast-featured-img":"","footer-sml-layout":"","theme-transparent-header-meta":"","adv-header-id-meta":"","stick-header-meta":"","header-above-stick-meta":"","header-main-stick-meta":"","header-below-stick-meta":"","_joinchat":[],"jetpack_publicize_message":"","jetpack_publicize_feature_enabled":true,"jetpack_social_post_already_shared":true,"jetpack_social_options":{"image_generator_settings":{"template":"highway","default_image_id":0,"font":"","enabled":false},"version":2}},"product_brand":[],"product_cat":[20],"product_tag":[],"class_list":{"0":"post-6800","1":"product","2":"type-product","3":"status-publish","4":"has-post-thumbnail","6":"product_cat-promotion","7":"product_shipping_class-8-dt","8":"desktop-align-center","9":"tablet-align-left","10":"mobile-align-left","12":"first","13":"instock","14":"sale","15":"shipping-taxable","16":"purchasable","17":"product-type-simple"},"jetpack_publicize_connections":[],"uagb_featured_image_src":{"full":["https:\/\/www.tondeusetunisie.tn\/wp-content\/uploads\/2026\/01\/1000064264.jpg",1080,1080,false],"thumbnail":["https:\/\/www.tondeusetunisie.tn\/wp-content\/uploads\/2026\/01\/1000064264-150x150.jpg",150,150,true],"medium":["https:\/\/www.tondeusetunisie.tn\/wp-content\/uploads\/2026\/01\/1000064264-300x300.jpg",300,300,true],"medium_large":["https:\/\/www.tondeusetunisie.tn\/wp-content\/uploads\/2026\/01\/1000064264-768x768.jpg",768,768,true],"large":["https:\/\/www.tondeusetunisie.tn\/wp-content\/uploads\/2026\/01\/1000064264-1024x1024.jpg",1024,1024,true],"1536x1536":["https:\/\/www.tondeusetunisie.tn\/wp-content\/uploads\/2026\/01\/1000064264.jpg",1080,1080,false],"2048x2048":["https:\/\/www.tondeusetunisie.tn\/wp-content\/uploads\/2026\/01\/1000064264.jpg",1080,1080,false],"woocommerce_thumbnail":["https:\/\/www.tondeusetunisie.tn\/wp-content\/uploads\/2026\/01\/1000064264-300x300.jpg",300,300,true],"woocommerce_single":["https:\/\/www.tondeusetunisie.tn\/wp-content\/uploads\/2026\/01\/1000064264-600x600.jpg",600,600,true],"woocommerce_gallery_thumbnail":["https:\/\/www.tondeusetunisie.tn\/wp-content\/uploads\/2026\/01\/1000064264-100x100.jpg",100,100,true]},"uagb_author_info":{"display_name":"admin5942","author_link":"https:\/\/www.tondeusetunisie.tn\/index.php\/author\/"},"uagb_comment_info":0,"uagb_excerpt":"Tondeuse \u00e0 cheveux VGR V-946 en m\u00e9tal DLC \u2013 Performance, confort et pr\u00e9cision ! \u2702\ufe0f D\u00e9couvrez la tondeuse \u00e0 cheveux VGR V-946, \u00e9quip\u00e9e des derni\u00e8res technologies pour un r\u00e9sultat impeccable \u00e0 chaque utilisation. Avec son moteur BLDC sans balais et sa lame en c\u00e9ramique bleue, elle offre une exp\u00e9rience de coupe \u00e0 la fois fluide&hellip;","jetpack_sharing_enabled":true,"jetpack_likes_enabled":true,"_links":{"self":[{"href":"https:\/\/www.tondeusetunisie.tn\/index.php\/wp-json\/wp\/v2\/product\/6800","targetHints":{"allow":["GET"]}}],"collection":[{"href":"https:\/\/www.tondeusetunisie.tn\/index.php\/wp-json\/wp\/v2\/product"}],"about":[{"href":"https:\/\/www.tondeusetunisie.tn\/index.php\/wp-json\/wp\/v2\/types\/product"}],"replies":[{"embeddable":true,"href":"https:\/\/www.tondeusetunisie.tn\/index.php\/wp-json\/wp\/v2\/comments?post=6800"}],"wp:featuredmedia":[{"embeddable":true,"href":"https:\/\/www.tondeusetunisie.tn\/index.php\/wp-json\/wp\/v2\/media\/6790"}],"wp:attachment":[{"href":"https:\/\/www.tondeusetunisie.tn\/index.php\/wp-json\/wp\/v2\/media?parent=6800"}],"wp:term":[{"taxonomy":"product_brand","embeddable":true,"href":"https:\/\/www.tondeusetunisie.tn\/index.php\/wp-json\/wp\/v2\/product_brand?post=6800"},{"taxonomy":"product_cat","embeddable":true,"href":"https:\/\/www.tondeusetunisie.tn\/index.php\/wp-json\/wp\/v2\/product_cat?post=6800"},{"taxonomy":"product_tag","embeddable":true,"href":"https:\/\/www.tondeusetunisie.tn\/index.php\/wp-json\/wp\/v2\/product_tag?post=6800"}],"curies":[{"name":"wp","href":"https:\/\/api.w.org\/{rel}","templated":true}]}}