{"id":6898,"date":"2026-02-08T18:10:51","date_gmt":"2026-02-08T17:10:51","guid":{"rendered":"https:\/\/www.vgrstore.tn\/index.php\/product\/tondeuse-a-cheveux-vgr-v-036\/"},"modified":"2026-02-08T18:12:19","modified_gmt":"2026-02-08T17:12:19","slug":"tondeuse-a-cheveux-vgr-v-036","status":"publish","type":"product","link":"https:\/\/www.tondeusetunisie.tn\/index.php\/product\/tondeuse-a-cheveux-vgr-v-036\/","title":{"rendered":"Tondeuse \u00e0 cheveux VGR V-036"},"content":{"rendered":"<p>La tondeuse VGR V-036 est un mod\u00e8le professionnel \u00e9l\u00e9gant au design original, dot\u00e9 des derni\u00e8res technologies pour une coupe de cheveux confortable et sans effort. D&#8217;une simplicit\u00e9 d&#8217;utilisation remarquable, elle est id\u00e9ale pour un usage professionnel comme personnel. Son design unique vous permettra de vous d\u00e9marquer et de marquer les esprits de vos nouveaux clients.<\/p>\n<p>Le mod\u00e8le VGR V-036 est \u00e9quip\u00e9 d&#8217;une lame fixe de 46 mm de large. Mont\u00e9e sur un m\u00e9canisme de r\u00e9glage de longueur \u00e0 5 positions fixes (de 0,8 \u00e0 3 mm), cette lame permet une s\u00e9lection pr\u00e9cise de la longueur de cheveux souhait\u00e9e, pour des transitions douces et harmonieuses. Chaque sabot offre un r\u00e9glage de longueur suppl\u00e9mentaire. Fabriqu\u00e9e en acier inoxydable de haute qualit\u00e9 et aff\u00fbt\u00e9e avec pr\u00e9cision, la lame garantit une coupe nette et pr\u00e9cise. La lame sup\u00e9rieure est rev\u00eatue de titane, tandis que la lame inf\u00e9rieure b\u00e9n\u00e9ficie d&#8217;un rev\u00eatement DLC sp\u00e9cial pour une utilisation fiable et durable, pr\u00e9servant ainsi le tranchant et la pr\u00e9cision des lames. Que vous soyez coiffeur professionnel ou amateur, la tondeuse VGR est l&#8217;outil id\u00e9al pour une coupe de cheveux impeccable.<\/p>\n<p>La tondeuse est aliment\u00e9e par une batterie Li-Ion int\u00e9gr\u00e9e de 2 600 mAh, offrant 200 minutes d&#8217;autonomie et une charge compl\u00e8te en seulement 4 heures. La batterie au lithium \u00e9tant sans effet m\u00e9moire, elle peut \u00eatre recharg\u00e9e \u00e0 tout moment, quel que soit son niveau de charge. La tondeuse est ainsi id\u00e9ale pour une utilisation continue, vous assurant d&#8217;avoir toujours un outil charg\u00e9 \u00e0 port\u00e9e de main. Elle peut \u00e9galement \u00eatre branch\u00e9e sur n&#8217;importe quel adaptateur secteur pour une utilisation prolong\u00e9e.<\/p>\n<p>Le mod\u00e8le VGR V-036 est \u00e9quip\u00e9 d&#8217;un puissant moteur rotatif \u00e0 haute fr\u00e9quence et faible niveau sonore. Ce moteur tourne \u00e0 8 000 tr\/min, garantissant une coupe nette m\u00eame sur les cheveux les plus \u00e9pais. Un \u00e9cran LED d\u00e9di\u00e9, int\u00e9gr\u00e9 au bo\u00eetier, affiche l&#8217;autonomie restante de la batterie et indique \u00e9galement quand lubrifier ou nettoyer le bloc de lames.<\/p>\n<p>Le design de cette tondeuse est r\u00e9solument moderne et unique, offrant une excellente ergonomie. Gr\u00e2ce \u00e0 sa construction m\u00e9tallique robuste et \u00e0 son design \u00e9l\u00e9gant et tendance, cette tondeuse est con\u00e7ue pour r\u00e9sister \u00e0 une utilisation quotidienne intensive en salon de coiffure. Son interface de chargement USB est universelle, vous permettant de la recharger avec n&#8217;importe quel adaptateur secteur et de l&#8217;utiliser partout dans le monde.<\/p>\n<p>Caract\u00e9ristiques de la machine VGR V-036 :<\/p>\n<p>machine sans fil<br \/>\nCapacit\u00e9 \u00e0 fonctionner \u00e0 partir du r\u00e9seau<br \/>\nConception originale et bonne ergonomie<br \/>\nlargeur du bloc de couteaux 46 mm<br \/>\nCoupe minimale 0,8 mm<br \/>\n5 r\u00e9glages fixes de longueur de coupe de cheveux : 0,8 \u00e0 3 mm<br \/>\nLame en acier inoxydable avec rev\u00eatement en titane et DLC<br \/>\nMoteur rotatif avec une fr\u00e9quence maximale de 8000 tr\/min<br \/>\nAffichage d&#8217;informations LED<br \/>\nBatterie Li-Ion 2600 mAh<br \/>\nFonctionnement autonome jusqu&#8217;\u00e0 200 minutes<br \/>\nTemps de charge : 4 heures<br \/>\nCompris:<\/p>\n<p>Machine \u00e0 \u00e9crire<br \/>\nDocumentation<br \/>\nc\u00e2ble de chargement USB-C<br \/>\ncapuchon de protection pour couteau<br \/>\n8 accessoires de coupe : 1,5 \u2013 3 \u2013 4,5 \u2013 6 \u2013 10 \u2013 13 \u2013 16 \u2013 19 mm<br \/>\nBrosse d&#8217;entretien de la machine<br \/>\nhuile lubrifiante pour couteaux<\/p>\n<p>Source: https:\/\/vicshop.com.ua\/parikmaherskie-instrumenty\/mashinki-dlya-strizhki\/mashinki-vgr\/v036.html<\/p>\n","protected":false},"excerpt":{"rendered":"<p>La tondeuse VGR V-036 est un mod\u00e8le professionnel \u00e9l\u00e9gant au design original, dot\u00e9 des derni\u00e8res technologies pour une coupe de cheveux confortable et sans effort. D&#8217;une simplicit\u00e9 d&#8217;utilisation remarquable, elle est id\u00e9ale pour un usage professionnel comme personnel. Son design unique vous permettra de vous d\u00e9marquer et de marquer les esprits de vos nouveaux clients. &hellip;<\/p>\n<p class=\"read-more\"> <a class=\"\" href=\"https:\/\/www.tondeusetunisie.tn\/index.php\/product\/tondeuse-a-cheveux-vgr-v-036\/\"> <span class=\"screen-reader-text\">Tondeuse \u00e0 cheveux VGR V-036<\/span> \u0642\u0631\u0627\u0621\u0629 \u0627\u0644\u0645\u0632\u064a\u062f &raquo;<\/a><\/p>\n","protected":false},"featured_media":6900,"comment_status":"open","ping_status":"closed","template":"","meta":{"_uag_custom_page_level_css":"","site-sidebar-layout":"default","site-content-layout":"default","ast-global-header-display":"","ast-main-header-display":"","ast-hfb-above-header-display":"","ast-hfb-below-header-display":"","ast-hfb-mobile-header-display":"","site-post-title":"","ast-breadcrumbs-content":"","ast-featured-img":"","footer-sml-layout":"","theme-transparent-header-meta":"","adv-header-id-meta":"","stick-header-meta":"","header-above-stick-meta":"","header-main-stick-meta":"","header-below-stick-meta":"","_joinchat":[],"jetpack_publicize_message":"","jetpack_publicize_feature_enabled":true,"jetpack_social_post_already_shared":true,"jetpack_social_options":{"image_generator_settings":{"template":"highway","default_image_id":0,"font":"","enabled":false},"version":2}},"product_brand":[],"product_cat":[31],"product_tag":[],"class_list":{"0":"post-6898","1":"product","2":"type-product","3":"status-publish","4":"has-post-thumbnail","6":"product_cat-produit","7":"product_shipping_class-8-dt","8":"desktop-align-center","9":"tablet-align-left","10":"mobile-align-left","12":"first","13":"instock","14":"sale","15":"shipping-taxable","16":"purchasable","17":"product-type-simple"},"jetpack_publicize_connections":[],"uagb_featured_image_src":{"full":["https:\/\/www.tondeusetunisie.tn\/wp-content\/uploads\/2026\/02\/1000065944.jpg",800,800,false],"thumbnail":["https:\/\/www.tondeusetunisie.tn\/wp-content\/uploads\/2026\/02\/1000065944-150x150.jpg",150,150,true],"medium":["https:\/\/www.tondeusetunisie.tn\/wp-content\/uploads\/2026\/02\/1000065944-300x300.jpg",300,300,true],"medium_large":["https:\/\/www.tondeusetunisie.tn\/wp-content\/uploads\/2026\/02\/1000065944-768x768.jpg",768,768,true],"large":["https:\/\/www.tondeusetunisie.tn\/wp-content\/uploads\/2026\/02\/1000065944.jpg",800,800,false],"1536x1536":["https:\/\/www.tondeusetunisie.tn\/wp-content\/uploads\/2026\/02\/1000065944.jpg",800,800,false],"2048x2048":["https:\/\/www.tondeusetunisie.tn\/wp-content\/uploads\/2026\/02\/1000065944.jpg",800,800,false],"woocommerce_thumbnail":["https:\/\/www.tondeusetunisie.tn\/wp-content\/uploads\/2026\/02\/1000065944-300x300.jpg",300,300,true],"woocommerce_single":["https:\/\/www.tondeusetunisie.tn\/wp-content\/uploads\/2026\/02\/1000065944-600x600.jpg",600,600,true],"woocommerce_gallery_thumbnail":["https:\/\/www.tondeusetunisie.tn\/wp-content\/uploads\/2026\/02\/1000065944-100x100.jpg",100,100,true]},"uagb_author_info":{"display_name":"admin5942","author_link":"https:\/\/www.tondeusetunisie.tn\/index.php\/author\/"},"uagb_comment_info":0,"uagb_excerpt":"La tondeuse VGR V-036 est un mod\u00e8le professionnel \u00e9l\u00e9gant au design original, dot\u00e9 des derni\u00e8res technologies pour une coupe de cheveux confortable et sans effort. D&#8217;une simplicit\u00e9 d&#8217;utilisation remarquable, elle est id\u00e9ale pour un usage professionnel comme personnel. Son design unique vous permettra de vous d\u00e9marquer et de marquer les esprits de vos nouveaux clients.&hellip;","jetpack_sharing_enabled":true,"jetpack_likes_enabled":true,"_links":{"self":[{"href":"https:\/\/www.tondeusetunisie.tn\/index.php\/wp-json\/wp\/v2\/product\/6898","targetHints":{"allow":["GET"]}}],"collection":[{"href":"https:\/\/www.tondeusetunisie.tn\/index.php\/wp-json\/wp\/v2\/product"}],"about":[{"href":"https:\/\/www.tondeusetunisie.tn\/index.php\/wp-json\/wp\/v2\/types\/product"}],"replies":[{"embeddable":true,"href":"https:\/\/www.tondeusetunisie.tn\/index.php\/wp-json\/wp\/v2\/comments?post=6898"}],"wp:featuredmedia":[{"embeddable":true,"href":"https:\/\/www.tondeusetunisie.tn\/index.php\/wp-json\/wp\/v2\/media\/6900"}],"wp:attachment":[{"href":"https:\/\/www.tondeusetunisie.tn\/index.php\/wp-json\/wp\/v2\/media?parent=6898"}],"wp:term":[{"taxonomy":"product_brand","embeddable":true,"href":"https:\/\/www.tondeusetunisie.tn\/index.php\/wp-json\/wp\/v2\/product_brand?post=6898"},{"taxonomy":"product_cat","embeddable":true,"href":"https:\/\/www.tondeusetunisie.tn\/index.php\/wp-json\/wp\/v2\/product_cat?post=6898"},{"taxonomy":"product_tag","embeddable":true,"href":"https:\/\/www.tondeusetunisie.tn\/index.php\/wp-json\/wp\/v2\/product_tag?post=6898"}],"curies":[{"name":"wp","href":"https:\/\/api.w.org\/{rel}","templated":true}]}}