{"id":6934,"date":"2026-02-13T14:09:17","date_gmt":"2026-02-13T13:09:17","guid":{"rendered":"https:\/\/www.vgrstore.tn\/index.php\/product\/combo-tandeuse-v-880t-880-c\/"},"modified":"2026-03-23T13:44:22","modified_gmt":"2026-03-23T12:44:22","slug":"combo-tandeuse-v-880t-880-c","status":"publish","type":"product","link":"https:\/\/www.tondeusetunisie.tn\/index.php\/product\/combo-tandeuse-v-880t-880-c\/","title":{"rendered":"combo  Tandeuse V-880T + 880-C"},"content":{"rendered":"<p>D\u00e9couvrez la tondeuse VGR, con\u00e7ue pour offrir une exp\u00e9rience de coupe pr\u00e9cise, rapide et confortable. Gr\u00e2ce \u00e0 son moteur puissant \u00e0 double syst\u00e8me atteignant 9000 tours\/minute, elle garantit une performance \u00e9lev\u00e9e adapt\u00e9e \u00e0 tous les types de cheveux.<br \/>\n\ud83d\udd27 Caract\u00e9ristiques principales :<br \/>\n\u2705 Design m\u00e9tallique robuste avec une excellente durabilit\u00e9<br \/>\n\u2705 Autonomie longue dur\u00e9e jusqu\u2019\u00e0 240\u2013250 minutes<br \/>\n\u2705 \u00c9cran LED int\u00e9gr\u00e9 pour un contr\u00f4le facile du niveau de batterie et de l\u2019utilisation<br \/>\n\u2705 Puissance pour une coupe fluide et efficace<br \/>\n\u2705 Lames en acier inoxydable et rev\u00eatement DLC r\u00e9sistantes \u00e0 la rouille pour une pr\u00e9cision optimale<br \/>\n\u2705 Moteur double haute performance<br \/>\n\u2705 Rechargeable (DC 5V 1A)<br \/>\n\u2705 Temps de charge : 2,5 \u00e0 3 heures<br \/>\n\u2705 Tension universelle 100\u2013240V (id\u00e9ale pour les voyages)<br \/>\n\u2705 Nettoyage facile \u00e0 sec avec brosse<br \/>\n\u2705 Garantie : 1 an<\/p>\n","protected":false},"excerpt":{"rendered":"<p>D\u00e9couvrez la tondeuse VGR, con\u00e7ue pour offrir une exp\u00e9rience de coupe pr\u00e9cise, rapide et confortable. Gr\u00e2ce \u00e0 son moteur puissant \u00e0 double syst\u00e8me atteignant 9000 tours\/minute, elle garantit une performance \u00e9lev\u00e9e adapt\u00e9e \u00e0 tous les types de cheveux. \ud83d\udd27 Caract\u00e9ristiques principales : \u2705 Design m\u00e9tallique robuste avec une excellente durabilit\u00e9 \u2705 Autonomie longue dur\u00e9e jusqu\u2019\u00e0 &hellip;<\/p>\n<p class=\"read-more\"> <a class=\"\" href=\"https:\/\/www.tondeusetunisie.tn\/index.php\/product\/combo-tandeuse-v-880t-880-c\/\"> <span class=\"screen-reader-text\">combo  Tandeuse V-880T + 880-C<\/span> \u0642\u0631\u0627\u0621\u0629 \u0627\u0644\u0645\u0632\u064a\u062f &raquo;<\/a><\/p>\n","protected":false},"featured_media":6932,"comment_status":"open","ping_status":"closed","template":"","meta":{"_uag_custom_page_level_css":"","site-sidebar-layout":"default","site-content-layout":"default","ast-global-header-display":"","ast-main-header-display":"","ast-hfb-above-header-display":"","ast-hfb-below-header-display":"","ast-hfb-mobile-header-display":"","site-post-title":"","ast-breadcrumbs-content":"","ast-featured-img":"","footer-sml-layout":"","theme-transparent-header-meta":"","adv-header-id-meta":"","stick-header-meta":"","header-above-stick-meta":"","header-main-stick-meta":"","header-below-stick-meta":"","_joinchat":[],"jetpack_publicize_message":"","jetpack_publicize_feature_enabled":true,"jetpack_social_post_already_shared":true,"jetpack_social_options":{"image_generator_settings":{"template":"highway","default_image_id":0,"font":"","enabled":false},"version":2}},"product_brand":[],"product_cat":[31],"product_tag":[],"class_list":{"0":"post-6934","1":"product","2":"type-product","3":"status-publish","4":"has-post-thumbnail","6":"product_cat-produit","7":"product_shipping_class-8-dt","8":"desktop-align-center","9":"tablet-align-left","10":"mobile-align-left","12":"first","13":"instock","14":"sale","15":"shipping-taxable","16":"purchasable","17":"product-type-simple"},"jetpack_publicize_connections":[],"uagb_featured_image_src":{"full":["https:\/\/www.tondeusetunisie.tn\/wp-content\/uploads\/2026\/02\/1000066786.jpg",1200,1200,false],"thumbnail":["https:\/\/www.tondeusetunisie.tn\/wp-content\/uploads\/2026\/02\/1000066786-150x150.jpg",150,150,true],"medium":["https:\/\/www.tondeusetunisie.tn\/wp-content\/uploads\/2026\/02\/1000066786-300x300.jpg",300,300,true],"medium_large":["https:\/\/www.tondeusetunisie.tn\/wp-content\/uploads\/2026\/02\/1000066786-768x768.jpg",768,768,true],"large":["https:\/\/www.tondeusetunisie.tn\/wp-content\/uploads\/2026\/02\/1000066786-1024x1024.jpg",1024,1024,true],"1536x1536":["https:\/\/www.tondeusetunisie.tn\/wp-content\/uploads\/2026\/02\/1000066786.jpg",1200,1200,false],"2048x2048":["https:\/\/www.tondeusetunisie.tn\/wp-content\/uploads\/2026\/02\/1000066786.jpg",1200,1200,false],"woocommerce_thumbnail":["https:\/\/www.tondeusetunisie.tn\/wp-content\/uploads\/2026\/02\/1000066786-300x300.jpg",300,300,true],"woocommerce_single":["https:\/\/www.tondeusetunisie.tn\/wp-content\/uploads\/2026\/02\/1000066786-600x600.jpg",600,600,true],"woocommerce_gallery_thumbnail":["https:\/\/www.tondeusetunisie.tn\/wp-content\/uploads\/2026\/02\/1000066786-100x100.jpg",100,100,true]},"uagb_author_info":{"display_name":"admin5942","author_link":"https:\/\/www.tondeusetunisie.tn\/index.php\/author\/"},"uagb_comment_info":0,"uagb_excerpt":"D\u00e9couvrez la tondeuse VGR, con\u00e7ue pour offrir une exp\u00e9rience de coupe pr\u00e9cise, rapide et confortable. Gr\u00e2ce \u00e0 son moteur puissant \u00e0 double syst\u00e8me atteignant 9000 tours\/minute, elle garantit une performance \u00e9lev\u00e9e adapt\u00e9e \u00e0 tous les types de cheveux. \ud83d\udd27 Caract\u00e9ristiques principales : \u2705 Design m\u00e9tallique robuste avec une excellente durabilit\u00e9 \u2705 Autonomie longue dur\u00e9e jusqu\u2019\u00e0&hellip;","jetpack_sharing_enabled":true,"jetpack_likes_enabled":true,"_links":{"self":[{"href":"https:\/\/www.tondeusetunisie.tn\/index.php\/wp-json\/wp\/v2\/product\/6934","targetHints":{"allow":["GET"]}}],"collection":[{"href":"https:\/\/www.tondeusetunisie.tn\/index.php\/wp-json\/wp\/v2\/product"}],"about":[{"href":"https:\/\/www.tondeusetunisie.tn\/index.php\/wp-json\/wp\/v2\/types\/product"}],"replies":[{"embeddable":true,"href":"https:\/\/www.tondeusetunisie.tn\/index.php\/wp-json\/wp\/v2\/comments?post=6934"}],"wp:featuredmedia":[{"embeddable":true,"href":"https:\/\/www.tondeusetunisie.tn\/index.php\/wp-json\/wp\/v2\/media\/6932"}],"wp:attachment":[{"href":"https:\/\/www.tondeusetunisie.tn\/index.php\/wp-json\/wp\/v2\/media?parent=6934"}],"wp:term":[{"taxonomy":"product_brand","embeddable":true,"href":"https:\/\/www.tondeusetunisie.tn\/index.php\/wp-json\/wp\/v2\/product_brand?post=6934"},{"taxonomy":"product_cat","embeddable":true,"href":"https:\/\/www.tondeusetunisie.tn\/index.php\/wp-json\/wp\/v2\/product_cat?post=6934"},{"taxonomy":"product_tag","embeddable":true,"href":"https:\/\/www.tondeusetunisie.tn\/index.php\/wp-json\/wp\/v2\/product_tag?post=6934"}],"curies":[{"name":"wp","href":"https:\/\/api.w.org\/{rel}","templated":true}]}}